{"id":4372,"date":"2022-05-10T15:31:18","date_gmt":"2022-05-10T15:31:18","guid":{"rendered":"https:\/\/retirodegondramaz.pt\/om\/"},"modified":"2024-02-24T15:25:39","modified_gmt":"2024-02-24T15:25:39","slug":"om","status":"publish","type":"page","link":"https:\/\/retirodegondramaz.pt\/da\/om\/","title":{"rendered":"Om"},"content":{"rendered":"\t\t<div data-elementor-type=\"wp-page\" data-elementor-id=\"4372\" class=\"elementor elementor-4372 elementor-750\" data-elementor-post-type=\"page\">\n\t\t\t\t\t\t<section class=\"elementor-section elementor-top-section elementor-element elementor-element-e39a842 elementor-section-boxed elementor-section-height-default elementor-section-height-default\" data-id=\"e39a842\" data-element_type=\"section\" data-e-type=\"section\" data-settings=\"{&quot;background_background&quot;:&quot;classic&quot;}\">\n\t\t\t\t\t\t\t<div class=\"elementor-background-overlay\"><\/div>\n\t\t\t\t\t\t\t<div class=\"elementor-container elementor-column-gap-default\">\n\t\t\t\t\t<div class=\"elementor-column elementor-col-100 elementor-top-column elementor-element elementor-element-4119d8a\" data-id=\"4119d8a\" data-element_type=\"column\" data-e-type=\"column\">\n\t\t\t<div class=\"elementor-widget-wrap elementor-element-populated\">\n\t\t\t\t\t\t<div class=\"elementor-element elementor-element-6b1a539 elementor-widget elementor-widget-heading\" data-id=\"6b1a539\" data-element_type=\"widget\" data-e-type=\"widget\" data-widget_type=\"heading.default\">\n\t\t\t\t<div class=\"elementor-widget-container\">\n\t\t\t\t\t<h2 class=\"elementor-heading-title elementor-size-default\">Om<\/h2>\t\t\t\t<\/div>\n\t\t\t\t<\/div>\n\t\t\t\t<div class=\"elementor-element elementor-element-6034b09 elementor-widget elementor-widget-heading\" data-id=\"6034b09\" data-element_type=\"widget\" data-e-type=\"widget\" data-widget_type=\"heading.default\">\n\t\t\t\t<div class=\"elementor-widget-container\">\n\t\t\t\t\t<h6 class=\"elementor-heading-title elementor-size-default\">\"Natur, skifersten, afsides landsby\"<\/h6>\t\t\t\t<\/div>\n\t\t\t\t<\/div>\n\t\t\t\t\t<\/div>\n\t\t<\/div>\n\t\t\t\t\t<\/div>\n\t\t<\/section>\n\t\t\t\t<section class=\"elementor-section elementor-top-section elementor-element elementor-element-7cf28bf elementor-section-boxed elementor-section-height-default elementor-section-height-default\" data-id=\"7cf28bf\" data-element_type=\"section\" data-e-type=\"section\">\n\t\t\t\t\t\t<div class=\"elementor-container elementor-column-gap-default\">\n\t\t\t\t\t<div class=\"elementor-column elementor-col-100 elementor-top-column elementor-element elementor-element-8d2a44d\" data-id=\"8d2a44d\" data-element_type=\"column\" data-e-type=\"column\">\n\t\t\t<div class=\"elementor-widget-wrap elementor-element-populated\">\n\t\t\t\t\t\t<div class=\"elementor-element elementor-element-e2ec30d elementor-drop-cap-yes elementor-drop-cap-view-default elementor-widget elementor-widget-text-editor\" data-id=\"e2ec30d\" data-element_type=\"widget\" data-e-type=\"widget\" data-settings=\"{&quot;drop_cap&quot;:&quot;yes&quot;}\" data-widget_type=\"text-editor.default\">\n\t\t\t\t<div class=\"elementor-widget-container\">\n\t\t\t\t\t\t\t\t\t<p>Gondramaz er et sted med naturlig sk\u00f8nhed, der er forsvundet i tiden.<br>&nbsp;Det var muligt p\u00e5 bekostning af de fysiske adgangsvanskeligheder, der var indtil for nylig, da vejen til landsbyen blev repareret.  <br>Miguel Torga, der selv var l\u00e6ge og boede et par kilometer v\u00e6k i landsbyen Vila Nova, beskrev, hvor sv\u00e6rt det var at komme til Gondramaz. Landsbyen forblev intakt indtil for f\u00e5 \u00e5r siden og er nu gradvist ved at blive restaureret med alle foranstaltninger og afgr\u00e6nsninger p\u00e5 plads, hvilket g\u00f8r den til et s\u00e6rligt sted, hvor bes\u00f8gende inviteres til at rejse snesevis af \u00e5r tilbage i tiden.<\/p>\n<p>Gondramaz bevarer fordums arkitektur, floraen med de mange planter, faunaen med hjorte og r\u00e6ve samt den foryngende friske luft fra toppen af bjerget. Ud over alle disse aspekter har den stadig nogle faste indbyggere, s\u00e5som den velkendte hyrdinde Carminda, som vi kan kalde landsbyens herskerinde.<\/p>\n<p>Retiro de Gondramaz er med sit areal p\u00e5 208 m2 et stort rum sammenlignet med andre typiske huse i skiferlandsbyer. Det skyldes, at dette refugium oprindeligt bestod af to huse, som senere blev sat sammen, og hvor gaden, der l\u00f8b gennem midten, gav plads til det, der nu er stuen.&nbsp;<\/p>\n<p>Retiro de Gondramaz har bevaret sin oprindelige struktur, som er lavet af solide sten og bjergfliser. Lokalet blev for nylig fuldst\u00e6ndig restaureret for at give en hyggelig atmosf\u00e6re og den komfort, vi er vant til i dag.<\/p>\n<p>Kombinationen af denne charmerende landsby og dette historiske hus p\u00e5 dette sted giver mulighed for at tage en pause fra nutidens hektiske liv og opleve et tilbagetog med fred og charme.<\/p>\t\t\t\t\t\t\t\t<\/div>\n\t\t\t\t<\/div>\n\t\t\t\t\t<\/div>\n\t\t<\/div>\n\t\t\t\t\t<\/div>\n\t\t<\/section>\n\t\t\t\t<\/div>\n\t\t","protected":false},"excerpt":{"rendered":"<p>Om &#8220;Natur, skifersten, afsides landsby&#8221; Gondramaz er et sted med naturlig sk\u00f8nhed, der er forsvundet i tiden.&nbsp;Det var muligt p\u00e5 bekostning af de fysiske adgangsvanskeligheder, der var indtil for nylig, da vejen til landsbyen blev repareret. Miguel Torga, der selv var l\u00e6ge og boede et par kilometer v\u00e6k i landsbyen Vila Nova, beskrev, hvor sv\u00e6rt [&hellip;]<\/p>\n","protected":false},"author":1,"featured_media":0,"parent":0,"menu_order":0,"comment_status":"closed","ping_status":"closed","template":"elementor_header_footer","meta":{"inline_featured_image":false,"footnotes":""},"class_list":["post-4372","page","type-page","status-publish","hentry"],"_links":{"self":[{"href":"https:\/\/retirodegondramaz.pt\/da\/wp-json\/wp\/v2\/pages\/4372","targetHints":{"allow":["GET"]}}],"collection":[{"href":"https:\/\/retirodegondramaz.pt\/da\/wp-json\/wp\/v2\/pages"}],"about":[{"href":"https:\/\/retirodegondramaz.pt\/da\/wp-json\/wp\/v2\/types\/page"}],"author":[{"embeddable":true,"href":"https:\/\/retirodegondramaz.pt\/da\/wp-json\/wp\/v2\/users\/1"}],"replies":[{"embeddable":true,"href":"https:\/\/retirodegondramaz.pt\/da\/wp-json\/wp\/v2\/comments?post=4372"}],"version-history":[{"count":1,"href":"https:\/\/retirodegondramaz.pt\/da\/wp-json\/wp\/v2\/pages\/4372\/revisions"}],"predecessor-version":[{"id":4376,"href":"https:\/\/retirodegondramaz.pt\/da\/wp-json\/wp\/v2\/pages\/4372\/revisions\/4376"}],"wp:attachment":[{"href":"https:\/\/retirodegondramaz.pt\/da\/wp-json\/wp\/v2\/media?parent=4372"}],"curies":[{"name":"wp","href":"https:\/\/api.w.org\/{rel}","templated":true}]}}