{"id":5740,"date":"2026-02-02T19:58:11","date_gmt":"2026-02-02T19:58:11","guid":{"rendered":"https:\/\/retirodegondramaz.pt\/cookie-politik\/"},"modified":"2026-04-17T08:30:49","modified_gmt":"2026-04-17T08:30:49","slug":"cookie-politik","status":"publish","type":"page","link":"https:\/\/retirodegondramaz.pt\/da\/cookie-politik\/","title":{"rendered":"Cookie-politik"},"content":{"rendered":"\t\t<div data-elementor-type=\"wp-page\" data-elementor-id=\"5740\" class=\"elementor elementor-5740 elementor-5400\" data-elementor-post-type=\"page\">\n\t\t\t\t<div class=\"elementor-element elementor-element-695f1c2 e-con-full e-flex e-con e-parent\" data-id=\"695f1c2\" data-element_type=\"container\" data-e-type=\"container\">\n\t\t\t\t<div class=\"elementor-element elementor-element-6c9f204 elementor-widget elementor-widget-template\" data-id=\"6c9f204\" data-element_type=\"widget\" data-e-type=\"widget\" data-widget_type=\"template.default\">\n\t\t\t\t<div class=\"elementor-widget-container\">\n\t\t\t\t\t\t\t<div class=\"elementor-template\">\n\t\t\t\t\t<div data-elementor-type=\"container\" data-elementor-id=\"5347\" class=\"elementor elementor-5347\" data-elementor-post-type=\"elementor_library\">\n\t\t\t\t<div class=\"elementor-element elementor-element-581f22ab e-flex e-con-boxed e-con e-parent\" data-id=\"581f22ab\" data-element_type=\"container\" data-e-type=\"container\" data-settings=\"{&quot;background_background&quot;:&quot;classic&quot;}\">\n\t\t\t\t\t<div class=\"e-con-inner\">\n\t\t<div class=\"elementor-element elementor-element-5ca40de e-con-full e-flex e-con e-child\" data-id=\"5ca40de\" data-element_type=\"container\" data-e-type=\"container\">\n\t\t\t\t<div class=\"elementor-element elementor-element-72769c51 elementor-widget elementor-widget-heading\" data-id=\"72769c51\" data-element_type=\"widget\" data-e-type=\"widget\" data-widget_type=\"heading.default\">\n\t\t\t\t<div class=\"elementor-widget-container\">\n\t\t\t\t\t<h2 class=\"elementor-heading-title elementor-size-default\">Cookie-politik<\/h2>\t\t\t\t<\/div>\n\t\t\t\t<\/div>\n\t\t\t\t<div class=\"elementor-element elementor-element-3249376f elementor-widget elementor-widget-heading\" data-id=\"3249376f\" data-element_type=\"widget\" data-e-type=\"widget\" data-widget_type=\"heading.default\">\n\t\t\t\t<div class=\"elementor-widget-container\">\n\t\t\t\t\t<h6 class=\"elementor-heading-title elementor-size-default\">\u00faltima actualiza\u00e7\u00e3o em 2026-02-11<\/h6>\t\t\t\t<\/div>\n\t\t\t\t<\/div>\n\t\t\t\t<\/div>\n\t\t\t\t\t<\/div>\n\t\t\t\t<\/div>\n\t\t\t\t<\/div>\n\t\t\t\t<\/div>\n\t\t\t\t\t\t<\/div>\n\t\t\t\t<\/div>\n\t\t\t\t<\/div>\n\t\t<div class=\"elementor-element elementor-element-b89085e e-flex e-con-boxed e-con e-parent\" data-id=\"b89085e\" data-element_type=\"container\" data-e-type=\"container\">\n\t\t\t\t\t<div class=\"e-con-inner\">\n\t\t\t\t<div class=\"elementor-element elementor-element-227ebac elementor-widget elementor-widget-html\" data-id=\"227ebac\" data-element_type=\"widget\" data-e-type=\"widget\" data-widget_type=\"html.default\">\n\t\t\t\t<div class=\"elementor-widget-container\">\n\t\t\t\t\t<!-- Start CookieYes cookie policy -->\r\n<style>\r\n  a.cky-banner-element {\r\n    padding: 8px 30px;\r\n    background: #f8f9fa;\r\n    color: #696969;\r\n    border: 1px solid #dee2e6;\r\n    box-sizing: border-box;\r\n    border-radius: 2px;\r\n    cursor: pointer\r\n  }\r\n  \r\n  .cky-audit-table-element,.cookie-policy-p{font-weight:400;color:#696969;font-family:Old Standard TT;font-size:20px;line-height:1.8;}\r\n  \r\n<\/style>\r\n\r\n<h3>Hvad er cookies?<\/h3>\r\n<div class=\"cookie-policy-p\">\r\n  <p>Denne cookiepolitik forklarer, hvad cookies er, hvordan vi bruger dem, hvilke typer cookies vi bruger (f.eks. de oplysninger, vi indsamler, n\u00e5r vi bruger cookies, og hvordan disse oplysninger bruges), og hvordan du administrerer dine cookieindstillinger.<\/p>\r\n  <p>Cookies er sm\u00e5 tekstfiler, der bruges til at gemme visse oplysninger. De gemmes p\u00e5 din enhed, n\u00e5r et websted indl\u00e6ses i din browser. Disse cookies hj\u00e6lper med at sikre, at hjemmesiden fungerer korrekt, forbedrer sikkerheden, giver en bedre brugeroplevelse og analyserer ydeevnen for at identificere, hvad der fungerer korrekt, og hvad der skal forbedres.<\/p>\r\n<\/div>&nbsp;<h3>Hvordan bruger vi cookies?<\/h3>\r\n<div class=\"cookie-policy-p\">\r\n  <p>Som de fleste onlinetjenester bruger vores hjemmeside sine egne cookies og tredjepartscookies til forskellige form\u00e5l. Egne cookies er afg\u00f8rende for, at hjemmesiden fungerer korrekt, og de indsamler ingen personligt identificerbare data.<\/p>\r\n  <p>De tredjepartscookies, der bruges p\u00e5 vores websted, hj\u00e6lper os prim\u00e6rt med at forst\u00e5, hvordan det reagerer; spore, hvordan du interagerer med det; beskytte vores tjenester; tilbyde reklame af interesse for dig; og forbedre din brugeroplevelse generelt, samtidig med at vi optimerer hastigheden af dine efterf\u00f8lgende interaktioner p\u00e5 vores websted.<\/p>\r\n<\/div>&nbsp;<h2>Typer af cookies, vi bruger<\/h2>\r\n<div class=\"cky-audit-table-element\"><\/div>&nbsp;<h2 style=\"margin-bottom: 20px\">Administrer cookie-pr\u00e6ferencer<\/h2><a class=\"cky-banner-element\">Pr\u00e6ferencer for samtykke<\/a><br><br><div>\r\n  <p style=\"font-weight:400;color:#696969;font-family:Old Standard TT;font-size:20px;line-height:1.8;\">Du kan til enhver tid \u00e6ndre dine cookieindstillinger ved at klikke p\u00e5 knappen Samtykkepr\u00e6ferencer \u00f8verst. Denne mulighed giver dig mulighed for at genbes\u00f8ge banneret for cookie-samtykke og opdatere dine pr\u00e6ferencer eller tr\u00e6kke dit samtykke tilbage med det samme.<\/p>\r\n  <p style=\"font-weight:400;color:#696969;font-family:Old Standard TT;font-size:20px;line-height:1.8;\">Desuden tilbyder forskellige browsere forskellige metoder til at blokere og slette cookies, der bruges af websteder. Du kan \u00e6ndre dine browserindstillinger for at blokere eller slette cookies. Nedenfor finder du links til hj\u00e6lpedokumenter om, hvordan du administrerer og sletter cookies i de vigtigste webbrowsere.<\/p>\r\n  <p>Krom: <a target=\"_blank\" rel=\"noopener noreferrer\" href=\"https:\/\/support.google.com\/accounts\/answer\/32050\">https:\/\/support.google.com\/accounts\/answer\/32050<\/a><\/p>\r\n  <p>Safari: <a target=\"_blank\" rel=\"noopener noreferrer\" href=\"https:\/\/support.apple.com\/en-in\/guide\/safari\/sfri11471\/mac\">https:\/\/support.apple.com\/en-in\/guide\/safari\/sfri11471\/mac<\/a><\/p>\r\n  <p>Firefox: <a target=\"_blank\" rel=\"noopener noreferrer\" href=\"https:\/\/support.mozilla.org\/en-US\/kb\/clear-cookies-and-site-data-firefox?redirectslug=delete-cookies-remove-info-websites-stored&amp;redirectlocale=en-US\">https:\/\/support.mozilla.org\/en-US\/kb\/clear-cookies-and-site-data-firefox?redirectslug=delete-cookies-remove-info-websites-stored&amp;redirectlocale=en-US<\/a><\/p>\r\n  <p>Internet Explorer: <a target=\"_blank\" rel=\"noopener noreferrer\" href=\"https:\/\/support.microsoft.com\/en-us\/topic\/how-to-delete-cookie-files-in-internet-explorer-bca9446f-d873-78de-77ba-d42645fa52fc\">https:\/\/support.microsoft.com\/en-us\/topic\/how-to-delete-cookie-files-in-internet-explorer-bca9446f-d873-78de-77ba-d42645fa52fc<\/a><\/p>\r\n  <p style=\"font-weight:400;color:#696969;font-family:Old Standard TT;font-size:20px;line-height:1.8;\">Hvis du bruger en anden browser, bedes du konsultere dens officielle hj\u00e6lpedokumentation.<\/p>\r\n<\/div>&nbsp;<p class=\"cookie-policy-p\">  CookieYes har genereret denne cookiepolitik <a target=\"_blank\" rel=\"noopener noreferrer\" href=\"https:\/\/www.cookieyes.com\/?utm_source=CP&amp;utm_medium=footer&amp;utm_campaign=UW\">- cookiepolitik-generator<\/a><\/p>\r\n<!-- End CookieYes cookie policy -->\t\t\t\t<\/div>\n\t\t\t\t<\/div>\n\t\t\t\t\t<\/div>\n\t\t\t\t<\/div>\n\t\t\t\t<\/div>\n\t\t","protected":false},"excerpt":{"rendered":"<p>Hvad er cookies? Denne cookiepolitik forklarer, hvad cookies er, hvordan vi bruger dem, hvilke typer cookies vi bruger (f.eks. de oplysninger, vi indsamler, n\u00e5r vi bruger cookies, og hvordan disse oplysninger bruges), og hvordan du administrerer dine cookieindstillinger. Cookies er sm\u00e5 tekstfiler, der bruges til at gemme visse oplysninger. De gemmes p\u00e5 din enhed, n\u00e5r [&hellip;]<\/p>\n","protected":false},"author":1,"featured_media":0,"parent":0,"menu_order":0,"comment_status":"closed","ping_status":"closed","template":"","meta":{"inline_featured_image":false,"footnotes":""},"class_list":["post-5740","page","type-page","status-publish","hentry"],"_links":{"self":[{"href":"https:\/\/retirodegondramaz.pt\/da\/wp-json\/wp\/v2\/pages\/5740","targetHints":{"allow":["GET"]}}],"collection":[{"href":"https:\/\/retirodegondramaz.pt\/da\/wp-json\/wp\/v2\/pages"}],"about":[{"href":"https:\/\/retirodegondramaz.pt\/da\/wp-json\/wp\/v2\/types\/page"}],"author":[{"embeddable":true,"href":"https:\/\/retirodegondramaz.pt\/da\/wp-json\/wp\/v2\/users\/1"}],"replies":[{"embeddable":true,"href":"https:\/\/retirodegondramaz.pt\/da\/wp-json\/wp\/v2\/comments?post=5740"}],"version-history":[{"count":1,"href":"https:\/\/retirodegondramaz.pt\/da\/wp-json\/wp\/v2\/pages\/5740\/revisions"}],"predecessor-version":[{"id":5741,"href":"https:\/\/retirodegondramaz.pt\/da\/wp-json\/wp\/v2\/pages\/5740\/revisions\/5741"}],"wp:attachment":[{"href":"https:\/\/retirodegondramaz.pt\/da\/wp-json\/wp\/v2\/media?parent=5740"}],"curies":[{"name":"wp","href":"https:\/\/api.w.org\/{rel}","templated":true}]}}