{"id":5776,"date":"2026-01-29T17:36:06","date_gmt":"2026-01-29T17:36:06","guid":{"rendered":"https:\/\/retirodegondramaz.pt\/politik-for-beskyttelse-af-personlige-oplysninger\/"},"modified":"2026-04-17T08:36:33","modified_gmt":"2026-04-17T08:36:33","slug":"politik-for-beskyttelse-af-personlige-oplysninger","status":"publish","type":"page","link":"https:\/\/retirodegondramaz.pt\/da\/politik-for-beskyttelse-af-personlige-oplysninger\/","title":{"rendered":"Politik for beskyttelse af personlige oplysninger"},"content":{"rendered":"\t\t<div data-elementor-type=\"wp-page\" data-elementor-id=\"5776\" class=\"elementor elementor-5776 elementor-5354\" data-elementor-post-type=\"page\">\n\t\t\t\t<div class=\"elementor-element elementor-element-9aa3f72 e-con-full e-flex e-con e-parent\" data-id=\"9aa3f72\" data-element_type=\"container\" data-e-type=\"container\">\n\t\t\t\t<div class=\"elementor-element elementor-element-9233867 elementor-widget elementor-widget-template\" data-id=\"9233867\" data-element_type=\"widget\" data-e-type=\"widget\" data-widget_type=\"template.default\">\n\t\t\t\t<div class=\"elementor-widget-container\">\n\t\t\t\t\t\t\t<div class=\"elementor-template\">\n\t\t\t\t\t<div data-elementor-type=\"container\" data-elementor-id=\"5347\" class=\"elementor elementor-5347\" data-elementor-post-type=\"elementor_library\">\n\t\t\t\t<div class=\"elementor-element elementor-element-581f22ab e-flex e-con-boxed e-con e-parent\" data-id=\"581f22ab\" data-element_type=\"container\" data-e-type=\"container\" data-settings=\"{&quot;background_background&quot;:&quot;classic&quot;}\">\n\t\t\t\t\t<div class=\"e-con-inner\">\n\t\t<div class=\"elementor-element elementor-element-5ca40de e-con-full e-flex e-con e-child\" data-id=\"5ca40de\" data-element_type=\"container\" data-e-type=\"container\">\n\t\t\t\t<div class=\"elementor-element elementor-element-72769c51 elementor-widget elementor-widget-heading\" data-id=\"72769c51\" data-element_type=\"widget\" data-e-type=\"widget\" data-widget_type=\"heading.default\">\n\t\t\t\t<div class=\"elementor-widget-container\">\n\t\t\t\t\t<h2 class=\"elementor-heading-title elementor-size-default\">Politik for beskyttelse af personlige oplysninger<\/h2>\t\t\t\t<\/div>\n\t\t\t\t<\/div>\n\t\t\t\t<div class=\"elementor-element elementor-element-3249376f elementor-widget elementor-widget-heading\" data-id=\"3249376f\" data-element_type=\"widget\" data-e-type=\"widget\" data-widget_type=\"heading.default\">\n\t\t\t\t<div class=\"elementor-widget-container\">\n\t\t\t\t\t<h6 class=\"elementor-heading-title elementor-size-default\">\u00faltima actualiza\u00e7\u00e3o em 2026-02-11<\/h6>\t\t\t\t<\/div>\n\t\t\t\t<\/div>\n\t\t\t\t<\/div>\n\t\t\t\t\t<\/div>\n\t\t\t\t<\/div>\n\t\t\t\t<\/div>\n\t\t\t\t<\/div>\n\t\t\t\t\t\t<\/div>\n\t\t\t\t<\/div>\n\t\t\t\t<\/div>\n\t\t<div class=\"elementor-element elementor-element-960dd2b e-flex e-con-boxed e-con e-parent\" data-id=\"960dd2b\" data-element_type=\"container\" data-e-type=\"container\">\n\t\t\t\t\t<div class=\"e-con-inner\">\n\t\t\t\t<div class=\"elementor-element elementor-element-e644d99 elementor-widget elementor-widget-text-editor\" data-id=\"e644d99\" data-element_type=\"widget\" data-e-type=\"widget\" data-widget_type=\"text-editor.default\">\n\t\t\t\t<div class=\"elementor-widget-container\">\n\t\t\t\t\t\t\t\t\t<p>Denne privatlivspolitik g\u00e6lder for alle personlige data, der kan indsamles inden for rammerne af dette websted https:\/\/retirodegondramaz.pt\/ eller dets tilsvarende variant https:\/\/www.retirodegondramaz.pt\/ (i det f\u00f8lgende ben\u00e6vnt &#8220;webstedet&#8221; eller &#8220;webstedet&#8221;).<\/p>\n<p>Vi anser fortroligheden af vores bes\u00f8gendes data for at v\u00e6re af st\u00f8rste vigtighed. Denne privatlivspolitik forklarer, hvordan vi bruger de oplysninger, vi indsamler fra bes\u00f8gende p\u00e5 webstedet, men ogs\u00e5 hvordan bes\u00f8gende kan instruere os i brugen af dem, nemlig at begr\u00e6nse brugen af disse oplysninger, \u00e6ndre dem eller slette dem. <\/p>\n<p>Ved at bruge dette websted accepterer du denne privatlivspolitik, og at den kan \u00e6ndres til enhver tid.<\/p>\n<p>Den <b>dataansvarlige<\/b><br>Jo\u00e3o Val\u00e9rio de Matos Pereira, med NIF: 212891820 og adresse Rua da Ponte Nova, 80, 3220-240 Miranda do Corvo, er ansvarlig for behandlingen af brugerens personoplysninger, der kan indsamles p\u00e5 dette websted.<\/p>\n<p>Kontaktpersoner:<br>Telefon: 969 545 536 <sup>(1)<\/sup><br>E-mail: joaovaleriopereira@gmail.com<\/p>\n<p><b>Hvordan indsamler vi dine data, hvilke data indsamles, og til hvilket form\u00e5l indsamles de?<\/b><\/p>\n<p>Der indsamles data fra dig p\u00e5 dette websted, n\u00e5r du udfylder formularen, f.eks. f\u00f8lgende data:<\/p>\n<ul>\n<li>Navn<\/li>\n<li>E-mail<\/li>\n<li>Mobiltelefonnummer<\/li>\n<li>Check-in og Check-out datoer<\/li>\n<li>Antal g\u00e6ster<\/li>\n<\/ul>\n<p>Vi indsamler ovenst\u00e5ende oplysninger &#8211; navn, e-mail, mobiltelefon, datoer og antal g\u00e6ster &#8211; for at administrere din booking, arrangere ankomst\/afrejse og klarg\u00f8re huset. Vi kan bruge dine kontaktoplysninger i tilf\u00e6lde af uforudsete omst\u00e6ndigheder eller til at sende en bekr\u00e6ftelse. <\/p>\n<p>N\u00e5r reservationen foretages via eksterne platforme (f.eks. Booking.com, Airbnb, Expedia, Vrbo eller andre), indsamles personoplysninger oprindeligt af disse enheder, der fungerer som uafh\u00e6ngige dataansvarlige.<br data-start=\"1965\" data-end=\"1968\">I disse tilf\u00e6lde modtager Retiro de Gondramaz kun de data, der er n\u00f8dvendige for udf\u00f8relsen af opholdet, og behandler dem som dataansvarlig med henblik p\u00e5 at administrere reservationen, juridiske forpligtelser og levering af tjenesten.<\/p>\n<p>Med hensyn til brugen af cookies p\u00e5 dette websted kan du l\u00e6se vores <a href=\"https:\/\/retirodegondramaz.pt\/da\/cookie-politik\/\">cookiepolitik<\/a> her.<\/p>\n<p><b>Hvor l\u00e6nge opbevarer vi de data, der indsamles via hjemmesiden?<\/b><\/p>\n<p>Vi opbevarer kun dine personlige data i den periode, der er strengt n\u00f8dvendig for at opfylde de form\u00e5l, de blev indsamlet til:<\/p>\n<ul>\n<li>Bookingadministration: De data, der angives i formularen (navn, e-mail, mobiltelefon og oplysninger om opholdet), opbevares under hele bookingprocessen og indtil afslutningen af dit ophold.<\/li>\n<li>Juridiske og skattem\u00e6ssige forpligtelser: Efter opholdet er vi if\u00f8lge loven forpligtet til at opbevare g\u00e6stens fakturerings- og registreringsdata (s\u00e5som navn og betalingshistorik) i en periode p\u00e5 10 \u00e5r til skatte- og revisionsform\u00e5l.<\/li>\n<li>Kundesupport: Hvis du har kontaktet os, men ikke har foretaget en reservation, vil dine data blive slettet efter 6 m\u00e5neder fra den sidste kontakt for at lette fremtidig kommunikation p\u00e5 din anmodning.<\/li>\n<\/ul>\n<p>S\u00e5 snart der ikke l\u00e6ngere er brug for dataene, sletter vi dem.<\/p>\n<p>Med henblik p\u00e5 at administrere og udf\u00f8re bookingen kan personoplysninger deles med tekniske leverand\u00f8rer og bookingplatforme, der fungerer som underleverand\u00f8rer eller uafh\u00e6ngige dataansvarlige, nemlig TalkGuest, bookingformidlingsplatforme (f.eks. Booking.com, Airbnb, VRBO, Expedia).<br>Denne behandling er n\u00f8dvendig for udf\u00f8relsen af hostingkontrakten og opfyldelsen af juridiske forpligtelser.<\/p>\n<p>Under alle omst\u00e6ndigheder har hver bes\u00f8gende eller kunde i henhold til den generelle databeskyttelsesforordning (GDPR) ret til at f\u00e5 adgang til deres data, til at rette deres data, til at tr\u00e6kke samtykke til databehandling tilbage, ret til dataportabilitet og ret til at slette data (medmindre der er en juridisk hindring for dette).<\/p>\n<p><b>Datasikkerhed<\/b><\/p>\n<p>Vi har implementeret fysiske og teknologiske sikkerhedsforanstaltninger for at holde dine personlige oplysninger sikre.<br>Vi bruger ogs\u00e5 kryptering til at beskytte f\u00f8lsomme oplysninger, der overf\u00f8res via dette websted, da det bruger et SSL-certifikat (Secure Socket Layer).<\/p>\n<p>De computere\/servere, som dette websted er placeret p\u00e5, opbevares i et sikkert milj\u00f8 af hostingudbyderen.<\/p>\n<p><b>Dine rettigheder i forhold til persondata indsamlet p\u00e5 dette websted:<br><\/b><br> Du har ret til at vide, hvorfor dine persondata er n\u00f8dvendige, hvad der sker med dem, og hvor l\u00e6nge de vil blive opbevaret.<\/p>\n<p>Ret til adgang: Du har ret til at f\u00e5 adgang til dine personlige data, som vi har kendskab til.<\/p>\n<p>Ret til berigtigelse: Du har ret til at supplere, rette eller slette dine persondata, n\u00e5r du \u00f8nsker det.<br>Hvis du har givet os dit samtykke til at behandle dine data, har du ret til at tilbagekalde dette samtykke og f\u00e5 dine persondata slettet.<\/p>\n<p>Ret til portabilitet: Du kan anmode om alle dine personlige data i en organiseret form, s\u00e5 de kan videregives til en anden enhed.<\/p>\n<p>Ret til sletning: Du kan g\u00f8re indsigelse mod behandlingen af dine data. Hvis du anmoder om det, sletter vi dem, medmindre vi er juridisk forhindret i at g\u00f8re det. <\/p>\n<p>Kontakt os for at ud\u00f8ve en af disse rettigheder. Se kontaktoplysningerne nederst p\u00e5 denne side. Hvis du har en klage over, hvordan vi bruger dine data, vil vi gerne h\u00f8re fra dig.  <\/p>\n<p><b>Links til eksterne hjemmesider<\/b><\/p>\n<p>Denne privatlivspolitik g\u00e6lder kun for dette websted.<br>Dette websted indeholder links til eksterne websteder. N\u00e5r du klikker p\u00e5 disse links til eksterne hjemmesider og g\u00e5r ind p\u00e5 dem, p\u00e5tager vi os intet ansvar for deres adf\u00e6rd eller deres privatlivspolitik. <\/p>\n<p><b>Kontaktoplysninger<\/b><br>Kontaktpersoner:<br>Telefon: 969 545 536<sup>(1)<\/sup><br>E-mail: joaovaleriopereira@gmail.com<br>Fysisk adresse: Rua da Ponte Nova, 80, 3220-240 Miranda do Corvo<\/p>\n<p><span style=\"font-size: 85%;\">(1) Opkald til nationalt mobilnetv\u00e6rk<\/span><\/p>\t\t\t\t\t\t\t\t<\/div>\n\t\t\t\t<\/div>\n\t\t\t\t\t<\/div>\n\t\t\t\t<\/div>\n\t\t\t\t<\/div>\n\t\t","protected":false},"excerpt":{"rendered":"<p>Denne privatlivspolitik g\u00e6lder for alle personlige data, der kan indsamles inden for rammerne af dette websted https:\/\/retirodegondramaz.pt\/ eller dets tilsvarende variant https:\/\/www.retirodegondramaz.pt\/ (i det f\u00f8lgende ben\u00e6vnt &#8220;webstedet&#8221; eller &#8220;webstedet&#8221;). Vi anser fortroligheden af vores bes\u00f8gendes data for at v\u00e6re af st\u00f8rste vigtighed. Denne privatlivspolitik forklarer, hvordan vi bruger de oplysninger, vi indsamler fra bes\u00f8gende p\u00e5 [&hellip;]<\/p>\n","protected":false},"author":1,"featured_media":0,"parent":0,"menu_order":0,"comment_status":"closed","ping_status":"closed","template":"","meta":{"inline_featured_image":false,"footnotes":""},"class_list":["post-5776","page","type-page","status-publish","hentry"],"_links":{"self":[{"href":"https:\/\/retirodegondramaz.pt\/da\/wp-json\/wp\/v2\/pages\/5776","targetHints":{"allow":["GET"]}}],"collection":[{"href":"https:\/\/retirodegondramaz.pt\/da\/wp-json\/wp\/v2\/pages"}],"about":[{"href":"https:\/\/retirodegondramaz.pt\/da\/wp-json\/wp\/v2\/types\/page"}],"author":[{"embeddable":true,"href":"https:\/\/retirodegondramaz.pt\/da\/wp-json\/wp\/v2\/users\/1"}],"replies":[{"embeddable":true,"href":"https:\/\/retirodegondramaz.pt\/da\/wp-json\/wp\/v2\/comments?post=5776"}],"version-history":[{"count":1,"href":"https:\/\/retirodegondramaz.pt\/da\/wp-json\/wp\/v2\/pages\/5776\/revisions"}],"predecessor-version":[{"id":5777,"href":"https:\/\/retirodegondramaz.pt\/da\/wp-json\/wp\/v2\/pages\/5776\/revisions\/5777"}],"wp:attachment":[{"href":"https:\/\/retirodegondramaz.pt\/da\/wp-json\/wp\/v2\/media?parent=5776"}],"curies":[{"name":"wp","href":"https:\/\/api.w.org\/{rel}","templated":true}]}}