{"id":4432,"date":"2022-05-10T15:31:18","date_gmt":"2022-05-10T15:31:18","guid":{"rendered":"https:\/\/retirodegondramaz.pt\/ueber\/"},"modified":"2024-02-24T20:16:56","modified_gmt":"2024-02-24T20:16:56","slug":"ueber","status":"publish","type":"page","link":"https:\/\/retirodegondramaz.pt\/de\/ueber\/","title":{"rendered":"\u00dcber"},"content":{"rendered":"\t\t<div data-elementor-type=\"wp-page\" data-elementor-id=\"4432\" class=\"elementor elementor-4432 elementor-750\" data-elementor-post-type=\"page\">\n\t\t\t\t\t\t<section class=\"elementor-section elementor-top-section elementor-element elementor-element-e39a842 elementor-section-boxed elementor-section-height-default elementor-section-height-default\" data-id=\"e39a842\" data-element_type=\"section\" data-e-type=\"section\" data-settings=\"{&quot;background_background&quot;:&quot;classic&quot;}\">\n\t\t\t\t\t\t\t<div class=\"elementor-background-overlay\"><\/div>\n\t\t\t\t\t\t\t<div class=\"elementor-container elementor-column-gap-default\">\n\t\t\t\t\t<div class=\"elementor-column elementor-col-100 elementor-top-column elementor-element elementor-element-4119d8a\" data-id=\"4119d8a\" data-element_type=\"column\" data-e-type=\"column\">\n\t\t\t<div class=\"elementor-widget-wrap elementor-element-populated\">\n\t\t\t\t\t\t<div class=\"elementor-element elementor-element-6b1a539 elementor-widget elementor-widget-heading\" data-id=\"6b1a539\" data-element_type=\"widget\" data-e-type=\"widget\" data-widget_type=\"heading.default\">\n\t\t\t\t<div class=\"elementor-widget-container\">\n\t\t\t\t\t<h2 class=\"elementor-heading-title elementor-size-default\">\u00dcber<\/h2>\t\t\t\t<\/div>\n\t\t\t\t<\/div>\n\t\t\t\t<div class=\"elementor-element elementor-element-6034b09 elementor-widget elementor-widget-heading\" data-id=\"6034b09\" data-element_type=\"widget\" data-e-type=\"widget\" data-widget_type=\"heading.default\">\n\t\t\t\t<div class=\"elementor-widget-container\">\n\t\t\t\t\t<h6 class=\"elementor-heading-title elementor-size-default\">\"Natur, Schiefergestein, Abgelegenes Dorf\"<\/h6>\t\t\t\t<\/div>\n\t\t\t\t<\/div>\n\t\t\t\t\t<\/div>\n\t\t<\/div>\n\t\t\t\t\t<\/div>\n\t\t<\/section>\n\t\t\t\t<section class=\"elementor-section elementor-top-section elementor-element elementor-element-7cf28bf elementor-section-boxed elementor-section-height-default elementor-section-height-default\" data-id=\"7cf28bf\" data-element_type=\"section\" data-e-type=\"section\">\n\t\t\t\t\t\t<div class=\"elementor-container elementor-column-gap-default\">\n\t\t\t\t\t<div class=\"elementor-column elementor-col-100 elementor-top-column elementor-element elementor-element-8d2a44d\" data-id=\"8d2a44d\" data-element_type=\"column\" data-e-type=\"column\">\n\t\t\t<div class=\"elementor-widget-wrap elementor-element-populated\">\n\t\t\t\t\t\t<div class=\"elementor-element elementor-element-e2ec30d elementor-drop-cap-yes elementor-drop-cap-view-default elementor-widget elementor-widget-text-editor\" data-id=\"e2ec30d\" data-element_type=\"widget\" data-e-type=\"widget\" data-settings=\"{&quot;drop_cap&quot;:&quot;yes&quot;}\" data-widget_type=\"text-editor.default\">\n\t\t\t\t<div class=\"elementor-widget-container\">\n\t\t\t\t\t\t\t\t\t<p>Gondramaz ist ein Ort von nat\u00fcrlicher Sch\u00f6nheit, verloren in der Zeit.<br>&nbsp;Dies war m\u00f6glich auf Kosten der Schwierigkeiten beim Zugang zu diesem Ort, die bis vor kurzem bestanden, als die Stra\u00dfe zum Dorf repariert wurde.  <br>Miguel Torga selbst, der als Arzt einige Kilometer entfernt in dem Dorf Vila Nova lebt, beschrieb die Schwierigkeiten, nach Gondramaz zu gelangen. Das Dorf blieb bis vor einigen Jahren unversehrt und wird nun nach und nach mit allen Ma\u00dfnahmen und Abgrenzungen restauriert, was es zu einem besonderen Ort macht, an dem die Besucher eingeladen sind, Dutzende von Jahren zur\u00fcckzureisen.<\/p>\n<p>Gondramaz bewahrt die Architektur vergangener Zeiten, die Flora der vielf\u00e4ltigen Vegetation, die Fauna der Rehe und F\u00fcchse sowie die erfrischende Luft auf dem Gipfel des Berges. Dar\u00fcber hinaus gibt es noch einige st\u00e4ndige Einwohner, wie die bekannte Hirtin Carminda, die wir als die Herrin des Dorfes bezeichnen k\u00f6nnen.<\/p>\n<p>Der Retiro de Gondramaz ist mit einer Fl\u00e4che von 208 m2 im Vergleich zu anderen typischen H\u00e4usern in Schieferd\u00f6rfern sehr gro\u00df. Das liegt daran, dass dieser R\u00fcckzugsort urspr\u00fcnglich aus zwei H\u00e4usern bestand, die sp\u00e4ter miteinander verbunden wurden, wobei die Stra\u00dfe, die durch die Mitte verlief, dem heutigen Wohnzimmer Platz machte.&nbsp;<\/p>\n<p>Der Retiro de Gondramaz hat seine urspr\u00fcngliche Struktur aus massivem Stein und Bergziegeln vollst\u00e4ndig bewahrt. Der Raum wurde vor kurzem komplett renoviert, um eine gem\u00fctliche Atmosph\u00e4re und den Komfort zu schaffen, den wir heute gewohnt sind.<\/p>\n<p>Die Kombination aus diesem charmanten Dorf und diesem historischen Haus bietet die M\u00f6glichkeit, eine Auszeit vom hektischen Alltag zu nehmen und einen R\u00fcckzugsort mit Ruhe und Charme zu erleben.<\/p>\t\t\t\t\t\t\t\t<\/div>\n\t\t\t\t<\/div>\n\t\t\t\t\t<\/div>\n\t\t<\/div>\n\t\t\t\t\t<\/div>\n\t\t<\/section>\n\t\t\t\t<\/div>\n\t\t","protected":false},"excerpt":{"rendered":"<p>\u00dcber &#8222;Natur, Schiefergestein, Abgelegenes Dorf&#8220; Gondramaz ist ein Ort von nat\u00fcrlicher Sch\u00f6nheit, verloren in der Zeit.&nbsp;Dies war m\u00f6glich auf Kosten der Schwierigkeiten beim Zugang zu diesem Ort, die bis vor kurzem bestanden, als die Stra\u00dfe zum Dorf repariert wurde. Miguel Torga selbst, der als Arzt einige Kilometer entfernt in dem Dorf Vila Nova lebt, beschrieb [&hellip;]<\/p>\n","protected":false},"author":1,"featured_media":0,"parent":0,"menu_order":0,"comment_status":"closed","ping_status":"closed","template":"elementor_header_footer","meta":{"inline_featured_image":false,"footnotes":""},"class_list":["post-4432","page","type-page","status-publish","hentry"],"_links":{"self":[{"href":"https:\/\/retirodegondramaz.pt\/de\/wp-json\/wp\/v2\/pages\/4432","targetHints":{"allow":["GET"]}}],"collection":[{"href":"https:\/\/retirodegondramaz.pt\/de\/wp-json\/wp\/v2\/pages"}],"about":[{"href":"https:\/\/retirodegondramaz.pt\/de\/wp-json\/wp\/v2\/types\/page"}],"author":[{"embeddable":true,"href":"https:\/\/retirodegondramaz.pt\/de\/wp-json\/wp\/v2\/users\/1"}],"replies":[{"embeddable":true,"href":"https:\/\/retirodegondramaz.pt\/de\/wp-json\/wp\/v2\/comments?post=4432"}],"version-history":[{"count":1,"href":"https:\/\/retirodegondramaz.pt\/de\/wp-json\/wp\/v2\/pages\/4432\/revisions"}],"predecessor-version":[{"id":4436,"href":"https:\/\/retirodegondramaz.pt\/de\/wp-json\/wp\/v2\/pages\/4432\/revisions\/4436"}],"wp:attachment":[{"href":"https:\/\/retirodegondramaz.pt\/de\/wp-json\/wp\/v2\/media?parent=4432"}],"curies":[{"name":"wp","href":"https:\/\/api.w.org\/{rel}","templated":true}]}}