{"id":5721,"date":"2026-02-11T16:18:16","date_gmt":"2026-02-11T16:18:16","guid":{"rendered":"https:\/\/retirodegondramaz.pt\/bedingungen-und-konditionen\/"},"modified":"2026-04-17T08:36:34","modified_gmt":"2026-04-17T08:36:34","slug":"bedingungen-und-konditionen","status":"publish","type":"page","link":"https:\/\/retirodegondramaz.pt\/de\/bedingungen-und-konditionen\/","title":{"rendered":"Bedingungen und Konditionen"},"content":{"rendered":"\t\t<div data-elementor-type=\"wp-page\" data-elementor-id=\"5721\" class=\"elementor elementor-5721 elementor-5576\" data-elementor-post-type=\"page\">\n\t\t\t\t<div class=\"elementor-element elementor-element-61ae7a2 e-con-full e-flex e-con e-parent\" data-id=\"61ae7a2\" data-element_type=\"container\" data-e-type=\"container\">\n\t\t\t\t<div class=\"elementor-element elementor-element-58cc1ba elementor-widget elementor-widget-template\" data-id=\"58cc1ba\" data-element_type=\"widget\" data-e-type=\"widget\" data-widget_type=\"template.default\">\n\t\t\t\t<div class=\"elementor-widget-container\">\n\t\t\t\t\t\t\t<div class=\"elementor-template\">\n\t\t\t\t\t<div data-elementor-type=\"container\" data-elementor-id=\"5347\" class=\"elementor elementor-5347\" data-elementor-post-type=\"elementor_library\">\n\t\t\t\t<div class=\"elementor-element elementor-element-581f22ab e-flex e-con-boxed e-con e-parent\" data-id=\"581f22ab\" data-element_type=\"container\" data-e-type=\"container\" data-settings=\"{&quot;background_background&quot;:&quot;classic&quot;}\">\n\t\t\t\t\t<div class=\"e-con-inner\">\n\t\t<div class=\"elementor-element elementor-element-5ca40de e-con-full e-flex e-con e-child\" data-id=\"5ca40de\" data-element_type=\"container\" data-e-type=\"container\">\n\t\t\t\t<div class=\"elementor-element elementor-element-72769c51 elementor-widget elementor-widget-heading\" data-id=\"72769c51\" data-element_type=\"widget\" data-e-type=\"widget\" data-widget_type=\"heading.default\">\n\t\t\t\t<div class=\"elementor-widget-container\">\n\t\t\t\t\t<h2 class=\"elementor-heading-title elementor-size-default\">Bedingungen und Konditionen<\/h2>\t\t\t\t<\/div>\n\t\t\t\t<\/div>\n\t\t\t\t<div class=\"elementor-element elementor-element-3249376f elementor-widget elementor-widget-heading\" data-id=\"3249376f\" data-element_type=\"widget\" data-e-type=\"widget\" data-widget_type=\"heading.default\">\n\t\t\t\t<div class=\"elementor-widget-container\">\n\t\t\t\t\t<h6 class=\"elementor-heading-title elementor-size-default\">\u00faltima actualiza\u00e7\u00e3o em 2026-02-11<\/h6>\t\t\t\t<\/div>\n\t\t\t\t<\/div>\n\t\t\t\t<\/div>\n\t\t\t\t\t<\/div>\n\t\t\t\t<\/div>\n\t\t\t\t<\/div>\n\t\t\t\t<\/div>\n\t\t\t\t\t\t<\/div>\n\t\t\t\t<\/div>\n\t\t\t\t<\/div>\n\t\t<div class=\"elementor-element elementor-element-727aff0 e-flex e-con-boxed e-con e-parent\" data-id=\"727aff0\" data-element_type=\"container\" data-e-type=\"container\">\n\t\t\t\t\t<div class=\"e-con-inner\">\n\t\t\t\t<div class=\"elementor-element elementor-element-8bc24aa elementor-widget elementor-widget-heading\" data-id=\"8bc24aa\" data-element_type=\"widget\" data-e-type=\"widget\" data-widget_type=\"heading.default\">\n\t\t\t\t<div class=\"elementor-widget-container\">\n\t\t\t\t\t<h2 class=\"elementor-heading-title elementor-size-default\">Einf\u00fchrung<\/h2>\t\t\t\t<\/div>\n\t\t\t\t<\/div>\n\t\t\t\t<div class=\"elementor-element elementor-element-7230529 elementor-widget elementor-widget-text-editor\" data-id=\"7230529\" data-element_type=\"widget\" data-e-type=\"widget\" data-widget_type=\"text-editor.default\">\n\t\t\t\t<div class=\"elementor-widget-container\">\n\t\t\t\t\t\t\t\t\t<p>Willkommen auf der Website von Retiro de Gondramaz mit der lokalen Unterkunftsregistrierung: 72178\/AL .<br>  Bitte lesen Sie diese Allgemeinen Gesch\u00e4ftsbedingungen, bevor Sie Ihre Reservierung vornehmen. Wenn Sie eine Buchung vornehmen oder unsere Dienste nutzen, erkl\u00e4ren Sie sich mit diesen Bedingungen sowie mit unserer Datenschutzrichtlinie und unserer Cookie-Richtlinie (unten verlinkt) einverstanden.<\/p>\t\t\t\t\t\t\t\t<\/div>\n\t\t\t\t<\/div>\n\t\t\t\t<div class=\"elementor-element elementor-element-81d516c elementor-widget elementor-widget-heading\" data-id=\"81d516c\" data-element_type=\"widget\" data-e-type=\"widget\" data-widget_type=\"heading.default\">\n\t\t\t\t<div class=\"elementor-widget-container\">\n\t\t\t\t\t<h2 class=\"elementor-heading-title elementor-size-default\">Dienstanbieter<\/h2>\t\t\t\t<\/div>\n\t\t\t\t<\/div>\n\t\t\t\t<div class=\"elementor-element elementor-element-5ee3c05 elementor-widget elementor-widget-text-editor\" data-id=\"5ee3c05\" data-element_type=\"widget\" data-e-type=\"widget\" data-widget_type=\"text-editor.default\">\n\t\t\t\t<div class=\"elementor-widget-container\">\n\t\t\t\t\t\t\t\t\t<p>Retiro de Gondramaz wird von Jo\u00e3o Val\u00e9rio de Matos Pereira betrieben, einem Einzelunternehmer mit der Umsatzsteuernummer 212891820 und der Adresse Rua da Ponte Nova, 80, 3220-240 Miranda do Corvo.<br>Sie k\u00f6nnen ihn schriftlich unter seiner E-Mail-Adresse joaovaleriopereira@gmail.com oder telefonisch unter <span style=\"font-size: 78%; font-family: lato;\">+351<\/span> 964367444 erreichen.<sup><span style=\"font-size: 90%;\">(1)<\/span><\/sup><\/p>\t\t\t\t\t\t\t\t<\/div>\n\t\t\t\t<\/div>\n\t\t\t\t<div class=\"elementor-element elementor-element-6208124 elementor-widget elementor-widget-heading\" data-id=\"6208124\" data-element_type=\"widget\" data-e-type=\"widget\" data-widget_type=\"heading.default\">\n\t\t\t\t<div class=\"elementor-widget-container\">\n\t\t\t\t\t<h2 class=\"elementor-heading-title elementor-size-default\">Preise<\/h2>\t\t\t\t<\/div>\n\t\t\t\t<\/div>\n\t\t\t\t<div class=\"elementor-element elementor-element-b32c97f elementor-widget elementor-widget-text-editor\" data-id=\"b32c97f\" data-element_type=\"widget\" data-e-type=\"widget\" data-widget_type=\"text-editor.default\">\n\t\t\t\t<div class=\"elementor-widget-container\">\n\t\t\t\t\t\t\t\t\t<p>Die auf der Website angegebenen Preise sind in Euro zu verstehen, einschlie\u00dflich Steuern und Geb\u00fchren, unter Ber\u00fccksichtigung der am Tag der Zahlung der Reservierung geltenden Mehrwertsteuer.<\/p>\t\t\t\t\t\t\t\t<\/div>\n\t\t\t\t<\/div>\n\t\t\t\t<div class=\"elementor-element elementor-element-25ad6fa elementor-widget elementor-widget-heading\" data-id=\"25ad6fa\" data-element_type=\"widget\" data-e-type=\"widget\" data-widget_type=\"heading.default\">\n\t\t\t\t<div class=\"elementor-widget-container\">\n\t\t\t\t\t<h2 class=\"elementor-heading-title elementor-size-default\">Zahlungsm\u00f6glichkeiten<\/h2>\t\t\t\t<\/div>\n\t\t\t\t<\/div>\n\t\t\t\t<div class=\"elementor-element elementor-element-538190e elementor-widget elementor-widget-text-editor\" data-id=\"538190e\" data-element_type=\"widget\" data-e-type=\"widget\" data-widget_type=\"text-editor.default\">\n\t\t\t\t<div class=\"elementor-widget-container\">\n\t\t\t\t\t\t\t\t\t<p>Wenn jemand eine Buchung \u00fcber die Kontaktdaten oder das Formular auf der Kontaktseite dieser Website vornehmen m\u00f6chte, werden die folgenden Zahlungsmethoden au\u00dferhalb der Website an den Kunden weitergegeben:<br>&#8211; Mbway<br>&#8211; Bank\u00fcberweisung<\/p>\n<p>Wenn die Buchung \u00fcber Partnerplattformen (und nicht \u00fcber diese Website) erfolgt, kann die Zahlungsabwicklung von Dritten durchgef\u00fchrt werden, die von diesen Plattformen ausgew\u00e4hlt werden, und es gelten deren Datenschutzbestimmungen und Nutzungsbedingungen.<\/p>\t\t\t\t\t\t\t\t<\/div>\n\t\t\t\t<\/div>\n\t\t\t\t<div class=\"elementor-element elementor-element-38da9f8 elementor-widget elementor-widget-heading\" data-id=\"38da9f8\" data-element_type=\"widget\" data-e-type=\"widget\" data-widget_type=\"heading.default\">\n\t\t\t\t<div class=\"elementor-widget-container\">\n\t\t\t\t\t<h2 class=\"elementor-heading-title elementor-size-default\">Kaution und Sch\u00e4den<\/h2>\t\t\t\t<\/div>\n\t\t\t\t<\/div>\n\t\t\t\t<div class=\"elementor-element elementor-element-cbf98e3 elementor-widget elementor-widget-text-editor\" data-id=\"cbf98e3\" data-element_type=\"widget\" data-e-type=\"widget\" data-widget_type=\"text-editor.default\">\n\t\t\t\t<div class=\"elementor-widget-container\">\n\t\t\t\t\t\t\t\t\t<p>Bei der Buchung des Aufenthalts ist eine Kaution von 250\u20ac zu hinterlegen, die bei der Abreise zur\u00fcckerstattet wird, sofern die R\u00e4umlichkeiten gut genutzt werden.<br>Nur 6 G\u00e4ste (maximal) sind w\u00e4hrend des Aufenthalts im Haus erlaubt.<\/p>\t\t\t\t\t\t\t\t<\/div>\n\t\t\t\t<\/div>\n\t\t\t\t<div class=\"elementor-element elementor-element-a9498bb elementor-widget elementor-widget-heading\" data-id=\"a9498bb\" data-element_type=\"widget\" data-e-type=\"widget\" data-widget_type=\"heading.default\">\n\t\t\t\t<div class=\"elementor-widget-container\">\n\t\t\t\t\t<h2 class=\"elementor-heading-title elementor-size-default\">Stornierungspolitik<\/h2>\t\t\t\t<\/div>\n\t\t\t\t<\/div>\n\t\t\t\t<div class=\"elementor-element elementor-element-0db7211 elementor-widget elementor-widget-text-editor\" data-id=\"0db7211\" data-element_type=\"widget\" data-e-type=\"widget\" data-widget_type=\"text-editor.default\">\n\t\t\t\t<div class=\"elementor-widget-container\">\n\t\t\t\t\t\t\t\t\t<p>Wenn die Stornierung innerhalb von 14 Tagen vor dem Anreisedatum erfolgt, kann der Betrag der Reservierung als Guthaben f\u00fcr eine zuk\u00fcnftige Reservierung in der Unterkunft verwendet werden. Reservierungen k\u00f6nnen nicht innerhalb von 14 Tagen nach dem Check-in storniert werden.<\/p>\t\t\t\t\t\t\t\t<\/div>\n\t\t\t\t<\/div>\n\t\t\t\t<div class=\"elementor-element elementor-element-5e10514 elementor-widget elementor-widget-heading\" data-id=\"5e10514\" data-element_type=\"widget\" data-e-type=\"widget\" data-widget_type=\"heading.default\">\n\t\t\t\t<div class=\"elementor-widget-container\">\n\t\t\t\t\t<h2 class=\"elementor-heading-title elementor-size-default\">Datenschutz<\/h2>\t\t\t\t<\/div>\n\t\t\t\t<\/div>\n\t\t\t\t<div class=\"elementor-element elementor-element-d589e59 elementor-widget elementor-widget-text-editor\" data-id=\"d589e59\" data-element_type=\"widget\" data-e-type=\"widget\" data-widget_type=\"text-editor.default\">\n\t\t\t\t<div class=\"elementor-widget-container\">\n\t\t\t\t\t\t\t\t\t<p>Ihre Daten werden in \u00dcbereinstimmung mit der Gesetzgebung zum Schutz pers\u00f6nlicher Daten verarbeitet. <br>Um mehr zu erfahren\/um die Datenschutzrichtlinie zu lesen <a href=\"https:\/\/retirodegondramaz.pt\/de\/datenschutzbestimmungen\/\" target=\"_blank\" rel=\"noopener\">, klicken Sie hier<\/a>.<br>Um mehr zu erfahren\/um die Cookie-Richtlinie zu lesen <a href=\"https:\/\/retirodegondramaz.pt\/de\/cookie-richtlinie\/\" target=\"_blank\" rel=\"noopener\">, klicken Sie hier<\/a>.<br><br><\/p>\t\t\t\t\t\t\t\t<\/div>\n\t\t\t\t<\/div>\n\t\t\t\t\t<\/div>\n\t\t\t\t<\/div>\n\t\t\t\t<\/div>\n\t\t","protected":false},"excerpt":{"rendered":"<p>Einf\u00fchrung Willkommen auf der Website von Retiro de Gondramaz mit der lokalen Unterkunftsregistrierung: 72178\/AL . Bitte lesen Sie diese Allgemeinen Gesch\u00e4ftsbedingungen, bevor Sie Ihre Reservierung vornehmen. Wenn Sie eine Buchung vornehmen oder unsere Dienste nutzen, erkl\u00e4ren Sie sich mit diesen Bedingungen sowie mit unserer Datenschutzrichtlinie und unserer Cookie-Richtlinie (unten verlinkt) einverstanden. Dienstanbieter Retiro de Gondramaz [&hellip;]<\/p>\n","protected":false},"author":1,"featured_media":0,"parent":0,"menu_order":0,"comment_status":"closed","ping_status":"closed","template":"","meta":{"inline_featured_image":false,"footnotes":""},"class_list":["post-5721","page","type-page","status-publish","hentry"],"_links":{"self":[{"href":"https:\/\/retirodegondramaz.pt\/de\/wp-json\/wp\/v2\/pages\/5721","targetHints":{"allow":["GET"]}}],"collection":[{"href":"https:\/\/retirodegondramaz.pt\/de\/wp-json\/wp\/v2\/pages"}],"about":[{"href":"https:\/\/retirodegondramaz.pt\/de\/wp-json\/wp\/v2\/types\/page"}],"author":[{"embeddable":true,"href":"https:\/\/retirodegondramaz.pt\/de\/wp-json\/wp\/v2\/users\/1"}],"replies":[{"embeddable":true,"href":"https:\/\/retirodegondramaz.pt\/de\/wp-json\/wp\/v2\/comments?post=5721"}],"version-history":[{"count":3,"href":"https:\/\/retirodegondramaz.pt\/de\/wp-json\/wp\/v2\/pages\/5721\/revisions"}],"predecessor-version":[{"id":5784,"href":"https:\/\/retirodegondramaz.pt\/de\/wp-json\/wp\/v2\/pages\/5721\/revisions\/5784"}],"wp:attachment":[{"href":"https:\/\/retirodegondramaz.pt\/de\/wp-json\/wp\/v2\/media?parent=5721"}],"curies":[{"name":"wp","href":"https:\/\/api.w.org\/{rel}","templated":true}]}}