{"id":5747,"date":"2026-02-02T19:58:11","date_gmt":"2026-02-02T19:58:11","guid":{"rendered":"https:\/\/retirodegondramaz.pt\/cookie-richtlinie\/"},"modified":"2026-04-17T08:31:03","modified_gmt":"2026-04-17T08:31:03","slug":"cookie-richtlinie","status":"publish","type":"page","link":"https:\/\/retirodegondramaz.pt\/de\/cookie-richtlinie\/","title":{"rendered":"Cookie-Richtlinie"},"content":{"rendered":"\t\t<div data-elementor-type=\"wp-page\" data-elementor-id=\"5747\" class=\"elementor elementor-5747 elementor-5400\" data-elementor-post-type=\"page\">\n\t\t\t\t<div class=\"elementor-element elementor-element-695f1c2 e-con-full e-flex e-con e-parent\" data-id=\"695f1c2\" data-element_type=\"container\" data-e-type=\"container\">\n\t\t\t\t<div class=\"elementor-element elementor-element-6c9f204 elementor-widget elementor-widget-template\" data-id=\"6c9f204\" data-element_type=\"widget\" data-e-type=\"widget\" data-widget_type=\"template.default\">\n\t\t\t\t<div class=\"elementor-widget-container\">\n\t\t\t\t\t\t\t<div class=\"elementor-template\">\n\t\t\t\t\t<div data-elementor-type=\"container\" data-elementor-id=\"5347\" class=\"elementor elementor-5347\" data-elementor-post-type=\"elementor_library\">\n\t\t\t\t<div class=\"elementor-element elementor-element-581f22ab e-flex e-con-boxed e-con e-parent\" data-id=\"581f22ab\" data-element_type=\"container\" data-e-type=\"container\" data-settings=\"{&quot;background_background&quot;:&quot;classic&quot;}\">\n\t\t\t\t\t<div class=\"e-con-inner\">\n\t\t<div class=\"elementor-element elementor-element-5ca40de e-con-full e-flex e-con e-child\" data-id=\"5ca40de\" data-element_type=\"container\" data-e-type=\"container\">\n\t\t\t\t<div class=\"elementor-element elementor-element-72769c51 elementor-widget elementor-widget-heading\" data-id=\"72769c51\" data-element_type=\"widget\" data-e-type=\"widget\" data-widget_type=\"heading.default\">\n\t\t\t\t<div class=\"elementor-widget-container\">\n\t\t\t\t\t<h2 class=\"elementor-heading-title elementor-size-default\">Cookie-Richtlinie<\/h2>\t\t\t\t<\/div>\n\t\t\t\t<\/div>\n\t\t\t\t<div class=\"elementor-element elementor-element-3249376f elementor-widget elementor-widget-heading\" data-id=\"3249376f\" data-element_type=\"widget\" data-e-type=\"widget\" data-widget_type=\"heading.default\">\n\t\t\t\t<div class=\"elementor-widget-container\">\n\t\t\t\t\t<h6 class=\"elementor-heading-title elementor-size-default\">\u00faltima actualiza\u00e7\u00e3o em 2026-02-11<\/h6>\t\t\t\t<\/div>\n\t\t\t\t<\/div>\n\t\t\t\t<\/div>\n\t\t\t\t\t<\/div>\n\t\t\t\t<\/div>\n\t\t\t\t<\/div>\n\t\t\t\t<\/div>\n\t\t\t\t\t\t<\/div>\n\t\t\t\t<\/div>\n\t\t\t\t<\/div>\n\t\t<div class=\"elementor-element elementor-element-b89085e e-flex e-con-boxed e-con e-parent\" data-id=\"b89085e\" data-element_type=\"container\" data-e-type=\"container\">\n\t\t\t\t\t<div class=\"e-con-inner\">\n\t\t\t\t<div class=\"elementor-element elementor-element-227ebac elementor-widget elementor-widget-html\" data-id=\"227ebac\" data-element_type=\"widget\" data-e-type=\"widget\" data-widget_type=\"html.default\">\n\t\t\t\t<div class=\"elementor-widget-container\">\n\t\t\t\t\t<!-- Start CookieYes cookie policy -->\r\n<style>\r\n  a.cky-banner-element {\r\n    padding: 8px 30px;\r\n    background: #f8f9fa;\r\n    color: #696969;\r\n    border: 1px solid #dee2e6;\r\n    box-sizing: border-box;\r\n    border-radius: 2px;\r\n    cursor: pointer\r\n  }\r\n  \r\n  .cky-audit-table-element,.cookie-policy-p{font-weight:400;color:#696969;font-family:Old Standard TT;font-size:20px;line-height:1.8;}\r\n  \r\n<\/style>\r\n\r\n<h3>Was sind Cookies?<\/h3>\r\n<div class=\"cookie-policy-p\">\r\n  <p>Diese Cookie-Richtlinie erkl\u00e4rt, was Cookies sind, wie wir sie verwenden, welche Arten von Cookies wir verwenden (z.B. die Informationen, die wir bei der Verwendung von Cookies sammeln und wie diese Informationen verwendet werden) und wie Sie Ihre Cookie-Einstellungen verwalten k\u00f6nnen.<\/p>\r\n  <p>Cookies sind kleine Textdateien, in denen bestimmte Informationen gespeichert werden. Sie werden auf Ihrem Ger\u00e4t gespeichert, wenn eine Website in Ihrem Browser geladen wird. Diese Cookies tragen dazu bei, dass die Website ordnungsgem\u00e4\u00df funktioniert, erh\u00f6hen die Sicherheit, bieten eine bessere Benutzererfahrung und analysieren die Leistung, um festzustellen, was gut funktioniert und was verbessert werden muss.<\/p>\r\n<\/div>&nbsp;<h3>Wie verwenden wir Cookies?<\/h3>\r\n<div class=\"cookie-policy-p\">\r\n  <p>Wie die meisten Online-Dienste verwendet auch unsere Website eigene Cookies und Cookies von Dritten f\u00fcr verschiedene Zwecke. Eigene Cookies sind f\u00fcr das ordnungsgem\u00e4\u00dfe Funktionieren der Website unerl\u00e4sslich und sammeln keine pers\u00f6nlich identifizierbaren Daten.<\/p>\r\n  <p>Die Cookies von Drittanbietern, die auf unserer Website verwendet werden, helfen uns vor allem dabei, zu verstehen, wie sie reagiert, zu verfolgen, wie Sie mit ihr interagieren, unsere Dienste zu sch\u00fctzen, Ihnen Werbung anzubieten, die f\u00fcr Sie von Interesse ist, und Ihre Benutzererfahrung im Allgemeinen zu verbessern, w\u00e4hrend wir die Geschwindigkeit Ihrer nachfolgenden Interaktionen auf unserer Website optimieren.<\/p>\r\n<\/div>&nbsp;<h2>Arten von Cookies, die wir verwenden<\/h2>\r\n<div class=\"cky-audit-table-element\"><\/div>&nbsp;<h2 style=\"margin-bottom: 20px\">Cookie-Einstellungen verwalten<\/h2><a class=\"cky-banner-element\">Pr\u00e4ferenzen f\u00fcr die Zustimmung<\/a><br><br><div>\r\n  <p style=\"font-weight:400;color:#696969;font-family:Old Standard TT;font-size:20px;line-height:1.8;\">Sie k\u00f6nnen Ihre Cookie-Einstellungen jederzeit \u00e4ndern, indem Sie oben auf die Schaltfl\u00e4che Zustimmungseinstellungen klicken. Mit dieser Option k\u00f6nnen Sie das Cookie-Einwilligungsbanner erneut aufrufen und Ihre Einstellungen aktualisieren oder Ihre Einwilligung sofort widerrufen.<\/p>\r\n  <p style=\"font-weight:400;color:#696969;font-family:Old Standard TT;font-size:20px;line-height:1.8;\">Dar\u00fcber hinaus bieten verschiedene Browser verschiedene Methoden zum Blockieren und L\u00f6schen von Cookies, die von Websites verwendet werden. Sie k\u00f6nnen Ihre Browsereinstellungen \u00e4ndern, um Cookies zu blockieren oder zu l\u00f6schen. Nachfolgend finden Sie Links zu Hilfedokumenten, wie Sie Cookies in den wichtigsten Webbrowsern verwalten und l\u00f6schen k\u00f6nnen.<\/p>\r\n  <p>Chrom: <a target=\"_blank\" rel=\"noopener noreferrer\" href=\"https:\/\/support.google.com\/accounts\/answer\/32050\">https:\/\/support.google.com\/accounts\/answer\/32050<\/a><\/p>\r\n  <p>Safari: <a target=\"_blank\" rel=\"noopener noreferrer\" href=\"https:\/\/support.apple.com\/en-in\/guide\/safari\/sfri11471\/mac\">https:\/\/support.apple.com\/en-in\/guide\/safari\/sfri11471\/mac<\/a><\/p>\r\n  <p>Firefox: <a target=\"_blank\" rel=\"noopener noreferrer\" href=\"https:\/\/support.mozilla.org\/en-US\/kb\/clear-cookies-and-site-data-firefox?redirectslug=delete-cookies-remove-info-websites-stored&amp;redirectlocale=en-US\">https:\/\/support.mozilla.org\/en-US\/kb\/clear-cookies-and-site-data-firefox?redirectslug=delete-cookies-remove-info-websites-stored&amp;redirectlocale=en-US<\/a><\/p>\r\n  <p>Internet Explorer: <a target=\"_blank\" rel=\"noopener noreferrer\" href=\"https:\/\/support.microsoft.com\/en-us\/topic\/how-to-delete-cookie-files-in-internet-explorer-bca9446f-d873-78de-77ba-d42645fa52fc\">https:\/\/support.microsoft.com\/en-us\/topic\/how-to-delete-cookie-files-in-internet-explorer-bca9446f-d873-78de-77ba-d42645fa52fc<\/a><\/p>\r\n  <p style=\"font-weight:400;color:#696969;font-family:Old Standard TT;font-size:20px;line-height:1.8;\">Wenn Sie einen anderen Browser verwenden, konsultieren Sie bitte dessen offizielle Hilfe-Dokumentation.<\/p>\r\n<\/div>&nbsp;<p class=\"cookie-policy-p\">  CookieYes hat diese <a target=\"_blank\" rel=\"noopener noreferrer\" href=\"https:\/\/www.cookieyes.com\/?utm_source=CP&amp;utm_medium=footer&amp;utm_campaign=UW\">Cookie-Richtlinie erstellt - Cookie-Richtlinien-Generator<\/a><\/p>\r\n<!-- End CookieYes cookie policy -->\t\t\t\t<\/div>\n\t\t\t\t<\/div>\n\t\t\t\t\t<\/div>\n\t\t\t\t<\/div>\n\t\t\t\t<\/div>\n\t\t","protected":false},"excerpt":{"rendered":"<p>Was sind Cookies? Diese Cookie-Richtlinie erkl\u00e4rt, was Cookies sind, wie wir sie verwenden, welche Arten von Cookies wir verwenden (z.B. die Informationen, die wir bei der Verwendung von Cookies sammeln und wie diese Informationen verwendet werden) und wie Sie Ihre Cookie-Einstellungen verwalten k\u00f6nnen. Cookies sind kleine Textdateien, in denen bestimmte Informationen gespeichert werden. Sie werden [&hellip;]<\/p>\n","protected":false},"author":1,"featured_media":0,"parent":0,"menu_order":0,"comment_status":"closed","ping_status":"closed","template":"","meta":{"inline_featured_image":false,"footnotes":""},"class_list":["post-5747","page","type-page","status-publish","hentry"],"_links":{"self":[{"href":"https:\/\/retirodegondramaz.pt\/de\/wp-json\/wp\/v2\/pages\/5747","targetHints":{"allow":["GET"]}}],"collection":[{"href":"https:\/\/retirodegondramaz.pt\/de\/wp-json\/wp\/v2\/pages"}],"about":[{"href":"https:\/\/retirodegondramaz.pt\/de\/wp-json\/wp\/v2\/types\/page"}],"author":[{"embeddable":true,"href":"https:\/\/retirodegondramaz.pt\/de\/wp-json\/wp\/v2\/users\/1"}],"replies":[{"embeddable":true,"href":"https:\/\/retirodegondramaz.pt\/de\/wp-json\/wp\/v2\/comments?post=5747"}],"version-history":[{"count":1,"href":"https:\/\/retirodegondramaz.pt\/de\/wp-json\/wp\/v2\/pages\/5747\/revisions"}],"predecessor-version":[{"id":5748,"href":"https:\/\/retirodegondramaz.pt\/de\/wp-json\/wp\/v2\/pages\/5747\/revisions\/5748"}],"wp:attachment":[{"href":"https:\/\/retirodegondramaz.pt\/de\/wp-json\/wp\/v2\/media?parent=5747"}],"curies":[{"name":"wp","href":"https:\/\/api.w.org\/{rel}","templated":true}]}}