{"id":5770,"date":"2026-01-29T17:36:06","date_gmt":"2026-01-29T17:36:06","guid":{"rendered":"https:\/\/retirodegondramaz.pt\/datenschutzbestimmungen\/"},"modified":"2026-04-17T08:36:33","modified_gmt":"2026-04-17T08:36:33","slug":"datenschutzbestimmungen","status":"publish","type":"page","link":"https:\/\/retirodegondramaz.pt\/de\/datenschutzbestimmungen\/","title":{"rendered":"Datenschutzbestimmungen"},"content":{"rendered":"\t\t<div data-elementor-type=\"wp-page\" data-elementor-id=\"5770\" class=\"elementor elementor-5770 elementor-5354\" data-elementor-post-type=\"page\">\n\t\t\t\t<div class=\"elementor-element elementor-element-9aa3f72 e-con-full e-flex e-con e-parent\" data-id=\"9aa3f72\" data-element_type=\"container\" data-e-type=\"container\">\n\t\t\t\t<div class=\"elementor-element elementor-element-9233867 elementor-widget elementor-widget-template\" data-id=\"9233867\" data-element_type=\"widget\" data-e-type=\"widget\" data-widget_type=\"template.default\">\n\t\t\t\t<div class=\"elementor-widget-container\">\n\t\t\t\t\t\t\t<div class=\"elementor-template\">\n\t\t\t\t\t<div data-elementor-type=\"container\" data-elementor-id=\"5347\" class=\"elementor elementor-5347\" data-elementor-post-type=\"elementor_library\">\n\t\t\t\t<div class=\"elementor-element elementor-element-581f22ab e-flex e-con-boxed e-con e-parent\" data-id=\"581f22ab\" data-element_type=\"container\" data-e-type=\"container\" data-settings=\"{&quot;background_background&quot;:&quot;classic&quot;}\">\n\t\t\t\t\t<div class=\"e-con-inner\">\n\t\t<div class=\"elementor-element elementor-element-5ca40de e-con-full e-flex e-con e-child\" data-id=\"5ca40de\" data-element_type=\"container\" data-e-type=\"container\">\n\t\t\t\t<div class=\"elementor-element elementor-element-72769c51 elementor-widget elementor-widget-heading\" data-id=\"72769c51\" data-element_type=\"widget\" data-e-type=\"widget\" data-widget_type=\"heading.default\">\n\t\t\t\t<div class=\"elementor-widget-container\">\n\t\t\t\t\t<h2 class=\"elementor-heading-title elementor-size-default\">Datenschutzbestimmungen<\/h2>\t\t\t\t<\/div>\n\t\t\t\t<\/div>\n\t\t\t\t<div class=\"elementor-element elementor-element-3249376f elementor-widget elementor-widget-heading\" data-id=\"3249376f\" data-element_type=\"widget\" data-e-type=\"widget\" data-widget_type=\"heading.default\">\n\t\t\t\t<div class=\"elementor-widget-container\">\n\t\t\t\t\t<h6 class=\"elementor-heading-title elementor-size-default\">\u00faltima actualiza\u00e7\u00e3o em 2026-02-11<\/h6>\t\t\t\t<\/div>\n\t\t\t\t<\/div>\n\t\t\t\t<\/div>\n\t\t\t\t\t<\/div>\n\t\t\t\t<\/div>\n\t\t\t\t<\/div>\n\t\t\t\t<\/div>\n\t\t\t\t\t\t<\/div>\n\t\t\t\t<\/div>\n\t\t\t\t<\/div>\n\t\t<div class=\"elementor-element elementor-element-960dd2b e-flex e-con-boxed e-con e-parent\" data-id=\"960dd2b\" data-element_type=\"container\" data-e-type=\"container\">\n\t\t\t\t\t<div class=\"e-con-inner\">\n\t\t\t\t<div class=\"elementor-element elementor-element-e644d99 elementor-widget elementor-widget-text-editor\" data-id=\"e644d99\" data-element_type=\"widget\" data-e-type=\"widget\" data-widget_type=\"text-editor.default\">\n\t\t\t\t<div class=\"elementor-widget-container\">\n\t\t\t\t\t\t\t\t\t<p>Diese Datenschutzrichtlinie gilt f\u00fcr alle personenbezogenen Daten, die im Rahmen dieser Website https:\/\/retirodegondramaz.pt\/ oder ihrer gleichwertigen Variante https:\/\/www.retirodegondramaz.pt\/ (im Folgenden &#8222;die Website&#8220; oder &#8222;die Website&#8220;) erhoben werden k\u00f6nnen.<\/p>\n<p>Der Schutz der Daten unserer Besucher ist f\u00fcr uns von gr\u00f6\u00dfter Bedeutung. In dieser Datenschutzerkl\u00e4rung wird erl\u00e4utert, wie wir die Informationen, die wir von den Besuchern der Website sammeln, verwenden, aber auch, wie die Besucher uns bei der Verwendung dieser Informationen Anweisungen erteilen k\u00f6nnen, n\u00e4mlich um die Verwendung dieser Informationen einzuschr\u00e4nken, sie zu \u00e4ndern oder zu l\u00f6schen. <\/p>\n<p>Durch die Nutzung dieser Website erkl\u00e4ren Sie sich mit dieser Datenschutzerkl\u00e4rung einverstanden und akzeptieren, dass sie jederzeit ge\u00e4ndert werden kann.<\/p>\n<p><b>Der Verantwortliche f\u00fcr die Datenverarbeitung<\/b><br>Jo\u00e3o Val\u00e9rio de Matos Pereira, mit der NIF: 212891820 und der Adresse Rua da Ponte Nova, 80, 3220-240 Miranda do Corvo, ist f\u00fcr die Verarbeitung der pers\u00f6nlichen Daten des Benutzers verantwortlich, die auf dieser Website gesammelt werden k\u00f6nnen.<\/p>\n<p>Kontakt:<br>Telefon: 969 545 536 <sup>(1)<\/sup><br>E-Mail: joaovaleriopereira@gmail.com<\/p>\n<p><b>Wie erfassen wir Ihre Daten, welche Daten werden erfasst und zu welchem Zweck werden sie erfasst?<\/b><\/p>\n<p>Auf dieser Website werden Daten von Ihnen erhoben, wenn Sie das Formular ausf\u00fcllen, wie zum Beispiel die folgenden Daten:<\/p>\n<ul>\n<li>Name<\/li>\n<li>E-Mail<\/li>\n<li>Handynummer<\/li>\n<li>Check-in und Check-out Daten<\/li>\n<li>Anzahl der G\u00e4ste<\/li>\n<\/ul>\n<p>Wir erfassen die oben genannten Daten &#8211; Name, E-Mail, Mobiltelefon, Daten und Anzahl der G\u00e4ste &#8211; um Ihre Buchung zu verwalten, die Ankunft\/Abreise zu organisieren und das Haus vorzubereiten. Wir k\u00f6nnen Ihre Kontaktdaten verwenden, wenn unvorhergesehene Umst\u00e4nde eintreten oder um eine Best\u00e4tigung zu senden. <\/p>\n<p>Wenn die Buchung \u00fcber externe Plattformen erfolgt (z.B. Booking.com, Airbnb, Expedia, Vrbo oder andere), werden personenbezogene Daten zun\u00e4chst von diesen Einrichtungen erhoben, die als unabh\u00e4ngige Datenverantwortliche handeln.<br data-start=\"1965\" data-end=\"1968\">In diesen F\u00e4llen erh\u00e4lt Retiro de Gondramaz nur die f\u00fcr die Durchf\u00fchrung des Aufenthalts erforderlichen Daten und verarbeitet sie als Datenverantwortlicher zum Zwecke der Verwaltung der Buchung, der gesetzlichen Verpflichtungen und der Bereitstellung der Dienstleistung.<\/p>\n<p>Was die Verwendung von Cookies durch diese Website betrifft, k\u00f6nnen Sie unsere <a href=\"https:\/\/retirodegondramaz.pt\/de\/cookie-richtlinie\/\">Cookie-Richtlinie<\/a> hier lesen.<\/p>\n<p><b>Wie lange bewahren wir die \u00fcber die Website erhobenen Daten auf?<\/b><\/p>\n<p>Wir bewahren Ihre personenbezogenen Daten nur f\u00fcr den Zeitraum auf, der unbedingt erforderlich ist, um die Zwecke zu erf\u00fcllen, f\u00fcr die sie erhoben wurden:<\/p>\n<ul>\n<li>Buchungsverwaltung: Die im Formular angegebenen Daten (Name, E-Mail, Mobiltelefon und Angaben zum Aufenthalt) werden w\u00e4hrend des gesamten Buchungsvorgangs und bis zum Ende Ihres Aufenthalts gespeichert.<\/li>\n<li>Gesetzliche und steuerliche Verpflichtungen: Nach dem Aufenthalt sind wir gesetzlich verpflichtet, die Abrechnungs- und Registrierungsdaten des Gastes (wie z.B. Name und Zahlungsverlauf) f\u00fcr einen Zeitraum von 10 Jahren zu Steuer- und Pr\u00fcfungszwecken aufzubewahren.<\/li>\n<li>Kundensupport: Wenn Sie uns kontaktiert haben, aber keine Reservierung vorgenommen haben, werden Ihre Daten nach 6 Monaten ab dem letzten Kontakt gel\u00f6scht, um die zuk\u00fcnftige Kommunikation auf Ihren Wunsch hin zu erleichtern.<\/li>\n<\/ul>\n<p>Sobald die Daten nicht mehr ben\u00f6tigt werden, werden wir sie l\u00f6schen.<\/p>\n<p>Zum Zwecke der Verwaltung und Ausf\u00fchrung der Buchung k\u00f6nnen personenbezogene Daten an technische Anbieter und Buchungsplattformen weitergegeben werden, die als Unterauftragnehmer oder unabh\u00e4ngige Datenverantwortliche fungieren, n\u00e4mlich TalkGuest, Buchungsvermittlungsplattformen (z.B. Booking.com, Airbnb, VRBO, Expedia).<br>Diese Verarbeitung ist f\u00fcr die Ausf\u00fchrung des Hostingvertrags und die Erf\u00fcllung gesetzlicher Verpflichtungen erforderlich.<\/p>\n<p>In jedem Fall hat jeder Besucher oder Kunde im Hinblick auf die Datenspeicherung gem\u00e4\u00df der Allgemeinen Datenschutzverordnung (DSGVO) das Recht auf Zugang zu seinen Daten, auf die Berichtigung seiner Daten, auf den Widerruf der Zustimmung zur Datenverarbeitung, das Recht auf Daten\u00fcbertragbarkeit und das Recht auf L\u00f6schung der Daten (sofern dem keine rechtlichen Hindernisse entgegenstehen).<\/p>\n<p><b>Datensicherheit<\/b><\/p>\n<p>Wir haben physische und technologische Sicherheitsma\u00dfnahmen eingef\u00fchrt, um Ihre pers\u00f6nlichen Daten zu sch\u00fctzen.<br>Wir verwenden au\u00dferdem eine Verschl\u00fcsselung, um sensible Daten, die \u00fcber diese Website \u00fcbertragen werden, zu sch\u00fctzen, da sie ein SSL-Zertifikat (Secure Socket Layer) verwendet.<\/p>\n<p>Die Computer\/Server, auf denen sich diese Website befindet, werden vom Hosting-Anbieter in einer sicheren Umgebung aufbewahrt.<\/p>\n<p><b>Ihre Rechte in Bezug auf die auf dieser Website erfassten personenbezogenen Daten:<br><\/b><br> Sie haben das Recht zu erfahren, wozu Ihre personenbezogenen Daten ben\u00f6tigt werden, was mit ihnen geschieht und wie lange sie gespeichert werden.<\/p>\n<p>Zugriffsrecht: Sie haben das Recht, auf Ihre uns bekannten pers\u00f6nlichen Daten zuzugreifen.<\/p>\n<p>Recht auf Berichtigung: Sie haben das Recht, Ihre personenbezogenen Daten zu erg\u00e4nzen, zu korrigieren oder zu l\u00f6schen, wann immer Sie dies w\u00fcnschen.<br>Wenn Sie uns Ihre Einwilligung zur Verarbeitung Ihrer Daten gegeben haben, haben Sie das Recht, diese Einwilligung zu widerrufen und Ihre personenbezogenen Daten l\u00f6schen zu lassen.<\/p>\n<p>Recht auf \u00dcbertragbarkeit: Sie k\u00f6nnen alle Ihre pers\u00f6nlichen Daten in organisierter Form anfordern, damit sie an eine andere Stelle weitergegeben werden k\u00f6nnen.<\/p>\n<p>Recht auf L\u00f6schung: Sie k\u00f6nnen der Verarbeitung Ihrer Daten widersprechen. Wenn Sie dies beantragen, werden wir die Daten l\u00f6schen, es sei denn, wir sind rechtlich daran gehindert, dies zu tun. <\/p>\n<p>Um eines dieser Rechte auszu\u00fcben, kontaktieren Sie uns bitte. Siehe die Kontaktdaten unten auf dieser Seite. Wenn Sie eine Beschwerde dar\u00fcber haben, wie wir Ihre Daten verwenden, w\u00fcrden wir gerne von Ihnen h\u00f6ren.  <\/p>\n<p><b>Links zu externen Websites<\/b><\/p>\n<p>Diese Datenschutzrichtlinie gilt nur f\u00fcr diese Website.<br>Diese Website enth\u00e4lt Links zu externen Websites. Wenn Sie auf diese Links zu diesen externen Websites klicken und sie betreten, \u00fcbernehmen wir keine Verantwortung f\u00fcr deren Verhalten oder deren Datenschutzpolitik. <\/p>\n<p><b>Kontaktdaten<\/b><br>Kontakte:<br>Telefon: 969 545 536<sup>(1)<\/sup><br>E-Mail: joaovaleriopereira@gmail.com<br>Physische Adresse: Rua da Ponte Nova, 80, 3220-240 Miranda do Corvo<\/p>\n<p><span style=\"font-size: 85%;\">(1) Anruf ins nationale Mobilfunknetz<\/span><\/p>\t\t\t\t\t\t\t\t<\/div>\n\t\t\t\t<\/div>\n\t\t\t\t\t<\/div>\n\t\t\t\t<\/div>\n\t\t\t\t<\/div>\n\t\t","protected":false},"excerpt":{"rendered":"<p>Diese Datenschutzrichtlinie gilt f\u00fcr alle personenbezogenen Daten, die im Rahmen dieser Website https:\/\/retirodegondramaz.pt\/ oder ihrer gleichwertigen Variante https:\/\/www.retirodegondramaz.pt\/ (im Folgenden &#8222;die Website&#8220; oder &#8222;die Website&#8220;) erhoben werden k\u00f6nnen. Der Schutz der Daten unserer Besucher ist f\u00fcr uns von gr\u00f6\u00dfter Bedeutung. In dieser Datenschutzerkl\u00e4rung wird erl\u00e4utert, wie wir die Informationen, die wir von den Besuchern der [&hellip;]<\/p>\n","protected":false},"author":1,"featured_media":0,"parent":0,"menu_order":0,"comment_status":"closed","ping_status":"closed","template":"","meta":{"inline_featured_image":false,"footnotes":""},"class_list":["post-5770","page","type-page","status-publish","hentry"],"_links":{"self":[{"href":"https:\/\/retirodegondramaz.pt\/de\/wp-json\/wp\/v2\/pages\/5770","targetHints":{"allow":["GET"]}}],"collection":[{"href":"https:\/\/retirodegondramaz.pt\/de\/wp-json\/wp\/v2\/pages"}],"about":[{"href":"https:\/\/retirodegondramaz.pt\/de\/wp-json\/wp\/v2\/types\/page"}],"author":[{"embeddable":true,"href":"https:\/\/retirodegondramaz.pt\/de\/wp-json\/wp\/v2\/users\/1"}],"replies":[{"embeddable":true,"href":"https:\/\/retirodegondramaz.pt\/de\/wp-json\/wp\/v2\/comments?post=5770"}],"version-history":[{"count":1,"href":"https:\/\/retirodegondramaz.pt\/de\/wp-json\/wp\/v2\/pages\/5770\/revisions"}],"predecessor-version":[{"id":5771,"href":"https:\/\/retirodegondramaz.pt\/de\/wp-json\/wp\/v2\/pages\/5770\/revisions\/5771"}],"wp:attachment":[{"href":"https:\/\/retirodegondramaz.pt\/de\/wp-json\/wp\/v2\/media?parent=5770"}],"curies":[{"name":"wp","href":"https:\/\/api.w.org\/{rel}","templated":true}]}}