{"id":5738,"date":"2026-02-02T19:58:11","date_gmt":"2026-02-02T19:58:11","guid":{"rendered":"https:\/\/retirodegondramaz.pt\/cookie-policy\/"},"modified":"2026-04-17T08:30:49","modified_gmt":"2026-04-17T08:30:49","slug":"cookie-policy","status":"publish","type":"page","link":"https:\/\/retirodegondramaz.pt\/en\/cookie-policy\/","title":{"rendered":"Cookie Policy"},"content":{"rendered":"\t\t<div data-elementor-type=\"wp-page\" data-elementor-id=\"5738\" class=\"elementor elementor-5738 elementor-5400\" data-elementor-post-type=\"page\">\n\t\t\t\t<div class=\"elementor-element elementor-element-695f1c2 e-con-full e-flex e-con e-parent\" data-id=\"695f1c2\" data-element_type=\"container\" data-e-type=\"container\">\n\t\t\t\t<div class=\"elementor-element elementor-element-6c9f204 elementor-widget elementor-widget-template\" data-id=\"6c9f204\" data-element_type=\"widget\" data-e-type=\"widget\" data-widget_type=\"template.default\">\n\t\t\t\t<div class=\"elementor-widget-container\">\n\t\t\t\t\t\t\t<div class=\"elementor-template\">\n\t\t\t\t\t<div data-elementor-type=\"container\" data-elementor-id=\"5347\" class=\"elementor elementor-5347\" data-elementor-post-type=\"elementor_library\">\n\t\t\t\t<div class=\"elementor-element elementor-element-581f22ab e-flex e-con-boxed e-con e-parent\" data-id=\"581f22ab\" data-element_type=\"container\" data-e-type=\"container\" data-settings=\"{&quot;background_background&quot;:&quot;classic&quot;}\">\n\t\t\t\t\t<div class=\"e-con-inner\">\n\t\t<div class=\"elementor-element elementor-element-5ca40de e-con-full e-flex e-con e-child\" data-id=\"5ca40de\" data-element_type=\"container\" data-e-type=\"container\">\n\t\t\t\t<div class=\"elementor-element elementor-element-72769c51 elementor-widget elementor-widget-heading\" data-id=\"72769c51\" data-element_type=\"widget\" data-e-type=\"widget\" data-widget_type=\"heading.default\">\n\t\t\t\t<div class=\"elementor-widget-container\">\n\t\t\t\t\t<h2 class=\"elementor-heading-title elementor-size-default\">Cookie Policy<\/h2>\t\t\t\t<\/div>\n\t\t\t\t<\/div>\n\t\t\t\t<div class=\"elementor-element elementor-element-3249376f elementor-widget elementor-widget-heading\" data-id=\"3249376f\" data-element_type=\"widget\" data-e-type=\"widget\" data-widget_type=\"heading.default\">\n\t\t\t\t<div class=\"elementor-widget-container\">\n\t\t\t\t\t<h6 class=\"elementor-heading-title elementor-size-default\">\u00faltima actualiza\u00e7\u00e3o em 2026-02-11<\/h6>\t\t\t\t<\/div>\n\t\t\t\t<\/div>\n\t\t\t\t<\/div>\n\t\t\t\t\t<\/div>\n\t\t\t\t<\/div>\n\t\t\t\t<\/div>\n\t\t\t\t<\/div>\n\t\t\t\t\t\t<\/div>\n\t\t\t\t<\/div>\n\t\t\t\t<\/div>\n\t\t<div class=\"elementor-element elementor-element-b89085e e-flex e-con-boxed e-con e-parent\" data-id=\"b89085e\" data-element_type=\"container\" data-e-type=\"container\">\n\t\t\t\t\t<div class=\"e-con-inner\">\n\t\t\t\t<div class=\"elementor-element elementor-element-227ebac elementor-widget elementor-widget-html\" data-id=\"227ebac\" data-element_type=\"widget\" data-e-type=\"widget\" data-widget_type=\"html.default\">\n\t\t\t\t<div class=\"elementor-widget-container\">\n\t\t\t\t\t<!-- Start CookieYes cookie policy -->\r\n<style>\r\n  a.cky-banner-element {\r\n    padding: 8px 30px;\r\n    background: #f8f9fa;\r\n    color: #696969;\r\n    border: 1px solid #dee2e6;\r\n    box-sizing: border-box;\r\n    border-radius: 2px;\r\n    cursor: pointer\r\n  }\r\n  \r\n  .cky-audit-table-element,.cookie-policy-p{font-weight:400;color:#696969;font-family:Old Standard TT;font-size:20px;line-height:1.8;}\r\n  \r\n<\/style>\r\n\r\n<h3>What are cookies?<\/h3>\r\n<div class=\"cookie-policy-p\">\r\n  <p>This cookie policy explains what cookies are, how we use them, the types of cookies we use (for example, the information we collect when using cookies and how that information is used) and how to manage your cookie settings.<\/p>\r\n  <p>Cookies are small text files used to store certain pieces of information. They are stored on your device when a website is loaded in your browser. These cookies help ensure that the website works properly, enhance security, offer a better user experience and analyze performance to identify what works properly and what needs improvement.<\/p>\r\n<\/div>&nbsp;<h3>How do we use cookies?<\/h3>\r\n<div class=\"cookie-policy-p\">\r\n  <p>Like most online services, our website uses its own cookies and third-party cookies for various purposes. Own cookies are essential for the proper functioning of the website and do not collect any personally identifiable data.<\/p>\r\n  <p>The third-party cookies used on our site mainly help us understand how it responds; track how you interact with it; protect our services; offer advertising of interest to you; and improve your user experience in general, while optimizing the speed of your subsequent interactions on our site.<\/p>\r\n<\/div>&nbsp;<h2>Types of cookies we use<\/h2>\r\n<div class=\"cky-audit-table-element\"><\/div>&nbsp;<h2 style=\"margin-bottom: 20px\">Manage cookie preferences<\/h2><a class=\"cky-banner-element\">Consent preferences<\/a><br><br><div>\r\n  <p style=\"font-weight:400;color:#696969;font-family:Old Standard TT;font-size:20px;line-height:1.8;\">You can change your cookie settings at any time by clicking on the Consent preferences button at the top. This option will allow you to re-visit the cookie consent banner and update your preferences or withdraw your consent immediately.<\/p>\r\n  <p style=\"font-weight:400;color:#696969;font-family:Old Standard TT;font-size:20px;line-height:1.8;\">In addition, different browsers offer various methods for blocking and deleting cookies used by websites. You can modify your browser settings to block or delete cookies. Below you will find links to help documents on how to manage and delete cookies in the main web browsers.<\/p>\r\n  <p>Chrome: <a target=\"_blank\" rel=\"noopener noreferrer\" href=\"https:\/\/support.google.com\/accounts\/answer\/32050\">https:\/\/support.google.com\/accounts\/answer\/32050<\/a><\/p>\r\n  <p>Safari: <a target=\"_blank\" rel=\"noopener noreferrer\" href=\"https:\/\/support.apple.com\/en-in\/guide\/safari\/sfri11471\/mac\">https:\/\/support.apple.com\/en-in\/guide\/safari\/sfri11471\/mac<\/a><\/p>\r\n  <p>Firefox: <a target=\"_blank\" rel=\"noopener noreferrer\" href=\"https:\/\/support.mozilla.org\/en-US\/kb\/clear-cookies-and-site-data-firefox?redirectslug=delete-cookies-remove-info-websites-stored&amp;redirectlocale=en-US\">https:\/\/support.mozilla.org\/en-US\/kb\/clear-cookies-and-site-data-firefox?redirectslug=delete-cookies-remove-info-websites-stored&amp;redirectlocale=en-US<\/a><\/p>\r\n  <p>Internet Explorer: <a target=\"_blank\" rel=\"noopener noreferrer\" href=\"https:\/\/support.microsoft.com\/en-us\/topic\/how-to-delete-cookie-files-in-internet-explorer-bca9446f-d873-78de-77ba-d42645fa52fc\">https:\/\/support.microsoft.com\/en-us\/topic\/how-to-delete-cookie-files-in-internet-explorer-bca9446f-d873-78de-77ba-d42645fa52fc<\/a><\/p>\r\n  <p style=\"font-weight:400;color:#696969;font-family:Old Standard TT;font-size:20px;line-height:1.8;\">If you use another browser, please consult its official help documentation.<\/p>\r\n<\/div>&nbsp;<p class=\"cookie-policy-p\">  CookieYes has generated this <a target=\"_blank\" rel=\"noopener noreferrer\" href=\"https:\/\/www.cookieyes.com\/?utm_source=CP&amp;utm_medium=footer&amp;utm_campaign=UW\">cookie policy - cookie policy generator<\/a><\/p>\r\n<!-- End CookieYes cookie policy -->\t\t\t\t<\/div>\n\t\t\t\t<\/div>\n\t\t\t\t\t<\/div>\n\t\t\t\t<\/div>\n\t\t\t\t<\/div>\n\t\t","protected":false},"excerpt":{"rendered":"<p>What are cookies? This cookie policy explains what cookies are, how we use them, the types of cookies we use (for example, the information we collect when using cookies and how that information is used) and how to manage your cookie settings. Cookies are small text files used to store certain pieces of information. They [&hellip;]<\/p>\n","protected":false},"author":1,"featured_media":0,"parent":0,"menu_order":0,"comment_status":"closed","ping_status":"closed","template":"","meta":{"inline_featured_image":false,"footnotes":""},"class_list":["post-5738","page","type-page","status-publish","hentry"],"_links":{"self":[{"href":"https:\/\/retirodegondramaz.pt\/en\/wp-json\/wp\/v2\/pages\/5738","targetHints":{"allow":["GET"]}}],"collection":[{"href":"https:\/\/retirodegondramaz.pt\/en\/wp-json\/wp\/v2\/pages"}],"about":[{"href":"https:\/\/retirodegondramaz.pt\/en\/wp-json\/wp\/v2\/types\/page"}],"author":[{"embeddable":true,"href":"https:\/\/retirodegondramaz.pt\/en\/wp-json\/wp\/v2\/users\/1"}],"replies":[{"embeddable":true,"href":"https:\/\/retirodegondramaz.pt\/en\/wp-json\/wp\/v2\/comments?post=5738"}],"version-history":[{"count":1,"href":"https:\/\/retirodegondramaz.pt\/en\/wp-json\/wp\/v2\/pages\/5738\/revisions"}],"predecessor-version":[{"id":5739,"href":"https:\/\/retirodegondramaz.pt\/en\/wp-json\/wp\/v2\/pages\/5738\/revisions\/5739"}],"wp:attachment":[{"href":"https:\/\/retirodegondramaz.pt\/en\/wp-json\/wp\/v2\/media?parent=5738"}],"curies":[{"name":"wp","href":"https:\/\/api.w.org\/{rel}","templated":true}]}}