{"id":4001,"date":"2022-05-10T15:31:18","date_gmt":"2022-05-10T15:31:18","guid":{"rendered":"https:\/\/retirodegondramaz.pt\/acerca-de\/"},"modified":"2024-02-23T17:27:04","modified_gmt":"2024-02-23T17:27:04","slug":"acerca-de","status":"publish","type":"page","link":"https:\/\/retirodegondramaz.pt\/es\/acerca-de\/","title":{"rendered":"Acerca de"},"content":{"rendered":"\t\t<div data-elementor-type=\"wp-page\" data-elementor-id=\"4001\" class=\"elementor elementor-4001 elementor-750\" data-elementor-post-type=\"page\">\n\t\t\t\t\t\t<section class=\"elementor-section elementor-top-section elementor-element elementor-element-e39a842 elementor-section-boxed elementor-section-height-default elementor-section-height-default\" data-id=\"e39a842\" data-element_type=\"section\" data-e-type=\"section\" data-settings=\"{&quot;background_background&quot;:&quot;classic&quot;}\">\n\t\t\t\t\t\t\t<div class=\"elementor-background-overlay\"><\/div>\n\t\t\t\t\t\t\t<div class=\"elementor-container elementor-column-gap-default\">\n\t\t\t\t\t<div class=\"elementor-column elementor-col-100 elementor-top-column elementor-element elementor-element-4119d8a\" data-id=\"4119d8a\" data-element_type=\"column\" data-e-type=\"column\">\n\t\t\t<div class=\"elementor-widget-wrap elementor-element-populated\">\n\t\t\t\t\t\t<div class=\"elementor-element elementor-element-6b1a539 elementor-widget elementor-widget-heading\" data-id=\"6b1a539\" data-element_type=\"widget\" data-e-type=\"widget\" data-widget_type=\"heading.default\">\n\t\t\t\t<div class=\"elementor-widget-container\">\n\t\t\t\t\t<h2 class=\"elementor-heading-title elementor-size-default\">Acerca de<\/h2>\t\t\t\t<\/div>\n\t\t\t\t<\/div>\n\t\t\t\t<div class=\"elementor-element elementor-element-6034b09 elementor-widget elementor-widget-heading\" data-id=\"6034b09\" data-element_type=\"widget\" data-e-type=\"widget\" data-widget_type=\"heading.default\">\n\t\t\t\t<div class=\"elementor-widget-container\">\n\t\t\t\t\t<h6 class=\"elementor-heading-title elementor-size-default\">\"Naturaleza, piedra de esquisto, pueblo remoto\"<\/h6>\t\t\t\t<\/div>\n\t\t\t\t<\/div>\n\t\t\t\t\t<\/div>\n\t\t<\/div>\n\t\t\t\t\t<\/div>\n\t\t<\/section>\n\t\t\t\t<section class=\"elementor-section elementor-top-section elementor-element elementor-element-7cf28bf elementor-section-boxed elementor-section-height-default elementor-section-height-default\" data-id=\"7cf28bf\" data-element_type=\"section\" data-e-type=\"section\">\n\t\t\t\t\t\t<div class=\"elementor-container elementor-column-gap-default\">\n\t\t\t\t\t<div class=\"elementor-column elementor-col-100 elementor-top-column elementor-element elementor-element-8d2a44d\" data-id=\"8d2a44d\" data-element_type=\"column\" data-e-type=\"column\">\n\t\t\t<div class=\"elementor-widget-wrap elementor-element-populated\">\n\t\t\t\t\t\t<div class=\"elementor-element elementor-element-e2ec30d elementor-drop-cap-yes elementor-drop-cap-view-default elementor-widget elementor-widget-text-editor\" data-id=\"e2ec30d\" data-element_type=\"widget\" data-e-type=\"widget\" data-settings=\"{&quot;drop_cap&quot;:&quot;yes&quot;}\" data-widget_type=\"text-editor.default\">\n\t\t\t\t<div class=\"elementor-widget-container\">\n\t\t\t\t\t\t\t\t\t<p>Gondramaz es un lugar de una belleza natural perdida en el tiempo.<br>&nbsp;Ello fue posible a expensas de las dificultades de acceso f\u00edsico, que se impusieron hasta hace poco, cuando se arregl\u00f3 la carretera al pueblo.  <br>El propio Miguel Torga, como m\u00e9dico que vive a pocos kil\u00f3metros, en el pueblo de Vila Nova, describi\u00f3 las dificultades para llegar a Gondramaz. El pueblo permaneci\u00f3 intacto hasta hace pocos a\u00f1os, y ahora se est\u00e1 restaurando poco a poco con todas las medidas y l\u00edmites en su sitio, lo que lo convierte en un lugar especial donde se invita a los visitantes a viajar decenas de a\u00f1os atr\u00e1s.<\/p>\n<p>Gondramaz conserva la arquitectura de anta\u00f1o, la flora de la multi-vegetaci\u00f3n, la fauna de ciervos y zorros, as\u00ed como el rejuvenecedor aire fresco de la cima de la monta\u00f1a. Adem\u00e1s de todos estos aspectos, todav\u00eda cuenta con algunos habitantes permanentes, como la conocida pastora Carminda, a la que podemos llamar la due\u00f1a del pueblo.<\/p>\n<p>El Retiro de Gondramaz, con su superficie de 208m2, es un espacio amplio en comparaci\u00f3n con las dimensiones de otras casas t\u00edpicas de pueblos de esquisto. Esto se debe a que este retiro se origin\u00f3 en dos casas que posteriormente se unieron, con la calle que discurr\u00eda por el medio dando paso a lo que hoy es el sal\u00f3n.&nbsp;<\/p>\n<p>El Retiro de Gondramaz conserva su estructura original, hecha de piedra maciza y tejas de monta\u00f1a. El espacio ha sido recientemente restaurado por completo para ofrecer un ambiente acogedor y la comodidad a la que estamos acostumbrados hoy en d\u00eda.<\/p>\n<p>La combinaci\u00f3n de este encantador pueblo y esta casa hist\u00f3rica para esta ubicaci\u00f3n ofrece la oportunidad de tomar un descanso de la vida agitada de hoy y experimentar un retiro de paz y encanto.<\/p>\t\t\t\t\t\t\t\t<\/div>\n\t\t\t\t<\/div>\n\t\t\t\t\t<\/div>\n\t\t<\/div>\n\t\t\t\t\t<\/div>\n\t\t<\/section>\n\t\t\t\t<\/div>\n\t\t","protected":false},"excerpt":{"rendered":"<p>Acerca de \u00abNaturaleza, piedra de esquisto, pueblo remoto\u00bb Gondramaz es un lugar de una belleza natural perdida en el tiempo.&nbsp;Ello fue posible a expensas de las dificultades de acceso f\u00edsico, que se impusieron hasta hace poco, cuando se arregl\u00f3 la carretera al pueblo. El propio Miguel Torga, como m\u00e9dico que vive a pocos kil\u00f3metros, en [&hellip;]<\/p>\n","protected":false},"author":1,"featured_media":0,"parent":0,"menu_order":0,"comment_status":"closed","ping_status":"closed","template":"elementor_header_footer","meta":{"inline_featured_image":false,"footnotes":""},"class_list":["post-4001","page","type-page","status-publish","hentry"],"_links":{"self":[{"href":"https:\/\/retirodegondramaz.pt\/es\/wp-json\/wp\/v2\/pages\/4001","targetHints":{"allow":["GET"]}}],"collection":[{"href":"https:\/\/retirodegondramaz.pt\/es\/wp-json\/wp\/v2\/pages"}],"about":[{"href":"https:\/\/retirodegondramaz.pt\/es\/wp-json\/wp\/v2\/types\/page"}],"author":[{"embeddable":true,"href":"https:\/\/retirodegondramaz.pt\/es\/wp-json\/wp\/v2\/users\/1"}],"replies":[{"embeddable":true,"href":"https:\/\/retirodegondramaz.pt\/es\/wp-json\/wp\/v2\/comments?post=4001"}],"version-history":[{"count":3,"href":"https:\/\/retirodegondramaz.pt\/es\/wp-json\/wp\/v2\/pages\/4001\/revisions"}],"predecessor-version":[{"id":4007,"href":"https:\/\/retirodegondramaz.pt\/es\/wp-json\/wp\/v2\/pages\/4001\/revisions\/4007"}],"wp:attachment":[{"href":"https:\/\/retirodegondramaz.pt\/es\/wp-json\/wp\/v2\/media?parent=4001"}],"curies":[{"name":"wp","href":"https:\/\/api.w.org\/{rel}","templated":true}]}}