{"id":5735,"date":"2026-02-11T16:18:16","date_gmt":"2026-02-11T16:18:16","guid":{"rendered":"https:\/\/retirodegondramaz.pt\/terminos-y-condiciones\/"},"modified":"2026-04-17T08:36:45","modified_gmt":"2026-04-17T08:36:45","slug":"terminos-y-condiciones","status":"publish","type":"page","link":"https:\/\/retirodegondramaz.pt\/es\/terminos-y-condiciones\/","title":{"rendered":"T\u00e9rminos y condiciones"},"content":{"rendered":"\t\t<div data-elementor-type=\"wp-page\" data-elementor-id=\"5735\" class=\"elementor elementor-5735 elementor-5576\" data-elementor-post-type=\"page\">\n\t\t\t\t<div class=\"elementor-element elementor-element-61ae7a2 e-con-full e-flex e-con e-parent\" data-id=\"61ae7a2\" data-element_type=\"container\" data-e-type=\"container\">\n\t\t\t\t<div class=\"elementor-element elementor-element-58cc1ba elementor-widget elementor-widget-template\" data-id=\"58cc1ba\" data-element_type=\"widget\" data-e-type=\"widget\" data-widget_type=\"template.default\">\n\t\t\t\t<div class=\"elementor-widget-container\">\n\t\t\t\t\t\t\t<div class=\"elementor-template\">\n\t\t\t\t\t<div data-elementor-type=\"container\" data-elementor-id=\"5347\" class=\"elementor elementor-5347\" data-elementor-post-type=\"elementor_library\">\n\t\t\t\t<div class=\"elementor-element elementor-element-581f22ab e-flex e-con-boxed e-con e-parent\" data-id=\"581f22ab\" data-element_type=\"container\" data-e-type=\"container\" data-settings=\"{&quot;background_background&quot;:&quot;classic&quot;}\">\n\t\t\t\t\t<div class=\"e-con-inner\">\n\t\t<div class=\"elementor-element elementor-element-5ca40de e-con-full e-flex e-con e-child\" data-id=\"5ca40de\" data-element_type=\"container\" data-e-type=\"container\">\n\t\t\t\t<div class=\"elementor-element elementor-element-72769c51 elementor-widget elementor-widget-heading\" data-id=\"72769c51\" data-element_type=\"widget\" data-e-type=\"widget\" data-widget_type=\"heading.default\">\n\t\t\t\t<div class=\"elementor-widget-container\">\n\t\t\t\t\t<h2 class=\"elementor-heading-title elementor-size-default\">T\u00e9rminos y condiciones<\/h2>\t\t\t\t<\/div>\n\t\t\t\t<\/div>\n\t\t\t\t<div class=\"elementor-element elementor-element-3249376f elementor-widget elementor-widget-heading\" data-id=\"3249376f\" data-element_type=\"widget\" data-e-type=\"widget\" data-widget_type=\"heading.default\">\n\t\t\t\t<div class=\"elementor-widget-container\">\n\t\t\t\t\t<h6 class=\"elementor-heading-title elementor-size-default\">\u00faltima actualiza\u00e7\u00e3o em 2026-02-11<\/h6>\t\t\t\t<\/div>\n\t\t\t\t<\/div>\n\t\t\t\t<\/div>\n\t\t\t\t\t<\/div>\n\t\t\t\t<\/div>\n\t\t\t\t<\/div>\n\t\t\t\t<\/div>\n\t\t\t\t\t\t<\/div>\n\t\t\t\t<\/div>\n\t\t\t\t<\/div>\n\t\t<div class=\"elementor-element elementor-element-727aff0 e-flex e-con-boxed e-con e-parent\" data-id=\"727aff0\" data-element_type=\"container\" data-e-type=\"container\">\n\t\t\t\t\t<div class=\"e-con-inner\">\n\t\t\t\t<div class=\"elementor-element elementor-element-8bc24aa elementor-widget elementor-widget-heading\" data-id=\"8bc24aa\" data-element_type=\"widget\" data-e-type=\"widget\" data-widget_type=\"heading.default\">\n\t\t\t\t<div class=\"elementor-widget-container\">\n\t\t\t\t\t<h2 class=\"elementor-heading-title elementor-size-default\">Introducci\u00f3n<\/h2>\t\t\t\t<\/div>\n\t\t\t\t<\/div>\n\t\t\t\t<div class=\"elementor-element elementor-element-7230529 elementor-widget elementor-widget-text-editor\" data-id=\"7230529\" data-element_type=\"widget\" data-e-type=\"widget\" data-widget_type=\"text-editor.default\">\n\t\t\t\t<div class=\"elementor-widget-container\">\n\t\t\t\t\t\t\t\t\t<p>Bienvenido a la p\u00e1gina web de Retiro de Gondramaz que tiene el Registro de Alojamiento Local: 72178\/AL .<br>  Lee estas Condiciones Generales antes de hacer tu reserva. Al hacer una reserva o utilizar nuestros servicios, aceptas estas Condiciones y nuestra Pol\u00edtica de Privacidad y Pol\u00edtica de Cookies (enlazadas m\u00e1s abajo).<\/p>\t\t\t\t\t\t\t\t<\/div>\n\t\t\t\t<\/div>\n\t\t\t\t<div class=\"elementor-element elementor-element-81d516c elementor-widget elementor-widget-heading\" data-id=\"81d516c\" data-element_type=\"widget\" data-e-type=\"widget\" data-widget_type=\"heading.default\">\n\t\t\t\t<div class=\"elementor-widget-container\">\n\t\t\t\t\t<h2 class=\"elementor-heading-title elementor-size-default\">Proveedor de servicios<\/h2>\t\t\t\t<\/div>\n\t\t\t\t<\/div>\n\t\t\t\t<div class=\"elementor-element elementor-element-5ee3c05 elementor-widget elementor-widget-text-editor\" data-id=\"5ee3c05\" data-element_type=\"widget\" data-e-type=\"widget\" data-widget_type=\"text-editor.default\">\n\t\t\t\t<div class=\"elementor-widget-container\">\n\t\t\t\t\t\t\t\t\t<p>Retiro de Gondramaz est\u00e1 gestionado por Jo\u00e3o Val\u00e9rio de Matos Pereira, empresario individual, con CIF 212891820 y domicilio en Rua da Ponte Nova, 80, 3220-240 Miranda do Corvo.<br>Puedes ponerte en contacto con \u00e9l por escrito en su direcci\u00f3n de correo electr\u00f3nico joaovaleriopereira@gmail.com o por tel\u00e9fono en el <span style=\"font-size: 78%; font-family: lato;\">+351<\/span> 964367444.<sup><span style=\"font-size: 90%;\">(1)<\/span><\/sup><\/p>\t\t\t\t\t\t\t\t<\/div>\n\t\t\t\t<\/div>\n\t\t\t\t<div class=\"elementor-element elementor-element-6208124 elementor-widget elementor-widget-heading\" data-id=\"6208124\" data-element_type=\"widget\" data-e-type=\"widget\" data-widget_type=\"heading.default\">\n\t\t\t\t<div class=\"elementor-widget-container\">\n\t\t\t\t\t<h2 class=\"elementor-heading-title elementor-size-default\">Precios<\/h2>\t\t\t\t<\/div>\n\t\t\t\t<\/div>\n\t\t\t\t<div class=\"elementor-element elementor-element-b32c97f elementor-widget elementor-widget-text-editor\" data-id=\"b32c97f\" data-element_type=\"widget\" data-e-type=\"widget\" data-widget_type=\"text-editor.default\">\n\t\t\t\t<div class=\"elementor-widget-container\">\n\t\t\t\t\t\t\t\t\t<p>Los precios indicados en el sitio web deben entenderse en euros, impuestos y tasas incluidos, teniendo en cuenta el IVA vigente en la fecha de pago de la reserva.<\/p>\t\t\t\t\t\t\t\t<\/div>\n\t\t\t\t<\/div>\n\t\t\t\t<div class=\"elementor-element elementor-element-25ad6fa elementor-widget elementor-widget-heading\" data-id=\"25ad6fa\" data-element_type=\"widget\" data-e-type=\"widget\" data-widget_type=\"heading.default\">\n\t\t\t\t<div class=\"elementor-widget-container\">\n\t\t\t\t\t<h2 class=\"elementor-heading-title elementor-size-default\">Formas de pago<\/h2>\t\t\t\t<\/div>\n\t\t\t\t<\/div>\n\t\t\t\t<div class=\"elementor-element elementor-element-538190e elementor-widget elementor-widget-text-editor\" data-id=\"538190e\" data-element_type=\"widget\" data-e-type=\"widget\" data-widget_type=\"text-editor.default\">\n\t\t\t\t<div class=\"elementor-widget-container\">\n\t\t\t\t\t\t\t\t\t<p>Cuando alguien desee hacer una reserva utilizando los datos de contacto o el formulario de la p\u00e1gina de contacto de este sitio web, se le comunicar\u00e1n los siguientes m\u00e9todos de pago por un medio ajeno al sitio web:<br>&#8211; Mbway<br>&#8211; Transferencia bancaria<\/p>\n<p>Cuando la reserva se realiza a trav\u00e9s de plataformas asociadas (y no a trav\u00e9s de este sitio web), el procesamiento del pago puede ser realizado por terceros seleccionados por estas plataformas, y se aplicar\u00e1n sus pol\u00edticas de privacidad y condiciones de uso.<\/p>\t\t\t\t\t\t\t\t<\/div>\n\t\t\t\t<\/div>\n\t\t\t\t<div class=\"elementor-element elementor-element-38da9f8 elementor-widget elementor-widget-heading\" data-id=\"38da9f8\" data-element_type=\"widget\" data-e-type=\"widget\" data-widget_type=\"heading.default\">\n\t\t\t\t<div class=\"elementor-widget-container\">\n\t\t\t\t\t<h2 class=\"elementor-heading-title elementor-size-default\">Fianza y da\u00f1os<\/h2>\t\t\t\t<\/div>\n\t\t\t\t<\/div>\n\t\t\t\t<div class=\"elementor-element elementor-element-cbf98e3 elementor-widget elementor-widget-text-editor\" data-id=\"cbf98e3\" data-element_type=\"widget\" data-e-type=\"widget\" data-widget_type=\"text-editor.default\">\n\t\t\t\t<div class=\"elementor-widget-container\">\n\t\t\t\t\t\t\t\t\t<p>La reserva de la estancia implica un dep\u00f3sito de 250\u20ac que se devolver\u00e1 a la salida, siempre que se haga un buen uso del espacio.<br>S\u00f3lo se admiten 6 hu\u00e9spedes (m\u00e1ximo) durante la estancia en la casa.<\/p>\t\t\t\t\t\t\t\t<\/div>\n\t\t\t\t<\/div>\n\t\t\t\t<div class=\"elementor-element elementor-element-a9498bb elementor-widget elementor-widget-heading\" data-id=\"a9498bb\" data-element_type=\"widget\" data-e-type=\"widget\" data-widget_type=\"heading.default\">\n\t\t\t\t<div class=\"elementor-widget-container\">\n\t\t\t\t\t<h2 class=\"elementor-heading-title elementor-size-default\">Pol\u00edtica de cancelaci\u00f3n<\/h2>\t\t\t\t<\/div>\n\t\t\t\t<\/div>\n\t\t\t\t<div class=\"elementor-element elementor-element-0db7211 elementor-widget elementor-widget-text-editor\" data-id=\"0db7211\" data-element_type=\"widget\" data-e-type=\"widget\" data-widget_type=\"text-editor.default\">\n\t\t\t\t<div class=\"elementor-widget-container\">\n\t\t\t\t\t\t\t\t\t<p>Si la cancelaci\u00f3n se produce en el periodo anterior a los 14 d\u00edas previos a la fecha de entrada, el valor de la reserva puede utilizarse como cr\u00e9dito para una futura reserva en el establecimiento. Las reservas no pueden cancelarse en los 14 d\u00edas anteriores a la fecha de entrada.<\/p>\t\t\t\t\t\t\t\t<\/div>\n\t\t\t\t<\/div>\n\t\t\t\t<div class=\"elementor-element elementor-element-5e10514 elementor-widget elementor-widget-heading\" data-id=\"5e10514\" data-element_type=\"widget\" data-e-type=\"widget\" data-widget_type=\"heading.default\">\n\t\t\t\t<div class=\"elementor-widget-container\">\n\t\t\t\t\t<h2 class=\"elementor-heading-title elementor-size-default\">Protecci\u00f3n de datos<\/h2>\t\t\t\t<\/div>\n\t\t\t\t<\/div>\n\t\t\t\t<div class=\"elementor-element elementor-element-d589e59 elementor-widget elementor-widget-text-editor\" data-id=\"d589e59\" data-element_type=\"widget\" data-e-type=\"widget\" data-widget_type=\"text-editor.default\">\n\t\t\t\t<div class=\"elementor-widget-container\">\n\t\t\t\t\t\t\t\t\t<p>Tus datos se procesan de acuerdo con la legislaci\u00f3n sobre protecci\u00f3n de datos personales. <br>Para saber m\u00e1s\/leer la p\u00e1gina de Pol\u00edtica de Privacidad <a href=\"https:\/\/retirodegondramaz.pt\/es\/politica-de-cookies\/\" target=\"_blank\" rel=\"noopener\">haz clic aqu\u00ed.<br>Para saber m\u00e1s\/leer la p\u00e1gina de Pol\u00edtica de Cookies haz clic aqu\u00ed<\/a>.<br><br><\/p>\t\t\t\t\t\t\t\t<\/div>\n\t\t\t\t<\/div>\n\t\t\t\t\t<\/div>\n\t\t\t\t<\/div>\n\t\t\t\t<\/div>\n\t\t","protected":false},"excerpt":{"rendered":"<p>Introducci\u00f3n Bienvenido a la p\u00e1gina web de Retiro de Gondramaz que tiene el Registro de Alojamiento Local: 72178\/AL . Lee estas Condiciones Generales antes de hacer tu reserva. Al hacer una reserva o utilizar nuestros servicios, aceptas estas Condiciones y nuestra Pol\u00edtica de Privacidad y Pol\u00edtica de Cookies (enlazadas m\u00e1s abajo). Proveedor de servicios Retiro [&hellip;]<\/p>\n","protected":false},"author":1,"featured_media":0,"parent":0,"menu_order":0,"comment_status":"closed","ping_status":"closed","template":"","meta":{"inline_featured_image":false,"footnotes":""},"class_list":["post-5735","page","type-page","status-publish","hentry"],"_links":{"self":[{"href":"https:\/\/retirodegondramaz.pt\/es\/wp-json\/wp\/v2\/pages\/5735","targetHints":{"allow":["GET"]}}],"collection":[{"href":"https:\/\/retirodegondramaz.pt\/es\/wp-json\/wp\/v2\/pages"}],"about":[{"href":"https:\/\/retirodegondramaz.pt\/es\/wp-json\/wp\/v2\/types\/page"}],"author":[{"embeddable":true,"href":"https:\/\/retirodegondramaz.pt\/es\/wp-json\/wp\/v2\/users\/1"}],"replies":[{"embeddable":true,"href":"https:\/\/retirodegondramaz.pt\/es\/wp-json\/wp\/v2\/comments?post=5735"}],"version-history":[{"count":2,"href":"https:\/\/retirodegondramaz.pt\/es\/wp-json\/wp\/v2\/pages\/5735\/revisions"}],"predecessor-version":[{"id":5764,"href":"https:\/\/retirodegondramaz.pt\/es\/wp-json\/wp\/v2\/pages\/5735\/revisions\/5764"}],"wp:attachment":[{"href":"https:\/\/retirodegondramaz.pt\/es\/wp-json\/wp\/v2\/media?parent=5735"}],"curies":[{"name":"wp","href":"https:\/\/api.w.org\/{rel}","templated":true}]}}