{"id":5753,"date":"2026-02-02T19:58:11","date_gmt":"2026-02-02T19:58:11","guid":{"rendered":"https:\/\/retirodegondramaz.pt\/politica-de-cookies\/"},"modified":"2026-04-17T08:34:27","modified_gmt":"2026-04-17T08:34:27","slug":"politica-de-cookies","status":"publish","type":"page","link":"https:\/\/retirodegondramaz.pt\/es\/politica-de-cookies\/","title":{"rendered":"Pol\u00edtica de cookies"},"content":{"rendered":"\t\t<div data-elementor-type=\"wp-page\" data-elementor-id=\"5753\" class=\"elementor elementor-5753 elementor-5400\" data-elementor-post-type=\"page\">\n\t\t\t\t<div class=\"elementor-element elementor-element-695f1c2 e-con-full e-flex e-con e-parent\" data-id=\"695f1c2\" data-element_type=\"container\" data-e-type=\"container\">\n\t\t\t\t<div class=\"elementor-element elementor-element-6c9f204 elementor-widget elementor-widget-template\" data-id=\"6c9f204\" data-element_type=\"widget\" data-e-type=\"widget\" data-widget_type=\"template.default\">\n\t\t\t\t<div class=\"elementor-widget-container\">\n\t\t\t\t\t\t\t<div class=\"elementor-template\">\n\t\t\t\t\t<div data-elementor-type=\"container\" data-elementor-id=\"5347\" class=\"elementor elementor-5347\" data-elementor-post-type=\"elementor_library\">\n\t\t\t\t<div class=\"elementor-element elementor-element-581f22ab e-flex e-con-boxed e-con e-parent\" data-id=\"581f22ab\" data-element_type=\"container\" data-e-type=\"container\" data-settings=\"{&quot;background_background&quot;:&quot;classic&quot;}\">\n\t\t\t\t\t<div class=\"e-con-inner\">\n\t\t<div class=\"elementor-element elementor-element-5ca40de e-con-full e-flex e-con e-child\" data-id=\"5ca40de\" data-element_type=\"container\" data-e-type=\"container\">\n\t\t\t\t<div class=\"elementor-element elementor-element-72769c51 elementor-widget elementor-widget-heading\" data-id=\"72769c51\" data-element_type=\"widget\" data-e-type=\"widget\" data-widget_type=\"heading.default\">\n\t\t\t\t<div class=\"elementor-widget-container\">\n\t\t\t\t\t<h2 class=\"elementor-heading-title elementor-size-default\">Pol\u00edtica de cookies<\/h2>\t\t\t\t<\/div>\n\t\t\t\t<\/div>\n\t\t\t\t<div class=\"elementor-element elementor-element-3249376f elementor-widget elementor-widget-heading\" data-id=\"3249376f\" data-element_type=\"widget\" data-e-type=\"widget\" data-widget_type=\"heading.default\">\n\t\t\t\t<div class=\"elementor-widget-container\">\n\t\t\t\t\t<h6 class=\"elementor-heading-title elementor-size-default\">\u00faltima actualiza\u00e7\u00e3o em 2026-02-11<\/h6>\t\t\t\t<\/div>\n\t\t\t\t<\/div>\n\t\t\t\t<\/div>\n\t\t\t\t\t<\/div>\n\t\t\t\t<\/div>\n\t\t\t\t<\/div>\n\t\t\t\t<\/div>\n\t\t\t\t\t\t<\/div>\n\t\t\t\t<\/div>\n\t\t\t\t<\/div>\n\t\t<div class=\"elementor-element elementor-element-b89085e e-flex e-con-boxed e-con e-parent\" data-id=\"b89085e\" data-element_type=\"container\" data-e-type=\"container\">\n\t\t\t\t\t<div class=\"e-con-inner\">\n\t\t\t\t<div class=\"elementor-element elementor-element-227ebac elementor-widget elementor-widget-html\" data-id=\"227ebac\" data-element_type=\"widget\" data-e-type=\"widget\" data-widget_type=\"html.default\">\n\t\t\t\t<div class=\"elementor-widget-container\">\n\t\t\t\t\t<!-- Start CookieYes cookie policy -->\r\n<style>\r\n  a.cky-banner-element {\r\n    padding: 8px 30px;\r\n    background: #f8f9fa;\r\n    color: #696969;\r\n    border: 1px solid #dee2e6;\r\n    box-sizing: border-box;\r\n    border-radius: 2px;\r\n    cursor: pointer\r\n  }\r\n  \r\n  .cky-audit-table-element,.cookie-policy-p{font-weight:400;color:#696969;font-family:Old Standard TT;font-size:20px;line-height:1.8;}\r\n  \r\n<\/style>\r\n\r\n<h3>\u00bfQu\u00e9 son las cookies?<\/h3>\r\n<div class=\"cookie-policy-p\">\r\n  <p>Esta pol\u00edtica de cookies explica qu\u00e9 son las cookies, c\u00f3mo las utilizamos, los tipos de cookies que utilizamos (por ejemplo, la informaci\u00f3n que recopilamos cuando utilizamos cookies y c\u00f3mo se utiliza esa informaci\u00f3n) y c\u00f3mo gestionar tu configuraci\u00f3n de cookies.<\/p>\r\n  <p>Las cookies son peque\u00f1os archivos de texto que se utilizan para almacenar determinada informaci\u00f3n. Se almacenan en tu dispositivo cuando se carga un sitio web en tu navegador. Estas cookies ayudan a garantizar que el sitio web funcione correctamente, mejorar la seguridad, ofrecer una mejor experiencia al usuario y analizar el rendimiento para identificar lo que funciona correctamente y lo que necesita mejoras.<\/p>\r\n<\/div>&nbsp;<h3>\u00bfC\u00f3mo utilizamos las cookies?<\/h3>\r\n<div class=\"cookie-policy-p\">\r\n  <p>Como la mayor\u00eda de los servicios en l\u00ednea, nuestro sitio web utiliza cookies propias y de terceros para diversos fines. Las cookies propias son esenciales para el correcto funcionamiento del sitio web y no recogen ning\u00fan dato personal identificable.<\/p>\r\n  <p>Las cookies de terceros utilizadas en nuestro sitio web nos ayudan principalmente a comprender c\u00f3mo responde; hacer un seguimiento de c\u00f3mo interact\u00faas con \u00e9l; proteger nuestros servicios; ofrecerte publicidad de tu inter\u00e9s; y mejorar tu experiencia de usuario en general, optimizando al mismo tiempo la velocidad de tus interacciones posteriores en nuestro sitio web.<\/p>\r\n<\/div>&nbsp;<h2>Tipos de cookies que utilizamos<\/h2>\r\n<div class=\"cky-audit-table-element\"><\/div>&nbsp;<h2 style=\"margin-bottom: 20px\">Gestionar preferencias de cookies<\/h2><a class=\"cky-banner-element\">Preferencias de consentimiento<\/a><br><br><div>\r\n  <p style=\"font-weight:400;color:#696969;font-family:Old Standard TT;font-size:20px;line-height:1.8;\">Puedes cambiar tu configuraci\u00f3n de cookies en cualquier momento haciendo clic en el bot\u00f3n Preferencias de consentimiento de la parte superior. Esta opci\u00f3n te permitir\u00e1 volver a visitar el banner de consentimiento de cookies y actualizar tus preferencias o retirar tu consentimiento inmediatamente.<\/p>\r\n  <p style=\"font-weight:400;color:#696969;font-family:Old Standard TT;font-size:20px;line-height:1.8;\">Adem\u00e1s, los distintos navegadores ofrecen varios m\u00e9todos para bloquear y eliminar las cookies utilizadas por los sitios web. Puedes modificar la configuraci\u00f3n de tu navegador para bloquear o eliminar las cookies. A continuaci\u00f3n encontrar\u00e1s enlaces a documentos de ayuda sobre c\u00f3mo gestionar y eliminar cookies en los principales navegadores web.<\/p>\r\n  <p>Cromo: <a target=\"_blank\" rel=\"noopener noreferrer\" href=\"https:\/\/support.google.com\/accounts\/answer\/32050\">https:\/\/support.google.com\/accounts\/answer\/32050<\/a><\/p>\r\n  <p>Safari: <a target=\"_blank\" rel=\"noopener noreferrer\" href=\"https:\/\/support.apple.com\/en-in\/guide\/safari\/sfri11471\/mac\">https:\/\/support.apple.com\/en-in\/guide\/safari\/sfri11471\/mac<\/a><\/p>\r\n  <p>Firefox: <a target=\"_blank\" rel=\"noopener noreferrer\" href=\"https:\/\/support.mozilla.org\/en-US\/kb\/clear-cookies-and-site-data-firefox?redirectslug=delete-cookies-remove-info-websites-stored&amp;redirectlocale=en-US\">https:\/\/support.mozilla.org\/en-US\/kb\/clear-cookies-and-site-data-firefox?redirectslug=delete-cookies-remove-info-websites-stored&amp;redirectlocale=en-US<\/a><\/p>\r\n  <p>Internet Explorer: <a target=\"_blank\" rel=\"noopener noreferrer\" href=\"https:\/\/support.microsoft.com\/en-us\/topic\/how-to-delete-cookie-files-in-internet-explorer-bca9446f-d873-78de-77ba-d42645fa52fc\">https:\/\/support.microsoft.com\/en-us\/topic\/how-to-delete-cookie-files-in-internet-explorer-bca9446f-d873-78de-77ba-d42645fa52fc<\/a><\/p>\r\n  <p style=\"font-weight:400;color:#696969;font-family:Old Standard TT;font-size:20px;line-height:1.8;\">Si utilizas otro navegador, consulta su documentaci\u00f3n de ayuda oficial.<\/p>\r\n<\/div>&nbsp;<p class=\"cookie-policy-p\">  CookieYes ha generado esta pol\u00edtica <a target=\"_blank\" rel=\"noopener noreferrer\" href=\"https:\/\/www.cookieyes.com\/?utm_source=CP&amp;utm_medium=footer&amp;utm_campaign=UW\">de cookies - generador de pol\u00edtica de cookies<\/a><\/p>\r\n<!-- End CookieYes cookie policy -->\t\t\t\t<\/div>\n\t\t\t\t<\/div>\n\t\t\t\t\t<\/div>\n\t\t\t\t<\/div>\n\t\t\t\t<\/div>\n\t\t","protected":false},"excerpt":{"rendered":"<p>\u00bfQu\u00e9 son las cookies? Esta pol\u00edtica de cookies explica qu\u00e9 son las cookies, c\u00f3mo las utilizamos, los tipos de cookies que utilizamos (por ejemplo, la informaci\u00f3n que recopilamos cuando utilizamos cookies y c\u00f3mo se utiliza esa informaci\u00f3n) y c\u00f3mo gestionar tu configuraci\u00f3n de cookies. Las cookies son peque\u00f1os archivos de texto que se utilizan para [&hellip;]<\/p>\n","protected":false},"author":1,"featured_media":0,"parent":0,"menu_order":0,"comment_status":"closed","ping_status":"closed","template":"","meta":{"inline_featured_image":false,"footnotes":""},"class_list":["post-5753","page","type-page","status-publish","hentry"],"_links":{"self":[{"href":"https:\/\/retirodegondramaz.pt\/es\/wp-json\/wp\/v2\/pages\/5753","targetHints":{"allow":["GET"]}}],"collection":[{"href":"https:\/\/retirodegondramaz.pt\/es\/wp-json\/wp\/v2\/pages"}],"about":[{"href":"https:\/\/retirodegondramaz.pt\/es\/wp-json\/wp\/v2\/types\/page"}],"author":[{"embeddable":true,"href":"https:\/\/retirodegondramaz.pt\/es\/wp-json\/wp\/v2\/users\/1"}],"replies":[{"embeddable":true,"href":"https:\/\/retirodegondramaz.pt\/es\/wp-json\/wp\/v2\/comments?post=5753"}],"version-history":[{"count":1,"href":"https:\/\/retirodegondramaz.pt\/es\/wp-json\/wp\/v2\/pages\/5753\/revisions"}],"predecessor-version":[{"id":5754,"href":"https:\/\/retirodegondramaz.pt\/es\/wp-json\/wp\/v2\/pages\/5753\/revisions\/5754"}],"wp:attachment":[{"href":"https:\/\/retirodegondramaz.pt\/es\/wp-json\/wp\/v2\/media?parent=5753"}],"curies":[{"name":"wp","href":"https:\/\/api.w.org\/{rel}","templated":true}]}}