{"id":3918,"date":"2022-05-10T15:31:18","date_gmt":"2022-05-10T15:31:18","guid":{"rendered":"https:\/\/retirodegondramaz.pt\/a-propos-de\/"},"modified":"2024-02-23T13:30:49","modified_gmt":"2024-02-23T13:30:49","slug":"a-propos-de","status":"publish","type":"page","link":"https:\/\/retirodegondramaz.pt\/fr\/a-propos-de\/","title":{"rendered":"A propos de"},"content":{"rendered":"\t\t<div data-elementor-type=\"wp-page\" data-elementor-id=\"3918\" class=\"elementor elementor-3918 elementor-750\" data-elementor-post-type=\"page\">\n\t\t\t\t\t\t<section class=\"elementor-section elementor-top-section elementor-element elementor-element-e39a842 elementor-section-boxed elementor-section-height-default elementor-section-height-default\" data-id=\"e39a842\" data-element_type=\"section\" data-e-type=\"section\" data-settings=\"{&quot;background_background&quot;:&quot;classic&quot;}\">\n\t\t\t\t\t\t\t<div class=\"elementor-background-overlay\"><\/div>\n\t\t\t\t\t\t\t<div class=\"elementor-container elementor-column-gap-default\">\n\t\t\t\t\t<div class=\"elementor-column elementor-col-100 elementor-top-column elementor-element elementor-element-4119d8a\" data-id=\"4119d8a\" data-element_type=\"column\" data-e-type=\"column\">\n\t\t\t<div class=\"elementor-widget-wrap elementor-element-populated\">\n\t\t\t\t\t\t<div class=\"elementor-element elementor-element-6b1a539 elementor-widget elementor-widget-heading\" data-id=\"6b1a539\" data-element_type=\"widget\" data-e-type=\"widget\" data-widget_type=\"heading.default\">\n\t\t\t\t<div class=\"elementor-widget-container\">\n\t\t\t\t\t<h2 class=\"elementor-heading-title elementor-size-default\">A propos de<\/h2>\t\t\t\t<\/div>\n\t\t\t\t<\/div>\n\t\t\t\t<div class=\"elementor-element elementor-element-6034b09 elementor-widget elementor-widget-heading\" data-id=\"6034b09\" data-element_type=\"widget\" data-e-type=\"widget\" data-widget_type=\"heading.default\">\n\t\t\t\t<div class=\"elementor-widget-container\">\n\t\t\t\t\t<h6 class=\"elementor-heading-title elementor-size-default\">\"Nature, pierre schisteuse, village isol\u00e9\"<\/h6>\t\t\t\t<\/div>\n\t\t\t\t<\/div>\n\t\t\t\t\t<\/div>\n\t\t<\/div>\n\t\t\t\t\t<\/div>\n\t\t<\/section>\n\t\t\t\t<section class=\"elementor-section elementor-top-section elementor-element elementor-element-7cf28bf elementor-section-boxed elementor-section-height-default elementor-section-height-default\" data-id=\"7cf28bf\" data-element_type=\"section\" data-e-type=\"section\">\n\t\t\t\t\t\t<div class=\"elementor-container elementor-column-gap-default\">\n\t\t\t\t\t<div class=\"elementor-column elementor-col-100 elementor-top-column elementor-element elementor-element-8d2a44d\" data-id=\"8d2a44d\" data-element_type=\"column\" data-e-type=\"column\">\n\t\t\t<div class=\"elementor-widget-wrap elementor-element-populated\">\n\t\t\t\t\t\t<div class=\"elementor-element elementor-element-e2ec30d elementor-drop-cap-yes elementor-drop-cap-view-default elementor-widget elementor-widget-text-editor\" data-id=\"e2ec30d\" data-element_type=\"widget\" data-e-type=\"widget\" data-settings=\"{&quot;drop_cap&quot;:&quot;yes&quot;}\" data-widget_type=\"text-editor.default\">\n\t\t\t\t<div class=\"elementor-widget-container\">\n\t\t\t\t\t\t\t\t\t<p>Gondramaz est un lieu d&rsquo;une beaut\u00e9 naturelle perdue dans le temps.<br>&nbsp;Cela a \u00e9t\u00e9 possible au d\u00e9triment des difficult\u00e9s d&rsquo;acc\u00e8s physique, qui ont \u00e9t\u00e9 impos\u00e9es jusqu&rsquo;\u00e0 une date plus r\u00e9cente, lorsque la route menant au village a \u00e9t\u00e9 r\u00e9par\u00e9e.  <br>Miguel Torga lui-m\u00eame, en tant que m\u00e9decin vivant \u00e0 quelques kilom\u00e8tres de l\u00e0, dans le village de Vila Nova, a d\u00e9crit les difficult\u00e9s d&rsquo;acc\u00e8s \u00e0 Gondramaz. Le village est rest\u00e9 intact jusqu&rsquo;\u00e0 ces derni\u00e8res ann\u00e9es, et il est aujourd&rsquo;hui progressivement restaur\u00e9 avec toutes les mesures et les limites en place, ce qui en fait un lieu sp\u00e9cial o\u00f9 les visiteurs sont invit\u00e9s \u00e0 voyager des dizaines d&rsquo;ann\u00e9es en arri\u00e8re.<\/p>\n<p>Gondramaz conserve l&rsquo;architecture d&rsquo;antan, la flore aux multiples essences, la faune des cerfs et des renards, ainsi que l&rsquo;air frais et vivifiant du sommet de la montagne. Outre tous ces aspects, il compte encore quelques habitants permanents, comme la c\u00e9l\u00e8bre berg\u00e8re Carminda, que l&rsquo;on peut appeler la ma\u00eetresse du village.<\/p>\n<p>Le Retiro de Gondramaz, avec sa superficie de 208 m2, est un grand espace compar\u00e9 aux dimensions des autres maisons typiques des villages de schiste. En effet, cette retraite est n\u00e9e de deux maisons qui ont ensuite \u00e9t\u00e9 r\u00e9unies, la rue qui passait au milieu laissant place \u00e0 ce qui est aujourd&rsquo;hui le salon.&nbsp;<\/p>\n<p>Le Retiro de Gondramaz conserve sa structure originale, faite de pierres massives et de tuiles de montagne. L&rsquo;espace a \u00e9t\u00e9 r\u00e9cemment enti\u00e8rement restaur\u00e9 pour offrir une atmosph\u00e8re chaleureuse et le confort auquel nous sommes habitu\u00e9s aujourd&rsquo;hui.<\/p>\n<p>La combinaison de ce charmant village et de cette maison historique offre la possibilit\u00e9 de faire une pause dans la vie tr\u00e9pidante d&rsquo;aujourd&rsquo;hui et de faire l&rsquo;exp\u00e9rience d&rsquo;une retraite de paix et de charme.<\/p>\t\t\t\t\t\t\t\t<\/div>\n\t\t\t\t<\/div>\n\t\t\t\t\t<\/div>\n\t\t<\/div>\n\t\t\t\t\t<\/div>\n\t\t<\/section>\n\t\t\t\t<\/div>\n\t\t","protected":false},"excerpt":{"rendered":"<p>A propos de \u00ab\u00a0Nature, pierre schisteuse, village isol\u00e9\u00a0\u00bb Gondramaz est un lieu d&rsquo;une beaut\u00e9 naturelle perdue dans le temps.&nbsp;Cela a \u00e9t\u00e9 possible au d\u00e9triment des difficult\u00e9s d&rsquo;acc\u00e8s physique, qui ont \u00e9t\u00e9 impos\u00e9es jusqu&rsquo;\u00e0 une date plus r\u00e9cente, lorsque la route menant au village a \u00e9t\u00e9 r\u00e9par\u00e9e. Miguel Torga lui-m\u00eame, en tant que m\u00e9decin vivant \u00e0 [&hellip;]<\/p>\n","protected":false},"author":1,"featured_media":0,"parent":0,"menu_order":0,"comment_status":"closed","ping_status":"closed","template":"elementor_header_footer","meta":{"inline_featured_image":false,"footnotes":""},"class_list":["post-3918","page","type-page","status-publish","hentry"],"_links":{"self":[{"href":"https:\/\/retirodegondramaz.pt\/fr\/wp-json\/wp\/v2\/pages\/3918","targetHints":{"allow":["GET"]}}],"collection":[{"href":"https:\/\/retirodegondramaz.pt\/fr\/wp-json\/wp\/v2\/pages"}],"about":[{"href":"https:\/\/retirodegondramaz.pt\/fr\/wp-json\/wp\/v2\/types\/page"}],"author":[{"embeddable":true,"href":"https:\/\/retirodegondramaz.pt\/fr\/wp-json\/wp\/v2\/users\/1"}],"replies":[{"embeddable":true,"href":"https:\/\/retirodegondramaz.pt\/fr\/wp-json\/wp\/v2\/comments?post=3918"}],"version-history":[{"count":3,"href":"https:\/\/retirodegondramaz.pt\/fr\/wp-json\/wp\/v2\/pages\/3918\/revisions"}],"predecessor-version":[{"id":3924,"href":"https:\/\/retirodegondramaz.pt\/fr\/wp-json\/wp\/v2\/pages\/3918\/revisions\/3924"}],"wp:attachment":[{"href":"https:\/\/retirodegondramaz.pt\/fr\/wp-json\/wp\/v2\/media?parent=3918"}],"curies":[{"name":"wp","href":"https:\/\/api.w.org\/{rel}","templated":true}]}}