{"id":5724,"date":"2026-02-11T16:18:16","date_gmt":"2026-02-11T16:18:16","guid":{"rendered":"https:\/\/retirodegondramaz.pt\/conditions-generales-dutilisation\/"},"modified":"2026-04-17T08:36:35","modified_gmt":"2026-04-17T08:36:35","slug":"conditions-generales-dutilisation","status":"publish","type":"page","link":"https:\/\/retirodegondramaz.pt\/fr\/conditions-generales-dutilisation\/","title":{"rendered":"Conditions g\u00e9n\u00e9rales d&rsquo;utilisation"},"content":{"rendered":"\t\t<div data-elementor-type=\"wp-page\" data-elementor-id=\"5724\" class=\"elementor elementor-5724 elementor-5576\" data-elementor-post-type=\"page\">\n\t\t\t\t<div class=\"elementor-element elementor-element-61ae7a2 e-con-full e-flex e-con e-parent\" data-id=\"61ae7a2\" data-element_type=\"container\" data-e-type=\"container\">\n\t\t\t\t<div class=\"elementor-element elementor-element-58cc1ba elementor-widget elementor-widget-template\" data-id=\"58cc1ba\" data-element_type=\"widget\" data-e-type=\"widget\" data-widget_type=\"template.default\">\n\t\t\t\t<div class=\"elementor-widget-container\">\n\t\t\t\t\t\t\t<div class=\"elementor-template\">\n\t\t\t\t\t<div data-elementor-type=\"container\" data-elementor-id=\"5347\" class=\"elementor elementor-5347\" data-elementor-post-type=\"elementor_library\">\n\t\t\t\t<div class=\"elementor-element elementor-element-581f22ab e-flex e-con-boxed e-con e-parent\" data-id=\"581f22ab\" data-element_type=\"container\" data-e-type=\"container\" data-settings=\"{&quot;background_background&quot;:&quot;classic&quot;}\">\n\t\t\t\t\t<div class=\"e-con-inner\">\n\t\t<div class=\"elementor-element elementor-element-5ca40de e-con-full e-flex e-con e-child\" data-id=\"5ca40de\" data-element_type=\"container\" data-e-type=\"container\">\n\t\t\t\t<div class=\"elementor-element elementor-element-72769c51 elementor-widget elementor-widget-heading\" data-id=\"72769c51\" data-element_type=\"widget\" data-e-type=\"widget\" data-widget_type=\"heading.default\">\n\t\t\t\t<div class=\"elementor-widget-container\">\n\t\t\t\t\t<h2 class=\"elementor-heading-title elementor-size-default\">Conditions g\u00e9n\u00e9rales d&rsquo;utilisation<\/h2>\t\t\t\t<\/div>\n\t\t\t\t<\/div>\n\t\t\t\t<div class=\"elementor-element elementor-element-3249376f elementor-widget elementor-widget-heading\" data-id=\"3249376f\" data-element_type=\"widget\" data-e-type=\"widget\" data-widget_type=\"heading.default\">\n\t\t\t\t<div class=\"elementor-widget-container\">\n\t\t\t\t\t<h6 class=\"elementor-heading-title elementor-size-default\">\u00faltima actualiza\u00e7\u00e3o em 2026-02-11<\/h6>\t\t\t\t<\/div>\n\t\t\t\t<\/div>\n\t\t\t\t<\/div>\n\t\t\t\t\t<\/div>\n\t\t\t\t<\/div>\n\t\t\t\t<\/div>\n\t\t\t\t<\/div>\n\t\t\t\t\t\t<\/div>\n\t\t\t\t<\/div>\n\t\t\t\t<\/div>\n\t\t<div class=\"elementor-element elementor-element-727aff0 e-flex e-con-boxed e-con e-parent\" data-id=\"727aff0\" data-element_type=\"container\" data-e-type=\"container\">\n\t\t\t\t\t<div class=\"e-con-inner\">\n\t\t\t\t<div class=\"elementor-element elementor-element-8bc24aa elementor-widget elementor-widget-heading\" data-id=\"8bc24aa\" data-element_type=\"widget\" data-e-type=\"widget\" data-widget_type=\"heading.default\">\n\t\t\t\t<div class=\"elementor-widget-container\">\n\t\t\t\t\t<h2 class=\"elementor-heading-title elementor-size-default\">Introduction<\/h2>\t\t\t\t<\/div>\n\t\t\t\t<\/div>\n\t\t\t\t<div class=\"elementor-element elementor-element-7230529 elementor-widget elementor-widget-text-editor\" data-id=\"7230529\" data-element_type=\"widget\" data-e-type=\"widget\" data-widget_type=\"text-editor.default\">\n\t\t\t\t<div class=\"elementor-widget-container\">\n\t\t\t\t\t\t\t\t\t<p>Bienvenue sur le site web de Retiro de Gondramaz qui a l&rsquo;enregistrement d&rsquo;h\u00e9bergement local : 72178\/AL .<br>  Veuillez lire ces conditions g\u00e9n\u00e9rales avant d&rsquo;effectuer votre r\u00e9servation. En effectuant une r\u00e9servation ou en utilisant nos services, vous acceptez les pr\u00e9sentes conditions ainsi que notre politique de confidentialit\u00e9 et notre politique en mati\u00e8re de cookies (dont les liens figurent ci-dessous).<\/p>\t\t\t\t\t\t\t\t<\/div>\n\t\t\t\t<\/div>\n\t\t\t\t<div class=\"elementor-element elementor-element-81d516c elementor-widget elementor-widget-heading\" data-id=\"81d516c\" data-element_type=\"widget\" data-e-type=\"widget\" data-widget_type=\"heading.default\">\n\t\t\t\t<div class=\"elementor-widget-container\">\n\t\t\t\t\t<h2 class=\"elementor-heading-title elementor-size-default\">Prestataire de services<\/h2>\t\t\t\t<\/div>\n\t\t\t\t<\/div>\n\t\t\t\t<div class=\"elementor-element elementor-element-5ee3c05 elementor-widget elementor-widget-text-editor\" data-id=\"5ee3c05\" data-element_type=\"widget\" data-e-type=\"widget\" data-widget_type=\"text-editor.default\">\n\t\t\t\t<div class=\"elementor-widget-container\">\n\t\t\t\t\t\t\t\t\t<p>Retiro de Gondramaz est exploit\u00e9 par Jo\u00e3o Val\u00e9rio de Matos Pereira, un entrepreneur individuel, dont le num\u00e9ro de TVA est 212891820 et dont l&rsquo;adresse est Rua da Ponte Nova, 80, 3220-240 Miranda do Corvo.<br>Il peut \u00eatre contact\u00e9 par \u00e9crit \u00e0 son adresse \u00e9lectronique joaovaleriopereira@gmail.com ou par t\u00e9l\u00e9phone au <span style=\"font-size: 78%; font-family: lato;\">+351<\/span> 964367444.<sup><span style=\"font-size: 90%;\">(1)<\/span><\/sup><\/p>\t\t\t\t\t\t\t\t<\/div>\n\t\t\t\t<\/div>\n\t\t\t\t<div class=\"elementor-element elementor-element-6208124 elementor-widget elementor-widget-heading\" data-id=\"6208124\" data-element_type=\"widget\" data-e-type=\"widget\" data-widget_type=\"heading.default\">\n\t\t\t\t<div class=\"elementor-widget-container\">\n\t\t\t\t\t<h2 class=\"elementor-heading-title elementor-size-default\">Prix<\/h2>\t\t\t\t<\/div>\n\t\t\t\t<\/div>\n\t\t\t\t<div class=\"elementor-element elementor-element-b32c97f elementor-widget elementor-widget-text-editor\" data-id=\"b32c97f\" data-element_type=\"widget\" data-e-type=\"widget\" data-widget_type=\"text-editor.default\">\n\t\t\t\t<div class=\"elementor-widget-container\">\n\t\t\t\t\t\t\t\t\t<p>Les prix indiqu\u00e9s sur le site Internet doivent \u00eatre compris en euros, taxes et frais inclus, en tenant compte de la TVA en vigueur \u00e0 la date du paiement de la r\u00e9servation.<\/p>\t\t\t\t\t\t\t\t<\/div>\n\t\t\t\t<\/div>\n\t\t\t\t<div class=\"elementor-element elementor-element-25ad6fa elementor-widget elementor-widget-heading\" data-id=\"25ad6fa\" data-element_type=\"widget\" data-e-type=\"widget\" data-widget_type=\"heading.default\">\n\t\t\t\t<div class=\"elementor-widget-container\">\n\t\t\t\t\t<h2 class=\"elementor-heading-title elementor-size-default\">Modes de paiement<\/h2>\t\t\t\t<\/div>\n\t\t\t\t<\/div>\n\t\t\t\t<div class=\"elementor-element elementor-element-538190e elementor-widget elementor-widget-text-editor\" data-id=\"538190e\" data-element_type=\"widget\" data-e-type=\"widget\" data-widget_type=\"text-editor.default\">\n\t\t\t\t<div class=\"elementor-widget-container\">\n\t\t\t\t\t\t\t\t\t<p>Lorsqu&rsquo;une personne souhaite effectuer une r\u00e9servation en utilisant les coordonn\u00e9es ou le formulaire figurant sur la page de contact de ce site web, les m\u00e9thodes de paiement suivantes lui seront communiqu\u00e9es par un moyen ext\u00e9rieur au site web :<br>&#8211; Mbway<br>&#8211; Virement bancaire.<\/p>\n<p>Lorsque la r\u00e9servation est effectu\u00e9e par l&rsquo;interm\u00e9diaire de plateformes partenaires (et non par ce site web), le traitement des paiements peut \u00eatre effectu\u00e9 par des tiers s\u00e9lectionn\u00e9s par ces plateformes, et leurs politiques de confidentialit\u00e9 et conditions d&rsquo;utilisation s&rsquo;appliqueront.<\/p>\t\t\t\t\t\t\t\t<\/div>\n\t\t\t\t<\/div>\n\t\t\t\t<div class=\"elementor-element elementor-element-38da9f8 elementor-widget elementor-widget-heading\" data-id=\"38da9f8\" data-element_type=\"widget\" data-e-type=\"widget\" data-widget_type=\"heading.default\">\n\t\t\t\t<div class=\"elementor-widget-container\">\n\t\t\t\t\t<h2 class=\"elementor-heading-title elementor-size-default\">D\u00e9p\u00f4t de garantie et dommages<\/h2>\t\t\t\t<\/div>\n\t\t\t\t<\/div>\n\t\t\t\t<div class=\"elementor-element elementor-element-cbf98e3 elementor-widget elementor-widget-text-editor\" data-id=\"cbf98e3\" data-element_type=\"widget\" data-e-type=\"widget\" data-widget_type=\"text-editor.default\">\n\t\t\t\t<div class=\"elementor-widget-container\">\n\t\t\t\t\t\t\t\t\t<p>La r\u00e9servation du s\u00e9jour implique un d\u00e9p\u00f4t de 250\u20ac qui sera restitu\u00e9 au moment du d\u00e9part, sous r\u00e9serve d&rsquo;une bonne utilisation de l&rsquo;espace.<br>Seuls 6 invit\u00e9s (maximum) sont autoris\u00e9s pendant le s\u00e9jour dans la maison.<\/p>\t\t\t\t\t\t\t\t<\/div>\n\t\t\t\t<\/div>\n\t\t\t\t<div class=\"elementor-element elementor-element-a9498bb elementor-widget elementor-widget-heading\" data-id=\"a9498bb\" data-element_type=\"widget\" data-e-type=\"widget\" data-widget_type=\"heading.default\">\n\t\t\t\t<div class=\"elementor-widget-container\">\n\t\t\t\t\t<h2 class=\"elementor-heading-title elementor-size-default\">Politique d'annulation<\/h2>\t\t\t\t<\/div>\n\t\t\t\t<\/div>\n\t\t\t\t<div class=\"elementor-element elementor-element-0db7211 elementor-widget elementor-widget-text-editor\" data-id=\"0db7211\" data-element_type=\"widget\" data-e-type=\"widget\" data-widget_type=\"text-editor.default\">\n\t\t\t\t<div class=\"elementor-widget-container\">\n\t\t\t\t\t\t\t\t\t<p>Si l&rsquo;annulation intervient dans la p\u00e9riode pr\u00e9c\u00e9dant de 14 jours la date d&rsquo;arriv\u00e9e, la valeur de la r\u00e9servation peut \u00eatre utilis\u00e9e comme cr\u00e9dit pour une prochaine r\u00e9servation dans l&rsquo;\u00e9tablissement. Les r\u00e9servations ne peuvent pas \u00eatre annul\u00e9es dans les 14 jours pr\u00e9c\u00e9dant l&rsquo;enregistrement.<\/p>\t\t\t\t\t\t\t\t<\/div>\n\t\t\t\t<\/div>\n\t\t\t\t<div class=\"elementor-element elementor-element-5e10514 elementor-widget elementor-widget-heading\" data-id=\"5e10514\" data-element_type=\"widget\" data-e-type=\"widget\" data-widget_type=\"heading.default\">\n\t\t\t\t<div class=\"elementor-widget-container\">\n\t\t\t\t\t<h2 class=\"elementor-heading-title elementor-size-default\">Protection des donn\u00e9es<\/h2>\t\t\t\t<\/div>\n\t\t\t\t<\/div>\n\t\t\t\t<div class=\"elementor-element elementor-element-d589e59 elementor-widget elementor-widget-text-editor\" data-id=\"d589e59\" data-element_type=\"widget\" data-e-type=\"widget\" data-widget_type=\"text-editor.default\">\n\t\t\t\t<div class=\"elementor-widget-container\">\n\t\t\t\t\t\t\t\t\t<p>Vos donn\u00e9es sont trait\u00e9es conform\u00e9ment \u00e0 la l\u00e9gislation sur la protection des donn\u00e9es \u00e0 caract\u00e8re personnel. <br>Pour en savoir plus\/lire la page Politique de confidentialit\u00e9, <a href=\"https:\/\/retirodegondramaz.pt\/fr\/politique-de-confidentialite\/\" target=\"_blank\" rel=\"noopener\">cliquez ici<\/a>.<br>Pour en savoir plus\/lire la page Politique en mati\u00e8re de cookies <a href=\"https:\/\/retirodegondramaz.pt\/fr\/politique-en-matiere-de-cookies\/\" target=\"_blank\" rel=\"noopener\">, cliquez ici<\/a>.<br><br><\/p>\t\t\t\t\t\t\t\t<\/div>\n\t\t\t\t<\/div>\n\t\t\t\t\t<\/div>\n\t\t\t\t<\/div>\n\t\t\t\t<\/div>\n\t\t","protected":false},"excerpt":{"rendered":"<p>Introduction Bienvenue sur le site web de Retiro de Gondramaz qui a l&rsquo;enregistrement d&rsquo;h\u00e9bergement local : 72178\/AL . Veuillez lire ces conditions g\u00e9n\u00e9rales avant d&rsquo;effectuer votre r\u00e9servation. En effectuant une r\u00e9servation ou en utilisant nos services, vous acceptez les pr\u00e9sentes conditions ainsi que notre politique de confidentialit\u00e9 et notre politique en mati\u00e8re de cookies (dont [&hellip;]<\/p>\n","protected":false},"author":1,"featured_media":0,"parent":0,"menu_order":0,"comment_status":"closed","ping_status":"closed","template":"","meta":{"inline_featured_image":false,"footnotes":""},"class_list":["post-5724","page","type-page","status-publish","hentry"],"_links":{"self":[{"href":"https:\/\/retirodegondramaz.pt\/fr\/wp-json\/wp\/v2\/pages\/5724","targetHints":{"allow":["GET"]}}],"collection":[{"href":"https:\/\/retirodegondramaz.pt\/fr\/wp-json\/wp\/v2\/pages"}],"about":[{"href":"https:\/\/retirodegondramaz.pt\/fr\/wp-json\/wp\/v2\/types\/page"}],"author":[{"embeddable":true,"href":"https:\/\/retirodegondramaz.pt\/fr\/wp-json\/wp\/v2\/users\/1"}],"replies":[{"embeddable":true,"href":"https:\/\/retirodegondramaz.pt\/fr\/wp-json\/wp\/v2\/comments?post=5724"}],"version-history":[{"count":3,"href":"https:\/\/retirodegondramaz.pt\/fr\/wp-json\/wp\/v2\/pages\/5724\/revisions"}],"predecessor-version":[{"id":5785,"href":"https:\/\/retirodegondramaz.pt\/fr\/wp-json\/wp\/v2\/pages\/5724\/revisions\/5785"}],"wp:attachment":[{"href":"https:\/\/retirodegondramaz.pt\/fr\/wp-json\/wp\/v2\/media?parent=5724"}],"curies":[{"name":"wp","href":"https:\/\/api.w.org\/{rel}","templated":true}]}}