{"id":5755,"date":"2026-02-02T19:58:11","date_gmt":"2026-02-02T19:58:11","guid":{"rendered":"https:\/\/retirodegondramaz.pt\/politique-en-matiere-de-cookies\/"},"modified":"2026-04-17T09:05:04","modified_gmt":"2026-04-17T09:05:04","slug":"politique-en-matiere-de-cookies","status":"publish","type":"page","link":"https:\/\/retirodegondramaz.pt\/fr\/politique-en-matiere-de-cookies\/","title":{"rendered":"Politique en mati\u00e8re de cookies"},"content":{"rendered":"\t\t<div data-elementor-type=\"wp-page\" data-elementor-id=\"5755\" class=\"elementor elementor-5755 elementor-5400\" data-elementor-post-type=\"page\">\n\t\t\t\t<div class=\"elementor-element elementor-element-695f1c2 e-con-full e-flex e-con e-parent\" data-id=\"695f1c2\" data-element_type=\"container\" data-e-type=\"container\">\n\t\t\t\t<div class=\"elementor-element elementor-element-6c9f204 elementor-widget elementor-widget-template\" data-id=\"6c9f204\" data-element_type=\"widget\" data-e-type=\"widget\" data-widget_type=\"template.default\">\n\t\t\t\t<div class=\"elementor-widget-container\">\n\t\t\t\t\t\t\t<div class=\"elementor-template\">\n\t\t\t\t\t<div data-elementor-type=\"container\" data-elementor-id=\"5347\" class=\"elementor elementor-5347\" data-elementor-post-type=\"elementor_library\">\n\t\t\t\t<div class=\"elementor-element elementor-element-581f22ab e-flex e-con-boxed e-con e-parent\" data-id=\"581f22ab\" data-element_type=\"container\" data-e-type=\"container\" data-settings=\"{&quot;background_background&quot;:&quot;classic&quot;}\">\n\t\t\t\t\t<div class=\"e-con-inner\">\n\t\t<div class=\"elementor-element elementor-element-5ca40de e-con-full e-flex e-con e-child\" data-id=\"5ca40de\" data-element_type=\"container\" data-e-type=\"container\">\n\t\t\t\t<div class=\"elementor-element elementor-element-72769c51 elementor-widget elementor-widget-heading\" data-id=\"72769c51\" data-element_type=\"widget\" data-e-type=\"widget\" data-widget_type=\"heading.default\">\n\t\t\t\t<div class=\"elementor-widget-container\">\n\t\t\t\t\t<h2 class=\"elementor-heading-title elementor-size-default\">Politique en mati\u00e8re de cookies<\/h2>\t\t\t\t<\/div>\n\t\t\t\t<\/div>\n\t\t\t\t<div class=\"elementor-element elementor-element-3249376f elementor-widget elementor-widget-heading\" data-id=\"3249376f\" data-element_type=\"widget\" data-e-type=\"widget\" data-widget_type=\"heading.default\">\n\t\t\t\t<div class=\"elementor-widget-container\">\n\t\t\t\t\t<h6 class=\"elementor-heading-title elementor-size-default\">\u00faltima actualiza\u00e7\u00e3o em 2026-02-11<\/h6>\t\t\t\t<\/div>\n\t\t\t\t<\/div>\n\t\t\t\t<\/div>\n\t\t\t\t\t<\/div>\n\t\t\t\t<\/div>\n\t\t\t\t<\/div>\n\t\t\t\t<\/div>\n\t\t\t\t\t\t<\/div>\n\t\t\t\t<\/div>\n\t\t\t\t<\/div>\n\t\t<div class=\"elementor-element elementor-element-b89085e e-flex e-con-boxed e-con e-parent\" data-id=\"b89085e\" data-element_type=\"container\" data-e-type=\"container\">\n\t\t\t\t\t<div class=\"e-con-inner\">\n\t\t\t\t<div class=\"elementor-element elementor-element-227ebac elementor-widget elementor-widget-html\" data-id=\"227ebac\" data-element_type=\"widget\" data-e-type=\"widget\" data-widget_type=\"html.default\">\n\t\t\t\t<div class=\"elementor-widget-container\">\n\t\t\t\t\t<!-- Start CookieYes cookie policy -->\r\n<style>\r\n  a.cky-banner-element {\r\n    padding: 8px 30px;\r\n    background: #f8f9fa;\r\n    color: #696969;\r\n    border: 1px solid #dee2e6;\r\n    box-sizing: border-box;\r\n    border-radius: 2px;\r\n    cursor: pointer\r\n  }\r\n  \r\n  .cky-audit-table-element,.cookie-policy-p{font-weight:400;color:#696969;font-family:Old Standard TT;font-size:20px;line-height:1.8;}\r\n  \r\n<\/style>\r\n\r\n<h3>Qu'est-ce qu'un biscuit ?<\/h3>\r\n<div class=\"cookie-policy-p\">\r\n  <p>Cette politique en mati\u00e8re de cookies explique ce que sont les cookies, comment nous les utilisons, les types de cookies que nous utilisons (par exemple, les informations que nous recueillons lors de l'utilisation de cookies et la mani\u00e8re dont ces informations sont utilis\u00e9es) et comment g\u00e9rer vos param\u00e8tres en mati\u00e8re de cookies.<\/p>\r\n  <p>Les cookies sont de petits fichiers texte utilis\u00e9s pour stocker certains \u00e9l\u00e9ments d'information. Ils sont stock\u00e9s sur votre appareil lorsqu'un site web est charg\u00e9 dans votre navigateur. Ces cookies permettent de garantir le bon fonctionnement du site web, de renforcer la s\u00e9curit\u00e9, d'offrir une meilleure exp\u00e9rience \u00e0 l'utilisateur et d'analyser les performances afin d'identifier ce qui fonctionne correctement et ce qui doit \u00eatre am\u00e9lior\u00e9.<\/p>\r\n<\/div>&nbsp;<h3>Comment utilisons-nous les cookies ?<\/h3>\r\n<div class=\"cookie-policy-p\">\r\n  <p>Comme la plupart des services en ligne, notre site web utilise ses propres cookies et des cookies de tiers \u00e0 diverses fins. Les propres cookies sont essentiels au bon fonctionnement du site web et ne collectent aucune donn\u00e9e personnelle identifiable.<\/p>\r\n  <p>Les cookies tiers utilis\u00e9s sur notre site nous aident principalement \u00e0 comprendre comment il r\u00e9agit, \u00e0 suivre la fa\u00e7on dont vous interagissez avec lui, \u00e0 prot\u00e9ger nos services, \u00e0 vous proposer des publicit\u00e9s qui vous int\u00e9ressent et \u00e0 am\u00e9liorer votre exp\u00e9rience d'utilisateur en g\u00e9n\u00e9ral, tout en optimisant la vitesse de vos interactions ult\u00e9rieures sur notre site.<\/p>\r\n<\/div>&nbsp;<h2>Types de cookies que nous utilisons<\/h2>\r\n<div class=\"cky-audit-table-element\"><\/div>&nbsp;<h2 style=\"margin-bottom: 20px\">G\u00e9rer les pr\u00e9f\u00e9rences en mati\u00e8re de cookies<\/h2><a class=\"cky-banner-element\">Pr\u00e9f\u00e9rences en mati\u00e8re de consentement<\/a><br><br><div>\r\n  <p style=\"font-weight:400;color:#696969;font-family:Old Standard TT;font-size:20px;line-height:1.8;\">Vous pouvez modifier vos param\u00e8tres en mati\u00e8re de cookies \u00e0 tout moment en cliquant sur le bouton \"Pr\u00e9f\u00e9rences en mati\u00e8re de consentement\" en haut de la page. Cette option vous permettra de visiter \u00e0 nouveau la banni\u00e8re de consentement aux cookies et de mettre \u00e0 jour vos pr\u00e9f\u00e9rences ou de retirer votre consentement imm\u00e9diatement.<\/p>\r\n  <p style=\"font-weight:400;color:#696969;font-family:Old Standard TT;font-size:20px;line-height:1.8;\">En outre, les diff\u00e9rents navigateurs proposent diverses m\u00e9thodes pour bloquer et supprimer les cookies utilis\u00e9s par les sites web. Vous pouvez modifier les param\u00e8tres de votre navigateur pour bloquer ou supprimer les cookies. Vous trouverez ci-dessous des liens vers des documents d'aide sur la mani\u00e8re de g\u00e9rer et de supprimer les cookies dans les principaux navigateurs web.<\/p>\r\n  <p>Chrome <a target=\"_blank\" rel=\"noopener noreferrer\" href=\"https:\/\/support.google.com\/accounts\/answer\/32050\">: https:\/\/support.google.com\/accounts\/answer\/32050<\/a><\/p>\r\n  <p>Safari <a target=\"_blank\" rel=\"noopener noreferrer\" href=\"https:\/\/support.apple.com\/en-in\/guide\/safari\/sfri11471\/mac\">: https:\/\/support.apple.com\/en-in\/guide\/safari\/sfri11471\/mac<\/a><\/p>\r\n  <p>Firefox <a target=\"_blank\" rel=\"noopener noreferrer\" href=\"https:\/\/support.mozilla.org\/en-US\/kb\/clear-cookies-and-site-data-firefox?redirectslug=delete-cookies-remove-info-websites-stored&amp;redirectlocale=en-US\">: https:\/\/support.mozilla.org\/en-US\/kb\/clear-cookies-and-site-data-firefox?redirectslug=delete-cookies-remove-info-websites-stored&amp;redirectlocale=en-US<\/a><\/p>\r\n  <p>Internet Explorer <a target=\"_blank\" rel=\"noopener noreferrer\" href=\"https:\/\/support.microsoft.com\/en-us\/topic\/how-to-delete-cookie-files-in-internet-explorer-bca9446f-d873-78de-77ba-d42645fa52fc\">: https:\/\/support.microsoft.com\/en-us\/topic\/how-to-delete-cookie-files-in-internet-explorer-bca9446f-d873-78de-77ba-d42645fa52fc<\/a><\/p>\r\n  <p style=\"font-weight:400;color:#696969;font-family:Old Standard TT;font-size:20px;line-height:1.8;\">Si vous utilisez un autre navigateur, veuillez consulter sa documentation d'aide officielle.<\/p>\r\n<\/div>&nbsp;<p class=\"cookie-policy-p\">  CookieYes a g\u00e9n\u00e9r\u00e9 cette politique de <a target=\"_blank\" rel=\"noopener noreferrer\" href=\"https:\/\/www.cookieyes.com\/?utm_source=CP&amp;utm_medium=footer&amp;utm_campaign=UW\">cookies - g\u00e9n\u00e9rateur de politique de cookies<\/a><\/p>\r\n<!-- End CookieYes cookie policy -->\t\t\t\t<\/div>\n\t\t\t\t<\/div>\n\t\t\t\t\t<\/div>\n\t\t\t\t<\/div>\n\t\t\t\t<\/div>\n\t\t","protected":false},"excerpt":{"rendered":"<p>Qu&rsquo;est-ce qu&rsquo;un biscuit ? Cette politique en mati\u00e8re de cookies explique ce que sont les cookies, comment nous les utilisons, les types de cookies que nous utilisons (par exemple, les informations que nous recueillons lors de l&rsquo;utilisation de cookies et la mani\u00e8re dont ces informations sont utilis\u00e9es) et comment g\u00e9rer vos param\u00e8tres en mati\u00e8re de [&hellip;]<\/p>\n","protected":false},"author":1,"featured_media":0,"parent":0,"menu_order":0,"comment_status":"closed","ping_status":"closed","template":"","meta":{"inline_featured_image":false,"footnotes":""},"class_list":["post-5755","page","type-page","status-publish","hentry"],"_links":{"self":[{"href":"https:\/\/retirodegondramaz.pt\/fr\/wp-json\/wp\/v2\/pages\/5755","targetHints":{"allow":["GET"]}}],"collection":[{"href":"https:\/\/retirodegondramaz.pt\/fr\/wp-json\/wp\/v2\/pages"}],"about":[{"href":"https:\/\/retirodegondramaz.pt\/fr\/wp-json\/wp\/v2\/types\/page"}],"author":[{"embeddable":true,"href":"https:\/\/retirodegondramaz.pt\/fr\/wp-json\/wp\/v2\/users\/1"}],"replies":[{"embeddable":true,"href":"https:\/\/retirodegondramaz.pt\/fr\/wp-json\/wp\/v2\/comments?post=5755"}],"version-history":[{"count":3,"href":"https:\/\/retirodegondramaz.pt\/fr\/wp-json\/wp\/v2\/pages\/5755\/revisions"}],"predecessor-version":[{"id":5854,"href":"https:\/\/retirodegondramaz.pt\/fr\/wp-json\/wp\/v2\/pages\/5755\/revisions\/5854"}],"wp:attachment":[{"href":"https:\/\/retirodegondramaz.pt\/fr\/wp-json\/wp\/v2\/media?parent=5755"}],"curies":[{"name":"wp","href":"https:\/\/api.w.org\/{rel}","templated":true}]}}