{"id":5772,"date":"2026-01-29T17:36:06","date_gmt":"2026-01-29T17:36:06","guid":{"rendered":"https:\/\/retirodegondramaz.pt\/politique-de-confidentialite\/"},"modified":"2026-04-17T08:36:33","modified_gmt":"2026-04-17T08:36:33","slug":"politique-de-confidentialite","status":"publish","type":"page","link":"https:\/\/retirodegondramaz.pt\/fr\/politique-de-confidentialite\/","title":{"rendered":"Politique de confidentialit\u00e9"},"content":{"rendered":"\t\t<div data-elementor-type=\"wp-page\" data-elementor-id=\"5772\" class=\"elementor elementor-5772 elementor-5354\" data-elementor-post-type=\"page\">\n\t\t\t\t<div class=\"elementor-element elementor-element-9aa3f72 e-con-full e-flex e-con e-parent\" data-id=\"9aa3f72\" data-element_type=\"container\" data-e-type=\"container\">\n\t\t\t\t<div class=\"elementor-element elementor-element-9233867 elementor-widget elementor-widget-template\" data-id=\"9233867\" data-element_type=\"widget\" data-e-type=\"widget\" data-widget_type=\"template.default\">\n\t\t\t\t<div class=\"elementor-widget-container\">\n\t\t\t\t\t\t\t<div class=\"elementor-template\">\n\t\t\t\t\t<div data-elementor-type=\"container\" data-elementor-id=\"5347\" class=\"elementor elementor-5347\" data-elementor-post-type=\"elementor_library\">\n\t\t\t\t<div class=\"elementor-element elementor-element-581f22ab e-flex e-con-boxed e-con e-parent\" data-id=\"581f22ab\" data-element_type=\"container\" data-e-type=\"container\" data-settings=\"{&quot;background_background&quot;:&quot;classic&quot;}\">\n\t\t\t\t\t<div class=\"e-con-inner\">\n\t\t<div class=\"elementor-element elementor-element-5ca40de e-con-full e-flex e-con e-child\" data-id=\"5ca40de\" data-element_type=\"container\" data-e-type=\"container\">\n\t\t\t\t<div class=\"elementor-element elementor-element-72769c51 elementor-widget elementor-widget-heading\" data-id=\"72769c51\" data-element_type=\"widget\" data-e-type=\"widget\" data-widget_type=\"heading.default\">\n\t\t\t\t<div class=\"elementor-widget-container\">\n\t\t\t\t\t<h2 class=\"elementor-heading-title elementor-size-default\">Politique de confidentialit\u00e9<\/h2>\t\t\t\t<\/div>\n\t\t\t\t<\/div>\n\t\t\t\t<div class=\"elementor-element elementor-element-3249376f elementor-widget elementor-widget-heading\" data-id=\"3249376f\" data-element_type=\"widget\" data-e-type=\"widget\" data-widget_type=\"heading.default\">\n\t\t\t\t<div class=\"elementor-widget-container\">\n\t\t\t\t\t<h6 class=\"elementor-heading-title elementor-size-default\">\u00faltima actualiza\u00e7\u00e3o em 2026-02-11<\/h6>\t\t\t\t<\/div>\n\t\t\t\t<\/div>\n\t\t\t\t<\/div>\n\t\t\t\t\t<\/div>\n\t\t\t\t<\/div>\n\t\t\t\t<\/div>\n\t\t\t\t<\/div>\n\t\t\t\t\t\t<\/div>\n\t\t\t\t<\/div>\n\t\t\t\t<\/div>\n\t\t<div class=\"elementor-element elementor-element-960dd2b e-flex e-con-boxed e-con e-parent\" data-id=\"960dd2b\" data-element_type=\"container\" data-e-type=\"container\">\n\t\t\t\t\t<div class=\"e-con-inner\">\n\t\t\t\t<div class=\"elementor-element elementor-element-e644d99 elementor-widget elementor-widget-text-editor\" data-id=\"e644d99\" data-element_type=\"widget\" data-e-type=\"widget\" data-widget_type=\"text-editor.default\">\n\t\t\t\t<div class=\"elementor-widget-container\">\n\t\t\t\t\t\t\t\t\t<p>La pr\u00e9sente politique de confidentialit\u00e9 s&rsquo;applique \u00e0 toutes les donn\u00e9es \u00e0 caract\u00e8re personnel qui peuvent \u00eatre collect\u00e9es dans le cadre du pr\u00e9sent site web https:\/\/retirodegondramaz.pt\/ ou de sa variante \u00e9quivalente https:\/\/www.retirodegondramaz.pt\/ (ci-apr\u00e8s \u00ab\u00a0le site\u00a0\u00bb ou \u00ab\u00a0le site web\u00a0\u00bb).<\/p>\n<p>Nous consid\u00e9rons que la confidentialit\u00e9 des donn\u00e9es de nos visiteurs est de la plus haute importance. La pr\u00e9sente politique de confidentialit\u00e9 explique comment nous utilisons les informations que nous recueillons aupr\u00e8s des visiteurs du site web, mais aussi comment les visiteurs peuvent nous donner des instructions quant \u00e0 leur utilisation, \u00e0 savoir limiter l&rsquo;utilisation de ces informations, les modifier ou les supprimer. <\/p>\n<p>En utilisant ce site web, vous acceptez cette politique de confidentialit\u00e9 et le fait qu&rsquo;elle puisse \u00eatre modifi\u00e9e \u00e0 tout moment.<\/p>\n<p>Le <b>responsable du<\/b> traitement<br>Jo\u00e3o Val\u00e9rio de Matos Pereira, avec NIF : 212891820 et adresse Rua da Ponte Nova, 80, 3220-240 Miranda do Corvo, est responsable du traitement des donn\u00e9es personnelles de l&rsquo;utilisateur qui peuvent \u00eatre collect\u00e9es sur ce site web.<\/p>\n<p>Contacts :<br>T\u00e9l\u00e9phone : 969 545 536 <sup>(1)<\/sup><br>Courriel : joaovaleriopereira@gmail.com<\/p>\n<p><b>Comment collectons-nous vos donn\u00e9es, quelles sont les donn\u00e9es collect\u00e9es et dans quel but le sont-elles ?<\/b><\/p>\n<p>Des donn\u00e9es sont collect\u00e9es sur ce site web lorsque vous remplissez le formulaire, telles que les donn\u00e9es suivantes :<\/p>\n<ul>\n<li>Nom<\/li>\n<li>Courrier \u00e9lectronique<\/li>\n<li>Num\u00e9ro de t\u00e9l\u00e9phone mobile<\/li>\n<li>Dates d&rsquo;arriv\u00e9e et de d\u00e9part<\/li>\n<li>Nombre d&rsquo;invit\u00e9s<\/li>\n<\/ul>\n<p>Nous recueillons les informations ci-dessus &#8211; nom, adresse \u00e9lectronique, t\u00e9l\u00e9phone portable, dates et nombre d&rsquo;invit\u00e9s &#8211; pour g\u00e9rer votre r\u00e9servation, organiser votre arriv\u00e9e\/d\u00e9part et pr\u00e9parer la maison. Nous pouvons utiliser vos coordonn\u00e9es en cas de circonstances impr\u00e9vues ou pour vous envoyer une confirmation. <\/p>\n<p>Lorsque la r\u00e9servation est effectu\u00e9e par le biais de plateformes externes (par exemple Booking.com, Airbnb, Expedia, Vrbo ou autres), les donn\u00e9es personnelles sont initialement collect\u00e9es par ces entit\u00e9s, qui agissent en tant que responsables de traitement ind\u00e9pendants.<br data-start=\"1965\" data-end=\"1968\">Dans ces cas, Retiro de Gondramaz ne re\u00e7oit que les donn\u00e9es n\u00e9cessaires \u00e0 l&rsquo;ex\u00e9cution du s\u00e9jour et les traite en tant que responsable du traitement aux fins de la gestion de la r\u00e9servation, des obligations l\u00e9gales et de la fourniture du service.<\/p>\n<p>En ce qui concerne l&rsquo;utilisation de cookies par ce site web, vous pouvez lire notre <a href=\"https:\/\/retirodegondramaz.pt\/fr\/politique-en-matiere-de-cookies\/\">politique en mati\u00e8re de<\/a> cookies ici.<\/p>\n<p><b>Combien de temps conservons-nous les donn\u00e9es collect\u00e9es sur le site web ?<\/b><\/p>\n<p>Nous ne conservons vos donn\u00e9es personnelles que pendant la p\u00e9riode strictement n\u00e9cessaire \u00e0 la r\u00e9alisation des objectifs pour lesquels elles ont \u00e9t\u00e9 collect\u00e9es :<\/p>\n<ul>\n<li>Gestion des r\u00e9servations : Les donn\u00e9es fournies dans le formulaire (nom, adresse \u00e9lectronique, t\u00e9l\u00e9phone portable et d\u00e9tails du s\u00e9jour) sont conserv\u00e9es tout au long du processus de r\u00e9servation et jusqu&rsquo;\u00e0 la fin de votre s\u00e9jour.<\/li>\n<li>Obligations l\u00e9gales et fiscales : Apr\u00e8s le s\u00e9jour, nous sommes tenus par la loi de conserver les donn\u00e9es de facturation et d&rsquo;enregistrement du client (telles que le nom et l&rsquo;historique des paiements) pendant une p\u00e9riode de 10 ans, \u00e0 des fins fiscales et d&rsquo;audit.<\/li>\n<li>Assistance \u00e0 la client\u00e8le : si vous nous avez contact\u00e9s mais que vous n&rsquo;avez pas effectu\u00e9 de r\u00e9servation, vos donn\u00e9es seront supprim\u00e9es six mois apr\u00e8s le dernier contact, afin de faciliter les communications futures \u00e0 votre demande.<\/li>\n<\/ul>\n<p>D\u00e8s que les donn\u00e9es ne sont plus n\u00e9cessaires, nous les effacerons.<\/p>\n<p>Aux fins de la gestion et de l&rsquo;ex\u00e9cution de la r\u00e9servation, les donn\u00e9es personnelles peuvent \u00eatre partag\u00e9es avec des fournisseurs techniques et des plateformes de r\u00e9servation qui agissent en tant que sous-traitants ou contr\u00f4leurs de donn\u00e9es ind\u00e9pendants, \u00e0 savoir TalkGuest, les plateformes d&rsquo;interm\u00e9diation de r\u00e9servation (par exemple Booking.com, Airbnb, VRBO, Expedia).<br>Ce traitement est n\u00e9cessaire \u00e0 l&rsquo;ex\u00e9cution du contrat d&rsquo;h\u00e9bergement et au respect des obligations l\u00e9gales.<\/p>\n<p>En tout \u00e9tat de cause, s&rsquo;agissant de la conservation des donn\u00e9es, chaque visiteur ou client dispose, en vertu du r\u00e8glement g\u00e9n\u00e9ral sur la protection des donn\u00e9es (RGPD), du droit d&rsquo;acc\u00e9der \u00e0 ses donn\u00e9es, de rectifier ses donn\u00e9es, de retirer son consentement au traitement des donn\u00e9es, du droit \u00e0 la portabilit\u00e9 des donn\u00e9es et du droit \u00e0 l&rsquo;effacement des donn\u00e9es (sauf si un obstacle juridique s&rsquo;y oppose).<\/p>\n<p><b>S\u00e9curit\u00e9 des donn\u00e9es<\/b><\/p>\n<p>Nous avons mis en place des mesures de s\u00e9curit\u00e9 physiques et technologiques pour assurer la s\u00e9curit\u00e9 de vos informations personnelles.<br>Nous utilisons \u00e9galement le cryptage pour prot\u00e9ger les informations sensibles transmises par l&rsquo;interm\u00e9diaire de ce site web, qui utilise un certificat SSL (Secure Socket Layer).<\/p>\n<p>Les ordinateurs\/serveurs sur lesquels se trouve ce site web sont conserv\u00e9s dans un environnement s\u00e9curis\u00e9 par le fournisseur d&rsquo;h\u00e9bergement.<\/p>\n<p><b>Vos droits concernant les donn\u00e9es personnelles saisies sur ce site web :<br><\/b><br> Vous avez le droit de savoir pourquoi vos donn\u00e9es personnelles sont n\u00e9cessaires, ce qu&rsquo;il en adviendra et combien de temps elles seront conserv\u00e9es.<\/p>\n<p>Droit d&rsquo;acc\u00e8s : Vous avez le droit d&rsquo;acc\u00e9der \u00e0 vos donn\u00e9es personnelles dont nous avons connaissance.<\/p>\n<p>Droit de rectification : vous avez le droit de compl\u00e9ter, de corriger ou de supprimer vos donn\u00e9es \u00e0 caract\u00e8re personnel quand vous le souhaitez.<br>Si vous nous avez donn\u00e9 votre consentement pour traiter vos donn\u00e9es, vous avez le droit de r\u00e9voquer ce consentement et de faire supprimer vos donn\u00e9es \u00e0 caract\u00e8re personnel.<\/p>\n<p>Droit \u00e0 la portabilit\u00e9 : vous pouvez demander \u00e0 recevoir toutes vos donn\u00e9es personnelles sous une forme organis\u00e9e afin qu&rsquo;elles puissent \u00eatre transmises \u00e0 une autre entit\u00e9.<\/p>\n<p>Droit \u00e0 l&rsquo;effacement : vous pouvez vous opposer au traitement de vos donn\u00e9es. Si vous le demandez, nous les effacerons, sauf si nous sommes l\u00e9galement emp\u00each\u00e9s de le faire. <\/p>\n<p>Pour exercer l&rsquo;un de ces droits, veuillez nous contacter. Vous trouverez nos coordonn\u00e9es au bas de cette page. Si vous avez une plainte \u00e0 formuler sur la mani\u00e8re dont nous utilisons vos donn\u00e9es, nous aimerions que vous nous en fassiez part.  <\/p>\n<p><b>Liens vers des sites web externes<\/b><\/p>\n<p>Cette politique de confidentialit\u00e9 ne s&rsquo;applique qu&rsquo;\u00e0 ce site web.<br>Ce site web contient des liens vers des sites web externes. En cliquant sur ces liens et en acc\u00e9dant \u00e0 ces sites externes, nous n&rsquo;assumons aucune responsabilit\u00e9 quant \u00e0 leur comportement ou \u00e0 leur politique de protection de la vie priv\u00e9e. <\/p>\n<p><b>Coordonn\u00e9es<\/b><br>Contacts :<br>T\u00e9l\u00e9phone : 969 545 536<sup>(1)<\/sup><br>Courriel : joaovaleriopereira@gmail.com<br>Adresse physique : Rua da Ponte Nova, 80, 3220-240 Miranda do Corvo<\/p>\n<p><span style=\"font-size: 85%;\">(1) Appel vers le r\u00e9seau mobile national<\/span><\/p>\t\t\t\t\t\t\t\t<\/div>\n\t\t\t\t<\/div>\n\t\t\t\t\t<\/div>\n\t\t\t\t<\/div>\n\t\t\t\t<\/div>\n\t\t","protected":false},"excerpt":{"rendered":"<p>La pr\u00e9sente politique de confidentialit\u00e9 s&rsquo;applique \u00e0 toutes les donn\u00e9es \u00e0 caract\u00e8re personnel qui peuvent \u00eatre collect\u00e9es dans le cadre du pr\u00e9sent site web https:\/\/retirodegondramaz.pt\/ ou de sa variante \u00e9quivalente https:\/\/www.retirodegondramaz.pt\/ (ci-apr\u00e8s \u00ab\u00a0le site\u00a0\u00bb ou \u00ab\u00a0le site web\u00a0\u00bb). Nous consid\u00e9rons que la confidentialit\u00e9 des donn\u00e9es de nos visiteurs est de la plus haute importance. La [&hellip;]<\/p>\n","protected":false},"author":1,"featured_media":0,"parent":0,"menu_order":0,"comment_status":"closed","ping_status":"closed","template":"","meta":{"inline_featured_image":false,"footnotes":""},"class_list":["post-5772","page","type-page","status-publish","hentry"],"_links":{"self":[{"href":"https:\/\/retirodegondramaz.pt\/fr\/wp-json\/wp\/v2\/pages\/5772","targetHints":{"allow":["GET"]}}],"collection":[{"href":"https:\/\/retirodegondramaz.pt\/fr\/wp-json\/wp\/v2\/pages"}],"about":[{"href":"https:\/\/retirodegondramaz.pt\/fr\/wp-json\/wp\/v2\/types\/page"}],"author":[{"embeddable":true,"href":"https:\/\/retirodegondramaz.pt\/fr\/wp-json\/wp\/v2\/users\/1"}],"replies":[{"embeddable":true,"href":"https:\/\/retirodegondramaz.pt\/fr\/wp-json\/wp\/v2\/comments?post=5772"}],"version-history":[{"count":1,"href":"https:\/\/retirodegondramaz.pt\/fr\/wp-json\/wp\/v2\/pages\/5772\/revisions"}],"predecessor-version":[{"id":5773,"href":"https:\/\/retirodegondramaz.pt\/fr\/wp-json\/wp\/v2\/pages\/5772\/revisions\/5773"}],"wp:attachment":[{"href":"https:\/\/retirodegondramaz.pt\/fr\/wp-json\/wp\/v2\/media?parent=5772"}],"curies":[{"name":"wp","href":"https:\/\/api.w.org\/{rel}","templated":true}]}}