{"id":5728,"date":"2026-02-11T16:18:16","date_gmt":"2026-02-11T16:18:16","guid":{"rendered":"https:\/\/retirodegondramaz.pt\/algemene-voorwaarden\/"},"modified":"2026-04-17T08:36:35","modified_gmt":"2026-04-17T08:36:35","slug":"algemene-voorwaarden","status":"publish","type":"page","link":"https:\/\/retirodegondramaz.pt\/nl\/algemene-voorwaarden\/","title":{"rendered":"Algemene voorwaarden"},"content":{"rendered":"\t\t<div data-elementor-type=\"wp-page\" data-elementor-id=\"5728\" class=\"elementor elementor-5728 elementor-5576\" data-elementor-post-type=\"page\">\n\t\t\t\t<div class=\"elementor-element elementor-element-61ae7a2 e-con-full e-flex e-con e-parent\" data-id=\"61ae7a2\" data-element_type=\"container\" data-e-type=\"container\">\n\t\t\t\t<div class=\"elementor-element elementor-element-58cc1ba elementor-widget elementor-widget-template\" data-id=\"58cc1ba\" data-element_type=\"widget\" data-e-type=\"widget\" data-widget_type=\"template.default\">\n\t\t\t\t<div class=\"elementor-widget-container\">\n\t\t\t\t\t\t\t<div class=\"elementor-template\">\n\t\t\t\t\t<div data-elementor-type=\"container\" data-elementor-id=\"5347\" class=\"elementor elementor-5347\" data-elementor-post-type=\"elementor_library\">\n\t\t\t\t<div class=\"elementor-element elementor-element-581f22ab e-flex e-con-boxed e-con e-parent\" data-id=\"581f22ab\" data-element_type=\"container\" data-e-type=\"container\" data-settings=\"{&quot;background_background&quot;:&quot;classic&quot;}\">\n\t\t\t\t\t<div class=\"e-con-inner\">\n\t\t<div class=\"elementor-element elementor-element-5ca40de e-con-full e-flex e-con e-child\" data-id=\"5ca40de\" data-element_type=\"container\" data-e-type=\"container\">\n\t\t\t\t<div class=\"elementor-element elementor-element-72769c51 elementor-widget elementor-widget-heading\" data-id=\"72769c51\" data-element_type=\"widget\" data-e-type=\"widget\" data-widget_type=\"heading.default\">\n\t\t\t\t<div class=\"elementor-widget-container\">\n\t\t\t\t\t<h2 class=\"elementor-heading-title elementor-size-default\">Algemene voorwaarden<\/h2>\t\t\t\t<\/div>\n\t\t\t\t<\/div>\n\t\t\t\t<div class=\"elementor-element elementor-element-3249376f elementor-widget elementor-widget-heading\" data-id=\"3249376f\" data-element_type=\"widget\" data-e-type=\"widget\" data-widget_type=\"heading.default\">\n\t\t\t\t<div class=\"elementor-widget-container\">\n\t\t\t\t\t<h6 class=\"elementor-heading-title elementor-size-default\">\u00faltima actualiza\u00e7\u00e3o em 2026-02-11<\/h6>\t\t\t\t<\/div>\n\t\t\t\t<\/div>\n\t\t\t\t<\/div>\n\t\t\t\t\t<\/div>\n\t\t\t\t<\/div>\n\t\t\t\t<\/div>\n\t\t\t\t<\/div>\n\t\t\t\t\t\t<\/div>\n\t\t\t\t<\/div>\n\t\t\t\t<\/div>\n\t\t<div class=\"elementor-element elementor-element-727aff0 e-flex e-con-boxed e-con e-parent\" data-id=\"727aff0\" data-element_type=\"container\" data-e-type=\"container\">\n\t\t\t\t\t<div class=\"e-con-inner\">\n\t\t\t\t<div class=\"elementor-element elementor-element-8bc24aa elementor-widget elementor-widget-heading\" data-id=\"8bc24aa\" data-element_type=\"widget\" data-e-type=\"widget\" data-widget_type=\"heading.default\">\n\t\t\t\t<div class=\"elementor-widget-container\">\n\t\t\t\t\t<h2 class=\"elementor-heading-title elementor-size-default\">Inleiding<\/h2>\t\t\t\t<\/div>\n\t\t\t\t<\/div>\n\t\t\t\t<div class=\"elementor-element elementor-element-7230529 elementor-widget elementor-widget-text-editor\" data-id=\"7230529\" data-element_type=\"widget\" data-e-type=\"widget\" data-widget_type=\"text-editor.default\">\n\t\t\t\t<div class=\"elementor-widget-container\">\n\t\t\t\t\t\t\t\t\t<p>Welkom op de website van Retiro de Gondramaz, lokale accommodatie registratie: 72178\/AL .<br>  Lees deze Algemene voorwaarden voordat u reserveert. Door een boeking te maken of onze diensten te gebruiken, gaat u akkoord met deze Voorwaarden en met ons Privacybeleid en Cookiesbeleid (hieronder gelinkt).<\/p>\t\t\t\t\t\t\t\t<\/div>\n\t\t\t\t<\/div>\n\t\t\t\t<div class=\"elementor-element elementor-element-81d516c elementor-widget elementor-widget-heading\" data-id=\"81d516c\" data-element_type=\"widget\" data-e-type=\"widget\" data-widget_type=\"heading.default\">\n\t\t\t\t<div class=\"elementor-widget-container\">\n\t\t\t\t\t<h2 class=\"elementor-heading-title elementor-size-default\">Dienstverlener<\/h2>\t\t\t\t<\/div>\n\t\t\t\t<\/div>\n\t\t\t\t<div class=\"elementor-element elementor-element-5ee3c05 elementor-widget elementor-widget-text-editor\" data-id=\"5ee3c05\" data-element_type=\"widget\" data-e-type=\"widget\" data-widget_type=\"text-editor.default\">\n\t\t\t\t<div class=\"elementor-widget-container\">\n\t\t\t\t\t\t\t\t\t<p>Retiro de Gondramaz wordt beheerd door Jo\u00e3o Val\u00e9rio de Matos Pereira, een individuele ondernemer, met BTW-nummer 212891820 en adres Rua da Ponte Nova, 80, 3220-240 Miranda do Corvo.<br>Hij kan schriftelijk worden gecontacteerd op zijn e-mailadres joaovaleriopereira@gmail.com of telefonisch op <span style=\"font-size: 78%; font-family: lato;\">+351<\/span> 964367444.<sup><span style=\"font-size: 90%;\">(1)<\/span><\/sup><\/p>\t\t\t\t\t\t\t\t<\/div>\n\t\t\t\t<\/div>\n\t\t\t\t<div class=\"elementor-element elementor-element-6208124 elementor-widget elementor-widget-heading\" data-id=\"6208124\" data-element_type=\"widget\" data-e-type=\"widget\" data-widget_type=\"heading.default\">\n\t\t\t\t<div class=\"elementor-widget-container\">\n\t\t\t\t\t<h2 class=\"elementor-heading-title elementor-size-default\">Prijzen<\/h2>\t\t\t\t<\/div>\n\t\t\t\t<\/div>\n\t\t\t\t<div class=\"elementor-element elementor-element-b32c97f elementor-widget elementor-widget-text-editor\" data-id=\"b32c97f\" data-element_type=\"widget\" data-e-type=\"widget\" data-widget_type=\"text-editor.default\">\n\t\t\t\t<div class=\"elementor-widget-container\">\n\t\t\t\t\t\t\t\t\t<p>De prijzen die op de website worden getoond, moeten worden opgevat in euro&#8217;s, inclusief belastingen en toeslagen, rekening houdend met de btw die van kracht is op de datum van betaling van de reservering.<\/p>\t\t\t\t\t\t\t\t<\/div>\n\t\t\t\t<\/div>\n\t\t\t\t<div class=\"elementor-element elementor-element-25ad6fa elementor-widget elementor-widget-heading\" data-id=\"25ad6fa\" data-element_type=\"widget\" data-e-type=\"widget\" data-widget_type=\"heading.default\">\n\t\t\t\t<div class=\"elementor-widget-container\">\n\t\t\t\t\t<h2 class=\"elementor-heading-title elementor-size-default\">Betaalmethoden<\/h2>\t\t\t\t<\/div>\n\t\t\t\t<\/div>\n\t\t\t\t<div class=\"elementor-element elementor-element-538190e elementor-widget elementor-widget-text-editor\" data-id=\"538190e\" data-element_type=\"widget\" data-e-type=\"widget\" data-widget_type=\"text-editor.default\">\n\t\t\t\t<div class=\"elementor-widget-container\">\n\t\t\t\t\t\t\t\t\t<p>Wanneer iemand een boeking wil maken via de contactgegevens of het formulier op de contactpagina van deze website, dan worden de volgende betaalmethoden met hem gedeeld via een middel buiten de website:<br>&#8211; Mbway<br>&#8211; Bankoverschrijving<\/p>\n<p>Wanneer de boeking wordt gemaakt via partnerplatforms (en niet via deze website), kan de betalingsverwerking worden uitgevoerd door derden die door deze platforms zijn geselecteerd, en hun privacybeleid en gebruiksvoorwaarden zijn van toepassing.<\/p>\t\t\t\t\t\t\t\t<\/div>\n\t\t\t\t<\/div>\n\t\t\t\t<div class=\"elementor-element elementor-element-38da9f8 elementor-widget elementor-widget-heading\" data-id=\"38da9f8\" data-element_type=\"widget\" data-e-type=\"widget\" data-widget_type=\"heading.default\">\n\t\t\t\t<div class=\"elementor-widget-container\">\n\t\t\t\t\t<h2 class=\"elementor-heading-title elementor-size-default\">Borg en schade<\/h2>\t\t\t\t<\/div>\n\t\t\t\t<\/div>\n\t\t\t\t<div class=\"elementor-element elementor-element-cbf98e3 elementor-widget elementor-widget-text-editor\" data-id=\"cbf98e3\" data-element_type=\"widget\" data-e-type=\"widget\" data-widget_type=\"text-editor.default\">\n\t\t\t\t<div class=\"elementor-widget-container\">\n\t\t\t\t\t\t\t\t\t<p>De reservering van het verblijf impliceert een aanbetaling van 250\u20ac die zal worden teruggegeven bij het uitchecken, onder voorbehoud van goed gebruik van de ruimte.<br>Er zijn slechts 6 gasten (maximaal) toegestaan tijdens het verblijf in het huis.<\/p>\t\t\t\t\t\t\t\t<\/div>\n\t\t\t\t<\/div>\n\t\t\t\t<div class=\"elementor-element elementor-element-a9498bb elementor-widget elementor-widget-heading\" data-id=\"a9498bb\" data-element_type=\"widget\" data-e-type=\"widget\" data-widget_type=\"heading.default\">\n\t\t\t\t<div class=\"elementor-widget-container\">\n\t\t\t\t\t<h2 class=\"elementor-heading-title elementor-size-default\">Annuleringsvoorwaarden<\/h2>\t\t\t\t<\/div>\n\t\t\t\t<\/div>\n\t\t\t\t<div class=\"elementor-element elementor-element-0db7211 elementor-widget elementor-widget-text-editor\" data-id=\"0db7211\" data-element_type=\"widget\" data-e-type=\"widget\" data-widget_type=\"text-editor.default\">\n\t\t\t\t<div class=\"elementor-widget-container\">\n\t\t\t\t\t\t\t\t\t<p>Als de annulering plaatsvindt in de periode tot 14 dagen voor de incheckdatum, kan het bedrag van de reservering worden gebruikt als tegoed voor een toekomstige reservering bij het pand. Reserveringen kunnen niet worden geannuleerd binnen 14 dagen voor het inchecken.<\/p>\t\t\t\t\t\t\t\t<\/div>\n\t\t\t\t<\/div>\n\t\t\t\t<div class=\"elementor-element elementor-element-5e10514 elementor-widget elementor-widget-heading\" data-id=\"5e10514\" data-element_type=\"widget\" data-e-type=\"widget\" data-widget_type=\"heading.default\">\n\t\t\t\t<div class=\"elementor-widget-container\">\n\t\t\t\t\t<h2 class=\"elementor-heading-title elementor-size-default\">Gegevensbescherming<\/h2>\t\t\t\t<\/div>\n\t\t\t\t<\/div>\n\t\t\t\t<div class=\"elementor-element elementor-element-d589e59 elementor-widget elementor-widget-text-editor\" data-id=\"d589e59\" data-element_type=\"widget\" data-e-type=\"widget\" data-widget_type=\"text-editor.default\">\n\t\t\t\t<div class=\"elementor-widget-container\">\n\t\t\t\t\t\t\t\t\t<p>Uw gegevens worden verwerkt in overeenstemming met de wetgeving inzake de bescherming van persoonsgegevens. <br><a href=\"https:\/\/retirodegondramaz.pt\/nl\/privacybeleid\/\" target=\"_blank\" rel=\"noopener\">Klik hier<\/a> voor meer informatie\/lees de pagina Privacybeleid.<br><a href=\"https:\/\/retirodegondramaz.pt\/nl\/cookiebeleid\/\" target=\"_blank\" rel=\"noopener\">Klik hier<\/a> voor meer informatie\/lees de pagina Cookiesbeleid.<br><br><\/p>\t\t\t\t\t\t\t\t<\/div>\n\t\t\t\t<\/div>\n\t\t\t\t\t<\/div>\n\t\t\t\t<\/div>\n\t\t\t\t<\/div>\n\t\t","protected":false},"excerpt":{"rendered":"<p>Inleiding Welkom op de website van Retiro de Gondramaz, lokale accommodatie registratie: 72178\/AL . Lees deze Algemene voorwaarden voordat u reserveert. Door een boeking te maken of onze diensten te gebruiken, gaat u akkoord met deze Voorwaarden en met ons Privacybeleid en Cookiesbeleid (hieronder gelinkt). Dienstverlener Retiro de Gondramaz wordt beheerd door Jo\u00e3o Val\u00e9rio de [&hellip;]<\/p>\n","protected":false},"author":1,"featured_media":0,"parent":0,"menu_order":0,"comment_status":"closed","ping_status":"closed","template":"","meta":{"inline_featured_image":false,"footnotes":""},"class_list":["post-5728","page","type-page","status-publish","hentry"],"_links":{"self":[{"href":"https:\/\/retirodegondramaz.pt\/nl\/wp-json\/wp\/v2\/pages\/5728","targetHints":{"allow":["GET"]}}],"collection":[{"href":"https:\/\/retirodegondramaz.pt\/nl\/wp-json\/wp\/v2\/pages"}],"about":[{"href":"https:\/\/retirodegondramaz.pt\/nl\/wp-json\/wp\/v2\/types\/page"}],"author":[{"embeddable":true,"href":"https:\/\/retirodegondramaz.pt\/nl\/wp-json\/wp\/v2\/users\/1"}],"replies":[{"embeddable":true,"href":"https:\/\/retirodegondramaz.pt\/nl\/wp-json\/wp\/v2\/comments?post=5728"}],"version-history":[{"count":3,"href":"https:\/\/retirodegondramaz.pt\/nl\/wp-json\/wp\/v2\/pages\/5728\/revisions"}],"predecessor-version":[{"id":5786,"href":"https:\/\/retirodegondramaz.pt\/nl\/wp-json\/wp\/v2\/pages\/5728\/revisions\/5786"}],"wp:attachment":[{"href":"https:\/\/retirodegondramaz.pt\/nl\/wp-json\/wp\/v2\/media?parent=5728"}],"curies":[{"name":"wp","href":"https:\/\/api.w.org\/{rel}","templated":true}]}}