{"id":5757,"date":"2026-02-02T19:58:11","date_gmt":"2026-02-02T19:58:11","guid":{"rendered":"https:\/\/retirodegondramaz.pt\/cookiebeleid\/"},"modified":"2026-04-17T08:34:27","modified_gmt":"2026-04-17T08:34:27","slug":"cookiebeleid","status":"publish","type":"page","link":"https:\/\/retirodegondramaz.pt\/nl\/cookiebeleid\/","title":{"rendered":"Cookiebeleid"},"content":{"rendered":"\t\t<div data-elementor-type=\"wp-page\" data-elementor-id=\"5757\" class=\"elementor elementor-5757 elementor-5400\" data-elementor-post-type=\"page\">\n\t\t\t\t<div class=\"elementor-element elementor-element-695f1c2 e-con-full e-flex e-con e-parent\" data-id=\"695f1c2\" data-element_type=\"container\" data-e-type=\"container\">\n\t\t\t\t<div class=\"elementor-element elementor-element-6c9f204 elementor-widget elementor-widget-template\" data-id=\"6c9f204\" data-element_type=\"widget\" data-e-type=\"widget\" data-widget_type=\"template.default\">\n\t\t\t\t<div class=\"elementor-widget-container\">\n\t\t\t\t\t\t\t<div class=\"elementor-template\">\n\t\t\t\t\t<div data-elementor-type=\"container\" data-elementor-id=\"5347\" class=\"elementor elementor-5347\" data-elementor-post-type=\"elementor_library\">\n\t\t\t\t<div class=\"elementor-element elementor-element-581f22ab e-flex e-con-boxed e-con e-parent\" data-id=\"581f22ab\" data-element_type=\"container\" data-e-type=\"container\" data-settings=\"{&quot;background_background&quot;:&quot;classic&quot;}\">\n\t\t\t\t\t<div class=\"e-con-inner\">\n\t\t<div class=\"elementor-element elementor-element-5ca40de e-con-full e-flex e-con e-child\" data-id=\"5ca40de\" data-element_type=\"container\" data-e-type=\"container\">\n\t\t\t\t<div class=\"elementor-element elementor-element-72769c51 elementor-widget elementor-widget-heading\" data-id=\"72769c51\" data-element_type=\"widget\" data-e-type=\"widget\" data-widget_type=\"heading.default\">\n\t\t\t\t<div class=\"elementor-widget-container\">\n\t\t\t\t\t<h2 class=\"elementor-heading-title elementor-size-default\">Cookiebeleid<\/h2>\t\t\t\t<\/div>\n\t\t\t\t<\/div>\n\t\t\t\t<div class=\"elementor-element elementor-element-3249376f elementor-widget elementor-widget-heading\" data-id=\"3249376f\" data-element_type=\"widget\" data-e-type=\"widget\" data-widget_type=\"heading.default\">\n\t\t\t\t<div class=\"elementor-widget-container\">\n\t\t\t\t\t<h6 class=\"elementor-heading-title elementor-size-default\">\u00faltima actualiza\u00e7\u00e3o em 2026-02-11<\/h6>\t\t\t\t<\/div>\n\t\t\t\t<\/div>\n\t\t\t\t<\/div>\n\t\t\t\t\t<\/div>\n\t\t\t\t<\/div>\n\t\t\t\t<\/div>\n\t\t\t\t<\/div>\n\t\t\t\t\t\t<\/div>\n\t\t\t\t<\/div>\n\t\t\t\t<\/div>\n\t\t<div class=\"elementor-element elementor-element-b89085e e-flex e-con-boxed e-con e-parent\" data-id=\"b89085e\" data-element_type=\"container\" data-e-type=\"container\">\n\t\t\t\t\t<div class=\"e-con-inner\">\n\t\t\t\t<div class=\"elementor-element elementor-element-227ebac elementor-widget elementor-widget-html\" data-id=\"227ebac\" data-element_type=\"widget\" data-e-type=\"widget\" data-widget_type=\"html.default\">\n\t\t\t\t<div class=\"elementor-widget-container\">\n\t\t\t\t\t<!-- Start CookieYes cookie policy -->\r\n<style>\r\n  a.cky-banner-element {\r\n    padding: 8px 30px;\r\n    background: #f8f9fa;\r\n    color: #696969;\r\n    border: 1px solid #dee2e6;\r\n    box-sizing: border-box;\r\n    border-radius: 2px;\r\n    cursor: pointer\r\n  }\r\n  \r\n  .cky-audit-table-element,.cookie-policy-p{font-weight:400;color:#696969;font-family:Old Standard TT;font-size:20px;line-height:1.8;}\r\n  \r\n<\/style>\r\n\r\n<h3>Wat zijn cookies?<\/h3>\r\n<div class=\"cookie-policy-p\">\r\n  <p>Dit cookiebeleid legt uit wat cookies zijn, hoe we ze gebruiken, de soorten cookies die we gebruiken (bijvoorbeeld de informatie die we verzamelen wanneer we cookies gebruiken en hoe die informatie wordt gebruikt) en hoe u uw cookie-instellingen kunt beheren.<\/p>\r\n  <p>Cookies zijn kleine tekstbestanden die worden gebruikt om bepaalde informatie op te slaan. Ze worden op uw apparaat opgeslagen wanneer een website in uw browser wordt geladen. Deze cookies zorgen ervoor dat de website naar behoren werkt, verbeteren de beveiliging, bieden een betere gebruikerservaring en analyseren de prestaties om vast te stellen wat goed werkt en wat moet worden verbeterd.<\/p>\r\n<\/div>&nbsp;<h3>Hoe gebruiken we cookies?<\/h3>\r\n<div class=\"cookie-policy-p\">\r\n  <p>Zoals de meeste online diensten, gebruikt onze website zijn eigen cookies en cookies van derden voor verschillende doeleinden. Eigen cookies zijn essentieel voor het goed functioneren van de website en verzamelen geen persoonlijk identificeerbare gegevens.<\/p>\r\n  <p>De cookies van derden die op onze site worden gebruikt, helpen ons vooral om te begrijpen hoe de site reageert, bij te houden hoe u ermee omgaat, onze services te beschermen, u interessante reclame aan te bieden en uw gebruikerservaring in het algemeen te verbeteren, terwijl de snelheid van uw volgende interacties op onze site wordt geoptimaliseerd.<\/p>\r\n<\/div>&nbsp;<h2>Soorten cookies die we gebruiken<\/h2>\r\n<div class=\"cky-audit-table-element\"><\/div>&nbsp;<h2 style=\"margin-bottom: 20px\">Cookievoorkeuren beheren<\/h2><a class=\"cky-banner-element\">Toestemmingsvoorkeuren<\/a><br><br><div>\r\n  <p style=\"font-weight:400;color:#696969;font-family:Old Standard TT;font-size:20px;line-height:1.8;\">U kunt uw cookie-instellingen op elk gewenst moment wijzigen door bovenaan op de knop Toestemmingsvoorkeuren te klikken. Met deze optie kunt u de cookie-toestemmingsbanner opnieuw bezoeken en uw voorkeuren bijwerken of uw toestemming onmiddellijk intrekken.<\/p>\r\n  <p style=\"font-weight:400;color:#696969;font-family:Old Standard TT;font-size:20px;line-height:1.8;\">Bovendien bieden verschillende browsers verschillende methoden om cookies die door websites worden gebruikt, te blokkeren en te verwijderen. U kunt uw browserinstellingen wijzigen om cookies te blokkeren of te verwijderen. Hieronder vindt u links naar helpdocumenten over het beheren en verwijderen van cookies in de belangrijkste webbrowsers.<\/p>\r\n  <p>Chroom: <a target=\"_blank\" rel=\"noopener noreferrer\" href=\"https:\/\/support.google.com\/accounts\/answer\/32050\">https:\/\/support.google.com\/accounts\/answer\/32050<\/a><\/p>\r\n  <p>Safari: <a target=\"_blank\" rel=\"noopener noreferrer\" href=\"https:\/\/support.apple.com\/en-in\/guide\/safari\/sfri11471\/mac\">https:\/\/support.apple.com\/en-in\/guide\/safari\/sfri11471\/mac<\/a><\/p>\r\n  <p>Firefox: <a target=\"_blank\" rel=\"noopener noreferrer\" href=\"https:\/\/support.mozilla.org\/en-US\/kb\/clear-cookies-and-site-data-firefox?redirectslug=delete-cookies-remove-info-websites-stored&amp;redirectlocale=en-US\">https:\/\/support.mozilla.org\/en-US\/kb\/clear-cookies-and-site-data-firefox?redirectslug=delete-cookies-remove-info-websites-stored&amp;redirectlocale=en-US<\/a><\/p>\r\n  <p>Internet Explorer: <a target=\"_blank\" rel=\"noopener noreferrer\" href=\"https:\/\/support.microsoft.com\/en-us\/topic\/how-to-delete-cookie-files-in-internet-explorer-bca9446f-d873-78de-77ba-d42645fa52fc\">https:\/\/support.microsoft.com\/en-us\/topic\/how-to-delete-cookie-files-in-internet-explorer-bca9446f-d873-78de-77ba-d42645fa52fc<\/a><\/p>\r\n  <p style=\"font-weight:400;color:#696969;font-family:Old Standard TT;font-size:20px;line-height:1.8;\">Als je een andere browser gebruikt, raadpleeg dan de offici\u00eble helpdocumentatie.<\/p>\r\n<\/div>&nbsp;<p class=\"cookie-policy-p\">  CookieYes heeft dit <a target=\"_blank\" rel=\"noopener noreferrer\" href=\"https:\/\/www.cookieyes.com\/?utm_source=CP&amp;utm_medium=footer&amp;utm_campaign=UW\">cookiebeleid gegenereerd - cookiebeleidsgenerator<\/a><\/p>\r\n<!-- End CookieYes cookie policy -->\t\t\t\t<\/div>\n\t\t\t\t<\/div>\n\t\t\t\t\t<\/div>\n\t\t\t\t<\/div>\n\t\t\t\t<\/div>\n\t\t","protected":false},"excerpt":{"rendered":"<p>Wat zijn cookies? Dit cookiebeleid legt uit wat cookies zijn, hoe we ze gebruiken, de soorten cookies die we gebruiken (bijvoorbeeld de informatie die we verzamelen wanneer we cookies gebruiken en hoe die informatie wordt gebruikt) en hoe u uw cookie-instellingen kunt beheren. Cookies zijn kleine tekstbestanden die worden gebruikt om bepaalde informatie op te [&hellip;]<\/p>\n","protected":false},"author":1,"featured_media":0,"parent":0,"menu_order":0,"comment_status":"closed","ping_status":"closed","template":"","meta":{"inline_featured_image":false,"footnotes":""},"class_list":["post-5757","page","type-page","status-publish","hentry"],"_links":{"self":[{"href":"https:\/\/retirodegondramaz.pt\/nl\/wp-json\/wp\/v2\/pages\/5757","targetHints":{"allow":["GET"]}}],"collection":[{"href":"https:\/\/retirodegondramaz.pt\/nl\/wp-json\/wp\/v2\/pages"}],"about":[{"href":"https:\/\/retirodegondramaz.pt\/nl\/wp-json\/wp\/v2\/types\/page"}],"author":[{"embeddable":true,"href":"https:\/\/retirodegondramaz.pt\/nl\/wp-json\/wp\/v2\/users\/1"}],"replies":[{"embeddable":true,"href":"https:\/\/retirodegondramaz.pt\/nl\/wp-json\/wp\/v2\/comments?post=5757"}],"version-history":[{"count":1,"href":"https:\/\/retirodegondramaz.pt\/nl\/wp-json\/wp\/v2\/pages\/5757\/revisions"}],"predecessor-version":[{"id":5758,"href":"https:\/\/retirodegondramaz.pt\/nl\/wp-json\/wp\/v2\/pages\/5757\/revisions\/5758"}],"wp:attachment":[{"href":"https:\/\/retirodegondramaz.pt\/nl\/wp-json\/wp\/v2\/media?parent=5757"}],"curies":[{"name":"wp","href":"https:\/\/api.w.org\/{rel}","templated":true}]}}