{"id":4249,"date":"2022-05-10T15:31:18","date_gmt":"2022-05-10T15:31:18","guid":{"rendered":"https:\/\/retirodegondramaz.pt\/om\/"},"modified":"2024-02-24T11:57:24","modified_gmt":"2024-02-24T11:57:24","slug":"om","status":"publish","type":"page","link":"https:\/\/retirodegondramaz.pt\/sv\/om\/","title":{"rendered":"Om"},"content":{"rendered":"\t\t<div data-elementor-type=\"wp-page\" data-elementor-id=\"4249\" class=\"elementor elementor-4249 elementor-750\" data-elementor-post-type=\"page\">\n\t\t\t\t\t\t<section class=\"elementor-section elementor-top-section elementor-element elementor-element-e39a842 elementor-section-boxed elementor-section-height-default elementor-section-height-default\" data-id=\"e39a842\" data-element_type=\"section\" data-e-type=\"section\" data-settings=\"{&quot;background_background&quot;:&quot;classic&quot;}\">\n\t\t\t\t\t\t\t<div class=\"elementor-background-overlay\"><\/div>\n\t\t\t\t\t\t\t<div class=\"elementor-container elementor-column-gap-default\">\n\t\t\t\t\t<div class=\"elementor-column elementor-col-100 elementor-top-column elementor-element elementor-element-4119d8a\" data-id=\"4119d8a\" data-element_type=\"column\" data-e-type=\"column\">\n\t\t\t<div class=\"elementor-widget-wrap elementor-element-populated\">\n\t\t\t\t\t\t<div class=\"elementor-element elementor-element-6b1a539 elementor-widget elementor-widget-heading\" data-id=\"6b1a539\" data-element_type=\"widget\" data-e-type=\"widget\" data-widget_type=\"heading.default\">\n\t\t\t\t<div class=\"elementor-widget-container\">\n\t\t\t\t\t<h2 class=\"elementor-heading-title elementor-size-default\">Om<\/h2>\t\t\t\t<\/div>\n\t\t\t\t<\/div>\n\t\t\t\t<div class=\"elementor-element elementor-element-6034b09 elementor-widget elementor-widget-heading\" data-id=\"6034b09\" data-element_type=\"widget\" data-e-type=\"widget\" data-widget_type=\"heading.default\">\n\t\t\t\t<div class=\"elementor-widget-container\">\n\t\t\t\t\t<h6 class=\"elementor-heading-title elementor-size-default\">\"Natur, skiffersten, avl\u00e4gsen by\"<\/h6>\t\t\t\t<\/div>\n\t\t\t\t<\/div>\n\t\t\t\t\t<\/div>\n\t\t<\/div>\n\t\t\t\t\t<\/div>\n\t\t<\/section>\n\t\t\t\t<section class=\"elementor-section elementor-top-section elementor-element elementor-element-7cf28bf elementor-section-boxed elementor-section-height-default elementor-section-height-default\" data-id=\"7cf28bf\" data-element_type=\"section\" data-e-type=\"section\">\n\t\t\t\t\t\t<div class=\"elementor-container elementor-column-gap-default\">\n\t\t\t\t\t<div class=\"elementor-column elementor-col-100 elementor-top-column elementor-element elementor-element-8d2a44d\" data-id=\"8d2a44d\" data-element_type=\"column\" data-e-type=\"column\">\n\t\t\t<div class=\"elementor-widget-wrap elementor-element-populated\">\n\t\t\t\t\t\t<div class=\"elementor-element elementor-element-e2ec30d elementor-drop-cap-yes elementor-drop-cap-view-default elementor-widget elementor-widget-text-editor\" data-id=\"e2ec30d\" data-element_type=\"widget\" data-e-type=\"widget\" data-settings=\"{&quot;drop_cap&quot;:&quot;yes&quot;}\" data-widget_type=\"text-editor.default\">\n\t\t\t\t<div class=\"elementor-widget-container\">\n\t\t\t\t\t\t\t\t\t<p>Gondramaz \u00e4r en plats med naturlig sk\u00f6nhet som g\u00e5tt f\u00f6rlorad i tiden.<br>&nbsp;Detta var m\u00f6jligt p\u00e5 bekostnad av de fysiska sv\u00e5righeterna att ta sig till byn, som fanns kvar tills nyligen d\u00e5 v\u00e4gen till byn \u00e5tg\u00e4rdades.  <br>Miguel Torga, som sj\u00e4lv \u00e4r l\u00e4kare och bor n\u00e5gra kilometer bort i byn Vila Nova, beskrev sv\u00e5righeterna med att ta sig till Gondramaz. Byn f\u00f6rblev intakt fram till nyligen och \u00e5terst\u00e4lls nu gradvis med alla \u00e5tg\u00e4rder och gr\u00e4nser p\u00e5 plats, vilket g\u00f6r den till en speciell plats d\u00e4r bes\u00f6kare bjuds in att resa tillbaka tiotals \u00e5r i tiden.<\/p>\n<p>Gondramaz bevarar arkitekturen fr\u00e5n f\u00f6rr, den m\u00e5ngsidiga v\u00e4xtligheten, djurlivet med hjortar och r\u00e4var samt den f\u00f6ryngrande friska luften fr\u00e5n bergets topp. F\u00f6rutom alla dessa aspekter har den fortfarande n\u00e5gra permanenta inv\u00e5nare, till exempel den v\u00e4lk\u00e4nda herdinnan Carminda, som vi kan kalla byns h\u00e4rskarinna.<\/p>\n<p>Retiro de Gondramaz, med sina 208 m2, \u00e4r ett stort utrymme j\u00e4mf\u00f6rt med andra typiska hus i skifferbyar. Detta beror p\u00e5 att denna retr\u00e4ttplats har sitt ursprung i tv\u00e5 hus som senare byggdes ihop, med den gata som gick genom mitten och gav plats \u00e5t det som nu \u00e4r vardagsrummet.&nbsp;<\/p>\n<p>Retiro de Gondramaz har bevarat sin ursprungliga struktur, gjord av massiv sten och bergskakel. Lokalen har nyligen totalrenoverats f\u00f6r att ge en mysig atmosf\u00e4r och den komfort vi \u00e4r vana vid idag.<\/p>\n<p>Kombinationen av denna charmiga by och detta historiska hus p\u00e5 denna plats ger m\u00f6jlighet att ta en paus fr\u00e5n dagens hektiska liv och uppleva en tillflyktsort med lugn och charm.<\/p>\t\t\t\t\t\t\t\t<\/div>\n\t\t\t\t<\/div>\n\t\t\t\t\t<\/div>\n\t\t<\/div>\n\t\t\t\t\t<\/div>\n\t\t<\/section>\n\t\t\t\t<\/div>\n\t\t","protected":false},"excerpt":{"rendered":"<p>Om &#8221;Natur, skiffersten, avl\u00e4gsen by&#8221; Gondramaz \u00e4r en plats med naturlig sk\u00f6nhet som g\u00e5tt f\u00f6rlorad i tiden.&nbsp;Detta var m\u00f6jligt p\u00e5 bekostnad av de fysiska sv\u00e5righeterna att ta sig till byn, som fanns kvar tills nyligen d\u00e5 v\u00e4gen till byn \u00e5tg\u00e4rdades. Miguel Torga, som sj\u00e4lv \u00e4r l\u00e4kare och bor n\u00e5gra kilometer bort i byn Vila Nova, [&hellip;]<\/p>\n","protected":false},"author":1,"featured_media":0,"parent":0,"menu_order":0,"comment_status":"closed","ping_status":"closed","template":"elementor_header_footer","meta":{"inline_featured_image":false,"footnotes":""},"class_list":["post-4249","page","type-page","status-publish","hentry"],"_links":{"self":[{"href":"https:\/\/retirodegondramaz.pt\/sv\/wp-json\/wp\/v2\/pages\/4249","targetHints":{"allow":["GET"]}}],"collection":[{"href":"https:\/\/retirodegondramaz.pt\/sv\/wp-json\/wp\/v2\/pages"}],"about":[{"href":"https:\/\/retirodegondramaz.pt\/sv\/wp-json\/wp\/v2\/types\/page"}],"author":[{"embeddable":true,"href":"https:\/\/retirodegondramaz.pt\/sv\/wp-json\/wp\/v2\/users\/1"}],"replies":[{"embeddable":true,"href":"https:\/\/retirodegondramaz.pt\/sv\/wp-json\/wp\/v2\/comments?post=4249"}],"version-history":[{"count":3,"href":"https:\/\/retirodegondramaz.pt\/sv\/wp-json\/wp\/v2\/pages\/4249\/revisions"}],"predecessor-version":[{"id":4255,"href":"https:\/\/retirodegondramaz.pt\/sv\/wp-json\/wp\/v2\/pages\/4249\/revisions\/4255"}],"wp:attachment":[{"href":"https:\/\/retirodegondramaz.pt\/sv\/wp-json\/wp\/v2\/media?parent=4249"}],"curies":[{"name":"wp","href":"https:\/\/api.w.org\/{rel}","templated":true}]}}