{"id":5718,"date":"2026-02-11T16:18:16","date_gmt":"2026-02-11T16:18:16","guid":{"rendered":"https:\/\/retirodegondramaz.pt\/villkor-och-anvisningar\/"},"modified":"2026-04-17T08:36:34","modified_gmt":"2026-04-17T08:36:34","slug":"villkor-och-anvisningar","status":"publish","type":"page","link":"https:\/\/retirodegondramaz.pt\/sv\/villkor-och-anvisningar\/","title":{"rendered":"Villkor och anvisningar"},"content":{"rendered":"\t\t<div data-elementor-type=\"wp-page\" data-elementor-id=\"5718\" class=\"elementor elementor-5718 elementor-5576\" data-elementor-post-type=\"page\">\n\t\t\t\t<div class=\"elementor-element elementor-element-61ae7a2 e-con-full e-flex e-con e-parent\" data-id=\"61ae7a2\" data-element_type=\"container\" data-e-type=\"container\">\n\t\t\t\t<div class=\"elementor-element elementor-element-58cc1ba elementor-widget elementor-widget-template\" data-id=\"58cc1ba\" data-element_type=\"widget\" data-e-type=\"widget\" data-widget_type=\"template.default\">\n\t\t\t\t<div class=\"elementor-widget-container\">\n\t\t\t\t\t\t\t<div class=\"elementor-template\">\n\t\t\t\t\t<div data-elementor-type=\"container\" data-elementor-id=\"5347\" class=\"elementor elementor-5347\" data-elementor-post-type=\"elementor_library\">\n\t\t\t\t<div class=\"elementor-element elementor-element-581f22ab e-flex e-con-boxed e-con e-parent\" data-id=\"581f22ab\" data-element_type=\"container\" data-e-type=\"container\" data-settings=\"{&quot;background_background&quot;:&quot;classic&quot;}\">\n\t\t\t\t\t<div class=\"e-con-inner\">\n\t\t<div class=\"elementor-element elementor-element-5ca40de e-con-full e-flex e-con e-child\" data-id=\"5ca40de\" data-element_type=\"container\" data-e-type=\"container\">\n\t\t\t\t<div class=\"elementor-element elementor-element-72769c51 elementor-widget elementor-widget-heading\" data-id=\"72769c51\" data-element_type=\"widget\" data-e-type=\"widget\" data-widget_type=\"heading.default\">\n\t\t\t\t<div class=\"elementor-widget-container\">\n\t\t\t\t\t<h2 class=\"elementor-heading-title elementor-size-default\">Villkor och anvisningar<\/h2>\t\t\t\t<\/div>\n\t\t\t\t<\/div>\n\t\t\t\t<div class=\"elementor-element elementor-element-3249376f elementor-widget elementor-widget-heading\" data-id=\"3249376f\" data-element_type=\"widget\" data-e-type=\"widget\" data-widget_type=\"heading.default\">\n\t\t\t\t<div class=\"elementor-widget-container\">\n\t\t\t\t\t<h6 class=\"elementor-heading-title elementor-size-default\">\u00faltima actualiza\u00e7\u00e3o em 2026-02-11<\/h6>\t\t\t\t<\/div>\n\t\t\t\t<\/div>\n\t\t\t\t<\/div>\n\t\t\t\t\t<\/div>\n\t\t\t\t<\/div>\n\t\t\t\t<\/div>\n\t\t\t\t<\/div>\n\t\t\t\t\t\t<\/div>\n\t\t\t\t<\/div>\n\t\t\t\t<\/div>\n\t\t<div class=\"elementor-element elementor-element-727aff0 e-flex e-con-boxed e-con e-parent\" data-id=\"727aff0\" data-element_type=\"container\" data-e-type=\"container\">\n\t\t\t\t\t<div class=\"e-con-inner\">\n\t\t\t\t<div class=\"elementor-element elementor-element-8bc24aa elementor-widget elementor-widget-heading\" data-id=\"8bc24aa\" data-element_type=\"widget\" data-e-type=\"widget\" data-widget_type=\"heading.default\">\n\t\t\t\t<div class=\"elementor-widget-container\">\n\t\t\t\t\t<h2 class=\"elementor-heading-title elementor-size-default\">Inledning<\/h2>\t\t\t\t<\/div>\n\t\t\t\t<\/div>\n\t\t\t\t<div class=\"elementor-element elementor-element-7230529 elementor-widget elementor-widget-text-editor\" data-id=\"7230529\" data-element_type=\"widget\" data-e-type=\"widget\" data-widget_type=\"text-editor.default\">\n\t\t\t\t<div class=\"elementor-widget-container\">\n\t\t\t\t\t\t\t\t\t<p>V\u00e4lkommen till webbplatsen f\u00f6r Retiro de Gondramaz som har lokal bostadsregistrering: 72178\/AL .<br>  V\u00e4nligen l\u00e4s igenom dessa villkor innan du g\u00f6r din bokning. Genom att g\u00f6ra en bokning eller anv\u00e4nda v\u00e5ra tj\u00e4nster samtycker du till dessa villkor och till v\u00e5r integritetspolicy och cookiepolicy (l\u00e4nkad nedan).<\/p>\t\t\t\t\t\t\t\t<\/div>\n\t\t\t\t<\/div>\n\t\t\t\t<div class=\"elementor-element elementor-element-81d516c elementor-widget elementor-widget-heading\" data-id=\"81d516c\" data-element_type=\"widget\" data-e-type=\"widget\" data-widget_type=\"heading.default\">\n\t\t\t\t<div class=\"elementor-widget-container\">\n\t\t\t\t\t<h2 class=\"elementor-heading-title elementor-size-default\">Tj\u00e4nsteleverant\u00f6r<\/h2>\t\t\t\t<\/div>\n\t\t\t\t<\/div>\n\t\t\t\t<div class=\"elementor-element elementor-element-5ee3c05 elementor-widget elementor-widget-text-editor\" data-id=\"5ee3c05\" data-element_type=\"widget\" data-e-type=\"widget\" data-widget_type=\"text-editor.default\">\n\t\t\t\t<div class=\"elementor-widget-container\">\n\t\t\t\t\t\t\t\t\t<p>Retiro de Gondramaz drivs av Jo\u00e3o Val\u00e9rio de Matos Pereira, en enskild f\u00f6retagare med momsregistreringsnummer 212891820 och adress Rua da Ponte Nova, 80, 3220-240 Miranda do Corvo.<br>Han kan kontaktas skriftligen p\u00e5 e-postadressen joaovaleriopereira@gmail.com eller per telefon p\u00e5 <span style=\"font-size: 78%; font-family: lato;\">+351<\/span> 964367444.<sup><span style=\"font-size: 90%;\">(1)<\/span><\/sup><\/p>\t\t\t\t\t\t\t\t<\/div>\n\t\t\t\t<\/div>\n\t\t\t\t<div class=\"elementor-element elementor-element-6208124 elementor-widget elementor-widget-heading\" data-id=\"6208124\" data-element_type=\"widget\" data-e-type=\"widget\" data-widget_type=\"heading.default\">\n\t\t\t\t<div class=\"elementor-widget-container\">\n\t\t\t\t\t<h2 class=\"elementor-heading-title elementor-size-default\">Priserna<\/h2>\t\t\t\t<\/div>\n\t\t\t\t<\/div>\n\t\t\t\t<div class=\"elementor-element elementor-element-b32c97f elementor-widget elementor-widget-text-editor\" data-id=\"b32c97f\" data-element_type=\"widget\" data-e-type=\"widget\" data-widget_type=\"text-editor.default\">\n\t\t\t\t<div class=\"elementor-widget-container\">\n\t\t\t\t\t\t\t\t\t<p>De priser som visas p\u00e5 webbplatsen ska f\u00f6rst\u00e5s i euro, inklusive skatter och avgifter, med h\u00e4nsyn till den moms som g\u00e4ller p\u00e5 dagen f\u00f6r betalning av bokningen.<\/p>\t\t\t\t\t\t\t\t<\/div>\n\t\t\t\t<\/div>\n\t\t\t\t<div class=\"elementor-element elementor-element-25ad6fa elementor-widget elementor-widget-heading\" data-id=\"25ad6fa\" data-element_type=\"widget\" data-e-type=\"widget\" data-widget_type=\"heading.default\">\n\t\t\t\t<div class=\"elementor-widget-container\">\n\t\t\t\t\t<h2 class=\"elementor-heading-title elementor-size-default\">Betalningsmetoder<\/h2>\t\t\t\t<\/div>\n\t\t\t\t<\/div>\n\t\t\t\t<div class=\"elementor-element elementor-element-538190e elementor-widget elementor-widget-text-editor\" data-id=\"538190e\" data-element_type=\"widget\" data-e-type=\"widget\" data-widget_type=\"text-editor.default\">\n\t\t\t\t<div class=\"elementor-widget-container\">\n\t\t\t\t\t\t\t\t\t<p>N\u00e4r n\u00e5gon vill g\u00f6ra en bokning med hj\u00e4lp av kontaktuppgifterna eller formul\u00e4ret p\u00e5 kontaktsidan p\u00e5 denna webbplats, kommer f\u00f6ljande betalningsmetoder att delas med dem p\u00e5 ett s\u00e4tt utanf\u00f6r webbplatsen:<br>&#8211; Mbway<br>&#8211; Bank\u00f6verf\u00f6ring<\/p>\n<p>N\u00e4r bokningen g\u00f6rs via partnerplattformar (och inte via denna webbplats) kan betalningshanteringen utf\u00f6ras av tredje part som valts ut av dessa plattformar, och deras integritetspolicyer och anv\u00e4ndarvillkor kommer att g\u00e4lla.<\/p>\t\t\t\t\t\t\t\t<\/div>\n\t\t\t\t<\/div>\n\t\t\t\t<div class=\"elementor-element elementor-element-38da9f8 elementor-widget elementor-widget-heading\" data-id=\"38da9f8\" data-element_type=\"widget\" data-e-type=\"widget\" data-widget_type=\"heading.default\">\n\t\t\t\t<div class=\"elementor-widget-container\">\n\t\t\t\t\t<h2 class=\"elementor-heading-title elementor-size-default\">Deposition och skadest\u00e5nd<\/h2>\t\t\t\t<\/div>\n\t\t\t\t<\/div>\n\t\t\t\t<div class=\"elementor-element elementor-element-cbf98e3 elementor-widget elementor-widget-text-editor\" data-id=\"cbf98e3\" data-element_type=\"widget\" data-e-type=\"widget\" data-widget_type=\"text-editor.default\">\n\t\t\t\t<div class=\"elementor-widget-container\">\n\t\t\t\t\t\t\t\t\t<p>Bokningen av vistelsen inneb\u00e4r en deposition p\u00e5 250 \u20ac som kommer att \u00e5terbetalas vid utcheckningen, f\u00f6rutsatt att utrymmet anv\u00e4nds v\u00e4l.<br>Endast 6 g\u00e4ster (max) \u00e4r till\u00e5tna under vistelsen i huset.<\/p>\t\t\t\t\t\t\t\t<\/div>\n\t\t\t\t<\/div>\n\t\t\t\t<div class=\"elementor-element elementor-element-a9498bb elementor-widget elementor-widget-heading\" data-id=\"a9498bb\" data-element_type=\"widget\" data-e-type=\"widget\" data-widget_type=\"heading.default\">\n\t\t\t\t<div class=\"elementor-widget-container\">\n\t\t\t\t\t<h2 class=\"elementor-heading-title elementor-size-default\">Avbokningsregler<\/h2>\t\t\t\t<\/div>\n\t\t\t\t<\/div>\n\t\t\t\t<div class=\"elementor-element elementor-element-0db7211 elementor-widget elementor-widget-text-editor\" data-id=\"0db7211\" data-element_type=\"widget\" data-e-type=\"widget\" data-widget_type=\"text-editor.default\">\n\t\t\t\t<div class=\"elementor-widget-container\">\n\t\t\t\t\t\t\t\t\t<p>Om avbokningen sker under perioden f\u00f6re 14 dagar f\u00f6re incheckningsdatumet kan v\u00e4rdet av bokningen anv\u00e4ndas som kredit f\u00f6r en framtida bokning p\u00e5 boendet. Bokningen kan inte avbokas inom 14 dagar f\u00f6re incheckning.<\/p>\t\t\t\t\t\t\t\t<\/div>\n\t\t\t\t<\/div>\n\t\t\t\t<div class=\"elementor-element elementor-element-5e10514 elementor-widget elementor-widget-heading\" data-id=\"5e10514\" data-element_type=\"widget\" data-e-type=\"widget\" data-widget_type=\"heading.default\">\n\t\t\t\t<div class=\"elementor-widget-container\">\n\t\t\t\t\t<h2 class=\"elementor-heading-title elementor-size-default\">Skydd av personuppgifter<\/h2>\t\t\t\t<\/div>\n\t\t\t\t<\/div>\n\t\t\t\t<div class=\"elementor-element elementor-element-d589e59 elementor-widget elementor-widget-text-editor\" data-id=\"d589e59\" data-element_type=\"widget\" data-e-type=\"widget\" data-widget_type=\"text-editor.default\">\n\t\t\t\t<div class=\"elementor-widget-container\">\n\t\t\t\t\t\t\t\t\t<p>Dina uppgifter behandlas i enlighet med g\u00e4llande lagstiftning om skydd av personuppgifter. <br>F\u00f6r att f\u00e5 veta mer\/l\u00e4sa integritetspolicyn <a href=\"https:\/\/retirodegondramaz.pt\/sv\/integritetspolicy\/\" target=\"_blank\" rel=\"noopener\">klicka h\u00e4r<\/a>.<br>F\u00f6r att f\u00e5 veta mer\/l\u00e4sa cookiepolicyn <a href=\"https:\/\/retirodegondramaz.pt\/sv\/policy-for-cookies\/\" target=\"_blank\" rel=\"noopener\">klicka h\u00e4r.<\/a><br><br><\/p>\t\t\t\t\t\t\t\t<\/div>\n\t\t\t\t<\/div>\n\t\t\t\t\t<\/div>\n\t\t\t\t<\/div>\n\t\t\t\t<\/div>\n\t\t","protected":false},"excerpt":{"rendered":"<p>Inledning V\u00e4lkommen till webbplatsen f\u00f6r Retiro de Gondramaz som har lokal bostadsregistrering: 72178\/AL . V\u00e4nligen l\u00e4s igenom dessa villkor innan du g\u00f6r din bokning. Genom att g\u00f6ra en bokning eller anv\u00e4nda v\u00e5ra tj\u00e4nster samtycker du till dessa villkor och till v\u00e5r integritetspolicy och cookiepolicy (l\u00e4nkad nedan). Tj\u00e4nsteleverant\u00f6r Retiro de Gondramaz drivs av Jo\u00e3o Val\u00e9rio de [&hellip;]<\/p>\n","protected":false},"author":1,"featured_media":0,"parent":0,"menu_order":0,"comment_status":"closed","ping_status":"closed","template":"","meta":{"inline_featured_image":false,"footnotes":""},"class_list":["post-5718","page","type-page","status-publish","hentry"],"_links":{"self":[{"href":"https:\/\/retirodegondramaz.pt\/sv\/wp-json\/wp\/v2\/pages\/5718","targetHints":{"allow":["GET"]}}],"collection":[{"href":"https:\/\/retirodegondramaz.pt\/sv\/wp-json\/wp\/v2\/pages"}],"about":[{"href":"https:\/\/retirodegondramaz.pt\/sv\/wp-json\/wp\/v2\/types\/page"}],"author":[{"embeddable":true,"href":"https:\/\/retirodegondramaz.pt\/sv\/wp-json\/wp\/v2\/users\/1"}],"replies":[{"embeddable":true,"href":"https:\/\/retirodegondramaz.pt\/sv\/wp-json\/wp\/v2\/comments?post=5718"}],"version-history":[{"count":3,"href":"https:\/\/retirodegondramaz.pt\/sv\/wp-json\/wp\/v2\/pages\/5718\/revisions"}],"predecessor-version":[{"id":5783,"href":"https:\/\/retirodegondramaz.pt\/sv\/wp-json\/wp\/v2\/pages\/5718\/revisions\/5783"}],"wp:attachment":[{"href":"https:\/\/retirodegondramaz.pt\/sv\/wp-json\/wp\/v2\/media?parent=5718"}],"curies":[{"name":"wp","href":"https:\/\/api.w.org\/{rel}","templated":true}]}}