{"id":5751,"date":"2026-02-02T19:58:11","date_gmt":"2026-02-02T19:58:11","guid":{"rendered":"https:\/\/retirodegondramaz.pt\/policy-for-cookies\/"},"modified":"2026-04-17T08:34:27","modified_gmt":"2026-04-17T08:34:27","slug":"policy-for-cookies","status":"publish","type":"page","link":"https:\/\/retirodegondramaz.pt\/sv\/policy-for-cookies\/","title":{"rendered":"Policy f\u00f6r cookies"},"content":{"rendered":"\t\t<div data-elementor-type=\"wp-page\" data-elementor-id=\"5751\" class=\"elementor elementor-5751 elementor-5400\" data-elementor-post-type=\"page\">\n\t\t\t\t<div class=\"elementor-element elementor-element-695f1c2 e-con-full e-flex e-con e-parent\" data-id=\"695f1c2\" data-element_type=\"container\" data-e-type=\"container\">\n\t\t\t\t<div class=\"elementor-element elementor-element-6c9f204 elementor-widget elementor-widget-template\" data-id=\"6c9f204\" data-element_type=\"widget\" data-e-type=\"widget\" data-widget_type=\"template.default\">\n\t\t\t\t<div class=\"elementor-widget-container\">\n\t\t\t\t\t\t\t<div class=\"elementor-template\">\n\t\t\t\t\t<div data-elementor-type=\"container\" data-elementor-id=\"5347\" class=\"elementor elementor-5347\" data-elementor-post-type=\"elementor_library\">\n\t\t\t\t<div class=\"elementor-element elementor-element-581f22ab e-flex e-con-boxed e-con e-parent\" data-id=\"581f22ab\" data-element_type=\"container\" data-e-type=\"container\" data-settings=\"{&quot;background_background&quot;:&quot;classic&quot;}\">\n\t\t\t\t\t<div class=\"e-con-inner\">\n\t\t<div class=\"elementor-element elementor-element-5ca40de e-con-full e-flex e-con e-child\" data-id=\"5ca40de\" data-element_type=\"container\" data-e-type=\"container\">\n\t\t\t\t<div class=\"elementor-element elementor-element-72769c51 elementor-widget elementor-widget-heading\" data-id=\"72769c51\" data-element_type=\"widget\" data-e-type=\"widget\" data-widget_type=\"heading.default\">\n\t\t\t\t<div class=\"elementor-widget-container\">\n\t\t\t\t\t<h2 class=\"elementor-heading-title elementor-size-default\">Policy f\u00f6r cookies<\/h2>\t\t\t\t<\/div>\n\t\t\t\t<\/div>\n\t\t\t\t<div class=\"elementor-element elementor-element-3249376f elementor-widget elementor-widget-heading\" data-id=\"3249376f\" data-element_type=\"widget\" data-e-type=\"widget\" data-widget_type=\"heading.default\">\n\t\t\t\t<div class=\"elementor-widget-container\">\n\t\t\t\t\t<h6 class=\"elementor-heading-title elementor-size-default\">\u00faltima actualiza\u00e7\u00e3o em 2026-02-11<\/h6>\t\t\t\t<\/div>\n\t\t\t\t<\/div>\n\t\t\t\t<\/div>\n\t\t\t\t\t<\/div>\n\t\t\t\t<\/div>\n\t\t\t\t<\/div>\n\t\t\t\t<\/div>\n\t\t\t\t\t\t<\/div>\n\t\t\t\t<\/div>\n\t\t\t\t<\/div>\n\t\t<div class=\"elementor-element elementor-element-b89085e e-flex e-con-boxed e-con e-parent\" data-id=\"b89085e\" data-element_type=\"container\" data-e-type=\"container\">\n\t\t\t\t\t<div class=\"e-con-inner\">\n\t\t\t\t<div class=\"elementor-element elementor-element-227ebac elementor-widget elementor-widget-html\" data-id=\"227ebac\" data-element_type=\"widget\" data-e-type=\"widget\" data-widget_type=\"html.default\">\n\t\t\t\t<div class=\"elementor-widget-container\">\n\t\t\t\t\t<!-- Start CookieYes cookie policy -->\r\n<style>\r\n  a.cky-banner-element {\r\n    padding: 8px 30px;\r\n    background: #f8f9fa;\r\n    color: #696969;\r\n    border: 1px solid #dee2e6;\r\n    box-sizing: border-box;\r\n    border-radius: 2px;\r\n    cursor: pointer\r\n  }\r\n  \r\n  .cky-audit-table-element,.cookie-policy-p{font-weight:400;color:#696969;font-family:Old Standard TT;font-size:20px;line-height:1.8;}\r\n  \r\n<\/style>\r\n\r\n<h3>Vad \u00e4r cookies?<\/h3>\r\n<div class=\"cookie-policy-p\">\r\n  <p>Denna cookiepolicy f\u00f6rklarar vad cookies \u00e4r, hur vi anv\u00e4nder dem, vilka typer av cookies vi anv\u00e4nder (t.ex. vilken information vi samlar in n\u00e4r vi anv\u00e4nder cookies och hur den informationen anv\u00e4nds) och hur du hanterar dina cookieinst\u00e4llningar.<\/p>\r\n  <p>Cookies \u00e4r sm\u00e5 textfiler som anv\u00e4nds f\u00f6r att lagra viss information. De lagras p\u00e5 din enhet n\u00e4r en webbplats laddas i din webbl\u00e4sare. Dessa cookies hj\u00e4lper till att s\u00e4kerst\u00e4lla att webbplatsen fungerar korrekt, f\u00f6rb\u00e4ttra s\u00e4kerheten, erbjuda en b\u00e4ttre anv\u00e4ndarupplevelse och analysera prestanda f\u00f6r att identifiera vad som fungerar korrekt och vad som beh\u00f6ver f\u00f6rb\u00e4ttras.<\/p>\r\n<\/div>&nbsp;<h3>Hur anv\u00e4nder vi cookies?<\/h3>\r\n<div class=\"cookie-policy-p\">\r\n  <p>Som de flesta onlinetj\u00e4nster anv\u00e4nder v\u00e5r webbplats egna cookies och cookies fr\u00e5n tredje part f\u00f6r olika \u00e4ndam\u00e5l. Egna cookies \u00e4r n\u00f6dv\u00e4ndiga f\u00f6r att webbplatsen ska fungera korrekt och samlar inte in n\u00e5gra personligt identifierbara uppgifter.<\/p>\r\n  <p>De tredjepartscookies som anv\u00e4nds p\u00e5 v\u00e5r webbplats hj\u00e4lper oss fr\u00e4mst att f\u00f6rst\u00e5 hur den svarar; sp\u00e5ra hur du interagerar med den; skydda v\u00e5ra tj\u00e4nster; erbjuda reklam som \u00e4r av intresse f\u00f6r dig; och f\u00f6rb\u00e4ttra din anv\u00e4ndarupplevelse i allm\u00e4nhet, samtidigt som vi optimerar hastigheten f\u00f6r dina efterf\u00f6ljande interaktioner p\u00e5 v\u00e5r webbplats.<\/p>\r\n<\/div>&nbsp;<h2>Typer av cookies som vi anv\u00e4nder<\/h2>\r\n<div class=\"cky-audit-table-element\"><\/div>&nbsp;<h2 style=\"margin-bottom: 20px\">Hantera cookiepreferenser<\/h2><a class=\"cky-banner-element\">Preferenser f\u00f6r samtycke<\/a><br><br><div>\r\n  <p style=\"font-weight:400;color:#696969;font-family:Old Standard TT;font-size:20px;line-height:1.8;\">Du kan \u00e4ndra dina cookie-inst\u00e4llningar n\u00e4r som helst genom att klicka p\u00e5 knappen Consent preferences h\u00f6gst upp. Detta alternativ g\u00f6r att du kan \u00e5terbes\u00f6ka bannern f\u00f6r samtycke till cookies och uppdatera dina inst\u00e4llningar eller dra tillbaka ditt samtycke omedelbart.<\/p>\r\n  <p style=\"font-weight:400;color:#696969;font-family:Old Standard TT;font-size:20px;line-height:1.8;\">Dessutom erbjuder olika webbl\u00e4sare olika metoder f\u00f6r att blockera och radera cookies som anv\u00e4nds av webbplatser. Du kan \u00e4ndra inst\u00e4llningarna i din webbl\u00e4sare f\u00f6r att blockera eller radera cookies. Nedan hittar du l\u00e4nkar till hj\u00e4lpdokument om hur du hanterar och tar bort cookies i de viktigaste webbl\u00e4sarna.<\/p>\r\n  <p>Chrome: <a target=\"_blank\" rel=\"noopener noreferrer\" href=\"https:\/\/support.google.com\/accounts\/answer\/32050\">https:\/\/support.google.com\/accounts\/answer\/32050<\/a><\/p>\r\n  <p>Safari: <a target=\"_blank\" rel=\"noopener noreferrer\" href=\"https:\/\/support.apple.com\/en-in\/guide\/safari\/sfri11471\/mac\">https:\/\/support.apple.com\/en-in\/guide\/safari\/sfri11471\/mac<\/a><\/p>\r\n  <p>Firefox: <a target=\"_blank\" rel=\"noopener noreferrer\" href=\"https:\/\/support.mozilla.org\/en-US\/kb\/clear-cookies-and-site-data-firefox?redirectslug=delete-cookies-remove-info-websites-stored&amp;redirectlocale=en-US\">https:\/\/support.mozilla.org\/en-US\/kb\/clear-cookies-and-site-data-firefox?redirectslug=delete-cookies-remove-info-websites-stored&amp;redirectlocale=en-US<\/a><\/p>\r\n  <p>Internet Explorer: <a target=\"_blank\" rel=\"noopener noreferrer\" href=\"https:\/\/support.microsoft.com\/en-us\/topic\/how-to-delete-cookie-files-in-internet-explorer-bca9446f-d873-78de-77ba-d42645fa52fc\">https:\/\/support.microsoft.com\/en-us\/topic\/how-to-delete-cookie-files-in-internet-explorer-bca9446f-d873-78de-77ba-d42645fa52fc<\/a><\/p>\r\n  <p style=\"font-weight:400;color:#696969;font-family:Old Standard TT;font-size:20px;line-height:1.8;\">Om du anv\u00e4nder en annan webbl\u00e4sare, v\u00e4nligen se dess officiella hj\u00e4lpdokumentation.<\/p>\r\n<\/div>&nbsp;<p class=\"cookie-policy-p\">  CookieYes har genererat denna cookiepolicy <a target=\"_blank\" rel=\"noopener noreferrer\" href=\"https:\/\/www.cookieyes.com\/?utm_source=CP&amp;utm_medium=footer&amp;utm_campaign=UW\">- generator f\u00f6r cookiepolicy<\/a><\/p>\r\n<!-- End CookieYes cookie policy -->\t\t\t\t<\/div>\n\t\t\t\t<\/div>\n\t\t\t\t\t<\/div>\n\t\t\t\t<\/div>\n\t\t\t\t<\/div>\n\t\t","protected":false},"excerpt":{"rendered":"<p>Vad \u00e4r cookies? Denna cookiepolicy f\u00f6rklarar vad cookies \u00e4r, hur vi anv\u00e4nder dem, vilka typer av cookies vi anv\u00e4nder (t.ex. vilken information vi samlar in n\u00e4r vi anv\u00e4nder cookies och hur den informationen anv\u00e4nds) och hur du hanterar dina cookieinst\u00e4llningar. Cookies \u00e4r sm\u00e5 textfiler som anv\u00e4nds f\u00f6r att lagra viss information. De lagras p\u00e5 din [&hellip;]<\/p>\n","protected":false},"author":1,"featured_media":0,"parent":0,"menu_order":0,"comment_status":"closed","ping_status":"closed","template":"","meta":{"inline_featured_image":false,"footnotes":""},"class_list":["post-5751","page","type-page","status-publish","hentry"],"_links":{"self":[{"href":"https:\/\/retirodegondramaz.pt\/sv\/wp-json\/wp\/v2\/pages\/5751","targetHints":{"allow":["GET"]}}],"collection":[{"href":"https:\/\/retirodegondramaz.pt\/sv\/wp-json\/wp\/v2\/pages"}],"about":[{"href":"https:\/\/retirodegondramaz.pt\/sv\/wp-json\/wp\/v2\/types\/page"}],"author":[{"embeddable":true,"href":"https:\/\/retirodegondramaz.pt\/sv\/wp-json\/wp\/v2\/users\/1"}],"replies":[{"embeddable":true,"href":"https:\/\/retirodegondramaz.pt\/sv\/wp-json\/wp\/v2\/comments?post=5751"}],"version-history":[{"count":1,"href":"https:\/\/retirodegondramaz.pt\/sv\/wp-json\/wp\/v2\/pages\/5751\/revisions"}],"predecessor-version":[{"id":5752,"href":"https:\/\/retirodegondramaz.pt\/sv\/wp-json\/wp\/v2\/pages\/5751\/revisions\/5752"}],"wp:attachment":[{"href":"https:\/\/retirodegondramaz.pt\/sv\/wp-json\/wp\/v2\/media?parent=5751"}],"curies":[{"name":"wp","href":"https:\/\/api.w.org\/{rel}","templated":true}]}}